{"id":1147,"date":"2025-11-11T05:09:04","date_gmt":"2025-11-11T05:09:04","guid":{"rendered":"https:\/\/demo3.361sale.com\/?post_type=product&#038;p=1147"},"modified":"2026-03-25T08:21:34","modified_gmt":"2026-03-25T08:21:34","slug":"male-chastity-belt-discreet-chastity-underwear-multiple-accessories-adjustable-waist-strap-restraint-toolsblue","status":"publish","type":"product","link":"https:\/\/www.rupipichastity.com\/de\/produkt\/male-chastity-belt-discreet-chastity-underwear-multiple-accessories-adjustable-waist-strap-restraint-toolsblue","title":{"rendered":"M\u00e4nnlicher Keuschheitsg\u00fcrtel, diskrete Keuschheitsunterw\u00e4sche, vielf\u00e4ltiges Zubeh\u00f6r, verstellbarer Taillengurt, Fesselungswerkzeuge (blau)"},"content":{"rendered":"<ul class=\"a-unordered-list a-vertical a-spacing-mini\" style=\"box-sizing: border-box; margin: 0px 0px 0px 18px; color: #0f1111; padding: 0px; font-family: 'Amazon Ember', Arial, sans-serif; font-size: 14px; background-color: #ffffff;\">\n<li><strong>\u3010Mehreres Zubeh\u00f6r\u3011\uff1a<\/strong>Jede Packung enth\u00e4lt einen Dildo, einen Analst\u00f6psel aus Edelstahl, eine Abfall\u00f6ffnung und ein Schloss und bietet so mehr Spielm\u00f6glichkeiten und gr\u00f6\u00dfere Erregung. Wenn Sie an traditionelle Keuschheitsk\u00e4fige gew\u00f6hnt sind, kann auch ein Keuschheitsg\u00fcrtel eine gute Wahl sein.<\/li>\n<li><strong>\u3010Diskrete Keuschheitsunterw\u00e4sche\u3011\uff1a<\/strong>Das Design dieses Keuschheitsg\u00fcrtels sorgt daf\u00fcr, dass er unter normaler Kleidung nicht zu sehen ist. Er bietet Ihnen ein hohes Ma\u00df an Privatsph\u00e4re und erm\u00f6glicht es Ihnen, ihn selbstbewusst im Alltag zu tragen. Er gibt Ihnen den ganzen Tag lang Halt.<\/li>\n<li><strong>\u3010Verstellbarer H\u00fcftgurt\u3011\uff1a<\/strong>Der Bund ist verstellbar, in den Gr\u00f6\u00dfen Small und Large erh\u00e4ltlich und f\u00fcr alle K\u00f6rpertypen geeignet, aber er ist wirklich bequem und sicher, sobald er fest sitzt.<\/li>\n<li><strong>\u3010Vielseitiges Design\u3011\uff1a<\/strong>Wenn Sie es vorziehen, keinen Dildo zu verwenden, verf\u00fcgt dieses Produkt \u00fcber ein Loch, das f\u00fcr Analspiele verwendet werden kann, um das Vergn\u00fcgen zu steigern. Es ist aus rostfreiem Stahl f\u00fcr eine lange Nutzungsdauer hergestellt. Alle Komponenten sind hautfreundlich und v\u00f6llig sicher f\u00fcr den Penis Ihres Partners.<\/li>\n<li><strong>\u3010Neutrales Paket\u3011\uff1a<\/strong>Es wird in einer neutralen Verpackung ohne Markenzeichen geliefert, um die vollst\u00e4ndige Diskretion des Inhalts bei der Lieferung zu gew\u00e4hrleisten.<\/li>\n<li><strong>FAQ:<\/strong><\/li>\n<li><strong>Wie dieses Produkt zu reinigen ist:<\/strong>Reinigen Sie es vor und nach dem Gebrauch mit warmem Wasser und milder Seife, um Schmutz und Verunreinigungen von der Oberfl\u00e4che zu entfernen. Wenn Sie ihn nicht benutzen, halten Sie ihn trocken und lagern Sie ihn bei Raumtemperatur.<\/li>\n<\/ul>","protected":false},"excerpt":{"rendered":"<p>Dieses Produkt zeichnet sich durch ein ergonomisches Design mit verstellbarer Taille und eine neutrale Farbe aus. Beim t\u00e4glichen Tragen ist es sowohl unauff\u00e4llig und bequem als auch sicher und zuverl\u00e4ssig.<\/p>","protected":false},"featured_media":1150,"comment_status":"open","ping_status":"closed","template":"","meta":{"_joinchat":[]},"product_brand":[],"product_cat":[32],"product_tag":[],"class_list":{"0":"post-1147","1":"product","2":"type-product","3":"status-publish","4":"has-post-thumbnail","6":"product_cat-male-chastity-belt","7":"product_shipping_class-exemption-from-postage","9":"first","10":"instock","11":"sale","12":"shipping-taxable","13":"purchasable","14":"product-type-variable","15":"has-default-attributes"},"_links":{"self":[{"href":"https:\/\/www.rupipichastity.com\/de\/wp-json\/wp\/v2\/product\/1147","targetHints":{"allow":["GET"]}}],"collection":[{"href":"https:\/\/www.rupipichastity.com\/de\/wp-json\/wp\/v2\/product"}],"about":[{"href":"https:\/\/www.rupipichastity.com\/de\/wp-json\/wp\/v2\/types\/product"}],"replies":[{"embeddable":true,"href":"https:\/\/www.rupipichastity.com\/de\/wp-json\/wp\/v2\/comments?post=1147"}],"wp:featuredmedia":[{"embeddable":true,"href":"https:\/\/www.rupipichastity.com\/de\/wp-json\/wp\/v2\/media\/1150"}],"wp:attachment":[{"href":"https:\/\/www.rupipichastity.com\/de\/wp-json\/wp\/v2\/media?parent=1147"}],"wp:term":[{"taxonomy":"product_brand","embeddable":true,"href":"https:\/\/www.rupipichastity.com\/de\/wp-json\/wp\/v2\/product_brand?post=1147"},{"taxonomy":"product_cat","embeddable":true,"href":"https:\/\/www.rupipichastity.com\/de\/wp-json\/wp\/v2\/product_cat?post=1147"},{"taxonomy":"product_tag","embeddable":true,"href":"https:\/\/www.rupipichastity.com\/de\/wp-json\/wp\/v2\/product_tag?post=1147"}],"curies":[{"name":"wp","href":"https:\/\/api.w.org\/{rel}","templated":true}]}}