{"id":1226,"date":"2025-11-12T02:42:03","date_gmt":"2025-11-12T02:42:03","guid":{"rendered":"https:\/\/demo3.361sale.com\/?post_type=product&#038;p=1226"},"modified":"2026-03-24T02:50:27","modified_gmt":"2026-03-24T02:50:27","slug":"3d-printed-resin-male-chastity-cage-6-sizing-rings-adult-toycomfortable-breathable%ef%bc%88transparent%ef%bc%89-2","status":"publish","type":"product","link":"https:\/\/www.rupipichastity.com\/de\/produkt\/3d-printed-resin-male-chastity-cage-6-sizing-rings-adult-toycomfortable-breathable%ef%bc%88transparent%ef%bc%89-2","title":{"rendered":"3D gedruckt Harz m\u00e4nnlich Keuschheit K\u00e4fig, 6 Gr\u00f6\u00dfen Ringe, Erwachsene Spielzeug, bequem und atmungsaktiv\uff08transparent\uff09"},"content":{"rendered":"<ul class=\"a-unordered-list a-vertical a-spacing-mini\" style=\"box-sizing: border-box; margin: 0px 0px 0px 18px; color: #0f1111; padding: 0px; font-family: 'Amazon Ember', Arial, sans-serif; font-size: 14px; background-color: #ffffff;\">\n<li><strong>\u3010Resin Male Chastity Cage\u3011\uff1a<\/strong>Dieser Keuschheitsk\u00e4fig wird mit Harz 3D-gedruckt und ist robust und langlebig. Er ist handpoliert, um eine glatte Oberfl\u00e4che zu gew\u00e4hrleisten, und die 3D-Drucktechnologie sorgt f\u00fcr eine perfekte Passform. Wenn Sie den K\u00e4fig tragen, werden Sie eine deutliche Fesselung sp\u00fcren, die Ihnen psychologische Befriedigung verschafft.<\/li>\n<li><strong>\u3010Komfortabel &amp; Atmungsaktiv\u3011\uff1a<\/strong>Dieser Keuschheitsk\u00e4fig verf\u00fcgt \u00fcber ein spezielles Urinierloch, das ein nat\u00fcrliches Urinieren w\u00e4hrend des Tragens erm\u00f6glicht und ein h\u00e4ufiges Ausziehen \u00fcberfl\u00fcssig macht; sein hohles Design verbessert die Luftzirkulation, um die Trockenheit zu erhalten und das Bakterienwachstum zu hemmen, besonders bei hei\u00dfem Wetter.<\/li>\n<li><strong>\u3010Vielf\u00e4ltiges Zubeh\u00f6r\u3011\uff1a<\/strong>Kommt mit einem Messingschloss, drei Einwegschl\u00f6ssern und einem Katheter, der alle Spielarten befriedigt, die du willst.<\/li>\n<li><strong>\u30106 Lehren Ringe\u3011\uff1a<\/strong>Dieser Keuschheitsk\u00e4fig wird mit 6 unterschiedlich gro\u00dfen Ringen und einem G\u00fcrtel geliefert, so dass er f\u00fcr alle K\u00f6rpertypen geeignet ist.<\/li>\n<li><strong>\u3010Wichtiger Hinweis\u3011\uff1a<\/strong>Lesen Sie die Gr\u00f6\u00dfentabelle sorgf\u00e4ltig durch, bevor Sie Ihre Bestellung aufgeben.<\/li>\n<li><strong>\u00a0 \u00a0 \u3010FAQ\u3011<\/strong><\/li>\n<li><strong><strong>Wie man den Keuschheitsg\u00fcrtel anlegt\uff1a<\/strong><\/strong>Nach der Reinigung des Intimbereichs w\u00e4hlen Sie einen geeigneten Ring, um die Wurzel zu befestigen, legen Sie die Genitalien in den K\u00e4fig, richten Sie die Schnallen aus, um sie zu schlie\u00dfen, und stellen Sie sie so ein, dass sie bequem sind, ohne zu eng zu sein.<\/li>\n<li><strong><strong>Reinigung und Pflege:<\/strong><\/strong>Vor und nach dem Tragen reinigen und desinfizieren: mit warmem Wasser und neutralem Reinigungsmittel waschen, mit alkoholhaltigen Wattepads desinfizieren und an der Luft trocknen lassen; hohe Temperaturen und scharfe Gegenst\u00e4nde vermeiden, Metallschl\u00f6sser vor Rost sch\u00fctzen und bei Nichtgebrauch verschlossen aufbewahren.<\/li>\n<\/ul>","protected":false},"excerpt":{"rendered":"<p>Holen Sie sich den transparenten Keuschheitsk\u00e4fig f\u00fcr M\u00e4nner. Mit 6 Penisringen und einem sicheren Verschluss. Perfekt f\u00fcr BDSM und langanhaltendes Tragen.<\/p>","protected":false},"featured_media":3121,"comment_status":"open","ping_status":"closed","template":"","meta":{"_joinchat":[]},"product_brand":[],"product_cat":[34],"product_tag":[],"class_list":{"0":"post-1226","1":"product","2":"type-product","3":"status-publish","4":"has-post-thumbnail","6":"product_cat-mini-cage","7":"product_shipping_class-exemption-from-postage","9":"first","10":"instock","11":"sale","12":"shipping-taxable","13":"purchasable","14":"product-type-variable"},"_links":{"self":[{"href":"https:\/\/www.rupipichastity.com\/de\/wp-json\/wp\/v2\/product\/1226","targetHints":{"allow":["GET"]}}],"collection":[{"href":"https:\/\/www.rupipichastity.com\/de\/wp-json\/wp\/v2\/product"}],"about":[{"href":"https:\/\/www.rupipichastity.com\/de\/wp-json\/wp\/v2\/types\/product"}],"replies":[{"embeddable":true,"href":"https:\/\/www.rupipichastity.com\/de\/wp-json\/wp\/v2\/comments?post=1226"}],"wp:featuredmedia":[{"embeddable":true,"href":"https:\/\/www.rupipichastity.com\/de\/wp-json\/wp\/v2\/media\/3121"}],"wp:attachment":[{"href":"https:\/\/www.rupipichastity.com\/de\/wp-json\/wp\/v2\/media?parent=1226"}],"wp:term":[{"taxonomy":"product_brand","embeddable":true,"href":"https:\/\/www.rupipichastity.com\/de\/wp-json\/wp\/v2\/product_brand?post=1226"},{"taxonomy":"product_cat","embeddable":true,"href":"https:\/\/www.rupipichastity.com\/de\/wp-json\/wp\/v2\/product_cat?post=1226"},{"taxonomy":"product_tag","embeddable":true,"href":"https:\/\/www.rupipichastity.com\/de\/wp-json\/wp\/v2\/product_tag?post=1226"}],"curies":[{"name":"wp","href":"https:\/\/api.w.org\/{rel}","templated":true}]}}