{"id":1268,"date":"2025-11-12T05:55:13","date_gmt":"2025-11-12T05:55:13","guid":{"rendered":"https:\/\/demo3.361sale.com\/?post_type=product&#038;p=1268"},"modified":"2026-03-23T09:55:09","modified_gmt":"2026-03-23T09:55:09","slug":"3d-printed-resin-male-chastity-cagebreathable-comfortable-6-sizing-rings-adult-toy%ef%bc%88pink-transparent%ef%bc%89","status":"publish","type":"product","link":"https:\/\/www.rupipichastity.com\/de\/produkt\/3d-printed-resin-male-chastity-cagebreathable-comfortable-6-sizing-rings-adult-toy%ef%bc%88pink-transparent%ef%bc%89","title":{"rendered":"3D gedruckt Harz m\u00e4nnliche Keuschheit K\u00e4fig, atmungsaktiv und bequem, 6 Gr\u00f6\u00dfen Ringe, Erwachsene Spielzeug rosa und transparent."},"content":{"rendered":"<ul class=\"a-unordered-list a-vertical a-spacing-mini\" style=\"box-sizing: border-box; margin: 0px 0px 0px 18px; color: #0f1111; padding: 0px; font-family: 'Amazon Ember', Arial, sans-serif; font-size: 14px; background-color: #ffffff;\">\n<li><strong>\u3010Resin Male Chastity Cage\u3011\uff1a<\/strong>Dieser Keuschheitsk\u00e4fig wird mit Harz 3D-gedruckt und ist robust und langlebig. Er ist handpoliert, um eine glatte Oberfl\u00e4che zu gew\u00e4hrleisten, und die 3D-Drucktechnologie sorgt f\u00fcr eine perfekte Passform. Wenn Sie den K\u00e4fig tragen, werden Sie eine deutliche Fesselung sp\u00fcren, die Ihnen psychologische Befriedigung verschafft.<\/li>\n<li><strong>\u3010Atmungsaktiv &amp; Komfortabel\u3011\uff1a<\/strong>Dieser Keuschheitsk\u00e4fig verf\u00fcgt \u00fcber ein spezielles Urinierloch, das ein nat\u00fcrliches Urinieren w\u00e4hrend des Tragens erm\u00f6glicht und ein h\u00e4ufiges Ausziehen \u00fcberfl\u00fcssig macht; sein hohles Design verbessert die Luftzirkulation, um die Trockenheit zu erhalten und das Bakterienwachstum zu hemmen, besonders bei hei\u00dfem Wetter.<\/li>\n<li><strong>\u3010Vielf\u00e4ltiges Zubeh\u00f6r\u3011\uff1a<\/strong>Kommt mit einem Messingschloss, drei Einwegschl\u00f6ssern und einem Katheter, der alle Spielarten befriedigt, die du willst.<\/li>\n<li><strong>\u30106 Lehren Ringe\u3011\uff1a<\/strong>Der Keuschheitsk\u00e4fig wird mit sechs verschiedenen Ringgr\u00f6\u00dfen und einem G\u00fcrtel geliefert, der zu einer Vielzahl von K\u00f6rpertypen passt.<\/li>\n<li><strong>\u3010Wichtiger Hinweis\u3011\uff1a<\/strong>Lesen Sie die Gr\u00f6\u00dfentabelle sorgf\u00e4ltig durch, bevor Sie Ihre Bestellung aufgeben.<\/li>\n<li><strong>\u00a0 \u3010FAQ\u3011<\/strong><\/li>\n<li><strong><strong>Hat ein Keuschheitsk\u00e4fig Auswirkungen auf eine Partnerbeziehung\uff1a<\/strong><\/strong>Ein Keuschheitsk\u00e4fig kann sich tiefgreifend auf eine Beziehung auswirken. Bei gegenseitigem Einverst\u00e4ndnis und Vertrauen kann er die Intimit\u00e4t verbessern, die Vorfreude steigern und die Dynamik des Machtaustauschs vertiefen.<\/li>\n<li><strong><strong>Reinigung und Pflege:<\/strong><\/strong>Reinigen und desinfizieren Sie das Produkt vor und nach dem Tragen: Sp\u00fclen Sie es mit warmem Wasser und neutralem Reinigungsmittel ab, desinfizieren Sie es mit alkoholhaltigen Wattepads und lassen Sie es gr\u00fcndlich an der Luft trocknen. Vermeiden Sie gro\u00dfe Hitze und scharfe Gegenst\u00e4nde, um Rost an den Metallschl\u00f6ssern zu vermeiden, und versiegeln Sie es f\u00fcr die Lagerung, wenn es nicht mehr gebraucht wird.<\/li>\n<li><strong><strong>Wie man den Keuschheitsg\u00fcrtel anlegt\uff1a<\/strong><\/strong>Beginnen Sie mit der Reinigung des Genitalbereichs. W\u00e4hlen Sie einen Basisring in der richtigen Gr\u00f6\u00dfe und befestigen Sie ihn um die Wurzel. Nachdem Sie Ihre Genitalien vorsichtig in den K\u00e4fig gef\u00fchrt haben, richten Sie das Verschlusssystem aus und ziehen es fest an. Stellen Sie den Verschluss so ein, dass er fest, aber bequem sitzt, damit er nicht zu fest angezogen wird.<\/li>\n<\/ul>","protected":false},"excerpt":{"rendered":"<p>Entdecken Sie einen rosa &amp; transparenten Keuschheitsk\u00e4fig f\u00fcr M\u00e4nner. Ausgestattet mit 6 verstellbaren Penisringen f\u00fcr sichere Kontrolle. Kaufen Sie jetzt bei Rupipichastity f\u00fcr Komfort und Sicherheit!<\/p>","protected":false},"featured_media":3126,"comment_status":"open","ping_status":"closed","template":"","meta":{"_joinchat":[]},"product_brand":[],"product_cat":[34],"product_tag":[],"class_list":{"0":"post-1268","1":"product","2":"type-product","3":"status-publish","4":"has-post-thumbnail","6":"product_cat-mini-cage","7":"product_shipping_class-exemption-from-postage","9":"first","10":"instock","11":"sale","12":"shipping-taxable","13":"purchasable","14":"product-type-variable"},"_links":{"self":[{"href":"https:\/\/www.rupipichastity.com\/de\/wp-json\/wp\/v2\/product\/1268","targetHints":{"allow":["GET"]}}],"collection":[{"href":"https:\/\/www.rupipichastity.com\/de\/wp-json\/wp\/v2\/product"}],"about":[{"href":"https:\/\/www.rupipichastity.com\/de\/wp-json\/wp\/v2\/types\/product"}],"replies":[{"embeddable":true,"href":"https:\/\/www.rupipichastity.com\/de\/wp-json\/wp\/v2\/comments?post=1268"}],"wp:featuredmedia":[{"embeddable":true,"href":"https:\/\/www.rupipichastity.com\/de\/wp-json\/wp\/v2\/media\/3126"}],"wp:attachment":[{"href":"https:\/\/www.rupipichastity.com\/de\/wp-json\/wp\/v2\/media?parent=1268"}],"wp:term":[{"taxonomy":"product_brand","embeddable":true,"href":"https:\/\/www.rupipichastity.com\/de\/wp-json\/wp\/v2\/product_brand?post=1268"},{"taxonomy":"product_cat","embeddable":true,"href":"https:\/\/www.rupipichastity.com\/de\/wp-json\/wp\/v2\/product_cat?post=1268"},{"taxonomy":"product_tag","embeddable":true,"href":"https:\/\/www.rupipichastity.com\/de\/wp-json\/wp\/v2\/product_tag?post=1268"}],"curies":[{"name":"wp","href":"https:\/\/api.w.org\/{rel}","templated":true}]}}