{"id":1443,"date":"2025-11-12T09:00:23","date_gmt":"2025-11-12T09:00:23","guid":{"rendered":"https:\/\/demo3.361sale.com\/?post_type=product&#038;p=1443"},"modified":"2026-03-23T09:27:37","modified_gmt":"2026-03-23T09:27:37","slug":"adult-toy%ef%bc%8c3d-printed-resin-male-chastity-cage-4-sizing-rings-adjustable-strap-comfortable-breathable%ef%bc%88pink%ef%bc%89","status":"publish","type":"product","link":"https:\/\/www.rupipichastity.com\/de\/produkt\/adult-toy%ef%bc%8c3d-printed-resin-male-chastity-cage-4-sizing-rings-adjustable-strap-comfortable-breathable%ef%bc%88pink%ef%bc%89","title":{"rendered":"Spielzeug f\u00fcr Erwachsene, 3D gedruckter m\u00e4nnlicher Keuschheitsk\u00e4fig aus Harz, 4 Gr\u00f6\u00dfenringe und verstellbarer Riemen, bequem und atmungsaktiv\uff08Pink\uff09"},"content":{"rendered":"<ul>\n<li><strong>\u3010Resin Male Chastity Cage\u3011\uff1a<\/strong>Dieser Keuschheitsk\u00e4fig wird mit Harz 3D-gedruckt und ist robust und langlebig. Er ist handpoliert, um eine glatte Oberfl\u00e4che zu gew\u00e4hrleisten, und die 3D-Drucktechnologie sorgt f\u00fcr eine perfekte Passform. Wenn Sie den K\u00e4fig tragen, werden Sie eine deutliche Fesselung sp\u00fcren, die Ihnen psychologische Befriedigung verschafft.<\/li>\n<li><strong>\u3010Patentiertes Kunststoffschloss\u3011\uff1a<\/strong>Ausgestattet mit dem einzigen Kunststoffschloss auf dem Markt, das eine voll funktionsf\u00e4hige Verriegelung bietet, kann es die Sicherheitskontrollen passieren und unter der Dusche oder beim Schwimmen getragen werden.<\/li>\n<li><strong>\u30104 Gr\u00f6\u00dfenringe &amp; verstellbarer Riemen\u3011\uff1a<\/strong>Dieser Keuschheitsk\u00e4fig wird mit 4 unterschiedlich gro\u00dfen Ringen und einem verstellbaren Riemen geliefert, so dass er f\u00fcr alle K\u00f6rpertypen geeignet ist.<\/li>\n<li><strong>\u3010Komfortabel &amp; Atmungsaktiv\u3011\uff1a<\/strong>Dieser Keuschheitsk\u00e4fig verf\u00fcgt \u00fcber ein spezielles Urinierloch, das ein nat\u00fcrliches Urinieren w\u00e4hrend des Tragens erm\u00f6glicht und ein h\u00e4ufiges Ausziehen \u00fcberfl\u00fcssig macht; sein hohles Design verbessert die Luftzirkulation, um die Trockenheit zu erhalten und das Bakterienwachstum zu hemmen, besonders bei hei\u00dfem Wetter.<\/li>\n<li><strong>\u3010Vielf\u00e4ltiges Zubeh\u00f6r\u3011\uff1a<\/strong>Mit einem Messingschloss, einem Plastikschloss, einem G\u00fcrtel, drei Einwegschl\u00f6ssern und einem Katheter, der alle Spielarten befriedigt, die du willst.<\/li>\n<li><strong>\u3010Wichtiger Hinweis\u3011\uff1a<\/strong>Lesen Sie die Gr\u00f6\u00dfentabelle sorgf\u00e4ltig durch, bevor Sie Ihre Bestellung aufgeben.<\/li>\n<li>\u00a0 \u00a0 \u00a0<strong>\u3010FAQ\u3011<\/strong><\/li>\n<li><strong>Welche Unterschiede gibt es bei den Trageerfahrungen mit verschiedenen Keuschheitsk\u00e4figmaterialien?<\/strong>Zu den g\u00e4ngigen Materialien geh\u00f6ren TPE, Harz und Edelstahl. Sie unterscheiden sich stark in ihrer Weichheit, ihrem Gewicht, ihrer Atmungsaktivit\u00e4t und ihrem Komfort, was zu unterschiedlichen Trageerlebnissen f\u00fchrt.TPE-Material f\u00fchlt sich weich an, passt sich den K\u00f6rperkonturen perfekt an, bietet geringen Druck und passt den meisten Menschen.<\/li>\n<li><strong>Verursacht das Tragen in der Nacht schmerzhafte Erektionen oder gesundheitliche Probleme?<\/strong>N\u00e4chtliche Erektionen werden durch den Keuschheitsk\u00e4fig eingeschr\u00e4nkt und gequetscht, was zu Schmerzen und Schlafst\u00f6rungen f\u00fchrt. Langfristiges Tragen kann zu schlechter Durchblutung, Infektionen und Hautsch\u00e4den f\u00fchren. Die Verwendung \u00fcber Nacht wird nicht empfohlen. W\u00e4hlen Sie eine geeignete Passform, halten Sie sie sauber, beenden Sie die Verwendung sofort, wenn Beschwerden auftreten, und suchen Sie bei Bedarf einen Arzt auf.<\/li>\n<\/ul>\n<ul class=\"a-unordered-list a-vertical a-spacing-mini\" style=\"box-sizing: border-box; margin: 0px 0px 0px 18px; color: #0f1111; padding: 0px; font-family: 'Amazon Ember', Arial, sans-serif; font-size: 14px; background-color: #ffffff;\">\n<li class=\"a-spacing-mini\" style=\"box-sizing: border-box; list-style: disc; overflow-wrap: break-word; margin: 0px;\"><span class=\"a-list-item\" style=\"box-sizing: border-box;\"><img fetchpriority=\"high\" decoding=\"async\" class=\"alignnone size-medium wp-image-1444\" src=\"https:\/\/demo3.361sale.com\/wp-content\/uploads\/2025\/11\/1-13-300x186.jpg\" alt=\"\" width=\"300\" height=\"186\" srcset=\"https:\/\/www.rupipichastity.com\/wp-content\/uploads\/2025\/11\/1-13-300x186.jpg 300w, https:\/\/www.rupipichastity.com\/wp-content\/uploads\/2025\/11\/1-13-768x475.jpg 768w, https:\/\/www.rupipichastity.com\/wp-content\/uploads\/2025\/11\/1-13-600x371.jpg 600w, https:\/\/www.rupipichastity.com\/wp-content\/uploads\/2025\/11\/1-13.jpg 970w\" sizes=\"(max-width: 300px) 100vw, 300px\" \/><img decoding=\"async\" class=\"alignnone size-medium wp-image-1447\" src=\"https:\/\/demo3.361sale.com\/wp-content\/uploads\/2025\/11\/3-13-300x186.jpg\" alt=\"\" width=\"300\" height=\"186\" srcset=\"https:\/\/www.rupipichastity.com\/wp-content\/uploads\/2025\/11\/3-13-300x186.jpg 300w, https:\/\/www.rupipichastity.com\/wp-content\/uploads\/2025\/11\/3-13-768x475.jpg 768w, https:\/\/www.rupipichastity.com\/wp-content\/uploads\/2025\/11\/3-13-600x371.jpg 600w, https:\/\/www.rupipichastity.com\/wp-content\/uploads\/2025\/11\/3-13.jpg 970w\" sizes=\"(max-width: 300px) 100vw, 300px\" \/><img decoding=\"async\" class=\"alignnone size-medium wp-image-1446\" src=\"https:\/\/demo3.361sale.com\/wp-content\/uploads\/2025\/11\/2-14-300x186.jpg\" alt=\"\" width=\"300\" height=\"186\" srcset=\"https:\/\/www.rupipichastity.com\/wp-content\/uploads\/2025\/11\/2-14-300x186.jpg 300w, https:\/\/www.rupipichastity.com\/wp-content\/uploads\/2025\/11\/2-14-768x475.jpg 768w, https:\/\/www.rupipichastity.com\/wp-content\/uploads\/2025\/11\/2-14-600x371.jpg 600w, https:\/\/www.rupipichastity.com\/wp-content\/uploads\/2025\/11\/2-14.jpg 970w\" sizes=\"(max-width: 300px) 100vw, 300px\" \/><img loading=\"lazy\" decoding=\"async\" class=\"alignnone size-medium wp-image-1445\" src=\"https:\/\/demo3.361sale.com\/wp-content\/uploads\/2025\/11\/4-13-300x186.jpg\" alt=\"\" width=\"300\" height=\"186\" srcset=\"https:\/\/www.rupipichastity.com\/wp-content\/uploads\/2025\/11\/4-13-300x186.jpg 300w, https:\/\/www.rupipichastity.com\/wp-content\/uploads\/2025\/11\/4-13-768x475.jpg 768w, https:\/\/www.rupipichastity.com\/wp-content\/uploads\/2025\/11\/4-13-600x371.jpg 600w, https:\/\/www.rupipichastity.com\/wp-content\/uploads\/2025\/11\/4-13.jpg 970w\" sizes=\"(max-width: 300px) 100vw, 300px\" \/><\/span><\/li>\n<\/ul>","protected":false},"excerpt":{"rendered":"<p>Entdecken Sie diesen rosa 3D-gedruckten Keuschheitsk\u00e4fig f\u00fcr M\u00e4nner. Er ist bequem und leicht, mit verstellbaren Schnallen ausgestattet und ist sicher und zuverl\u00e4ssig. Auf Rupipichastity k\u00f6nnen Sie ihn jetzt kaufen!<\/p>","protected":false},"featured_media":3118,"comment_status":"open","ping_status":"closed","template":"","meta":{"_joinchat":[]},"product_brand":[],"product_cat":[34],"product_tag":[],"class_list":{"0":"post-1443","1":"product","2":"type-product","3":"status-publish","4":"has-post-thumbnail","6":"product_cat-mini-cage","7":"product_shipping_class-exemption-from-postage","9":"first","10":"instock","11":"sale","12":"shipping-taxable","13":"purchasable","14":"product-type-variable"},"_links":{"self":[{"href":"https:\/\/www.rupipichastity.com\/de\/wp-json\/wp\/v2\/product\/1443","targetHints":{"allow":["GET"]}}],"collection":[{"href":"https:\/\/www.rupipichastity.com\/de\/wp-json\/wp\/v2\/product"}],"about":[{"href":"https:\/\/www.rupipichastity.com\/de\/wp-json\/wp\/v2\/types\/product"}],"replies":[{"embeddable":true,"href":"https:\/\/www.rupipichastity.com\/de\/wp-json\/wp\/v2\/comments?post=1443"}],"wp:featuredmedia":[{"embeddable":true,"href":"https:\/\/www.rupipichastity.com\/de\/wp-json\/wp\/v2\/media\/3118"}],"wp:attachment":[{"href":"https:\/\/www.rupipichastity.com\/de\/wp-json\/wp\/v2\/media?parent=1443"}],"wp:term":[{"taxonomy":"product_brand","embeddable":true,"href":"https:\/\/www.rupipichastity.com\/de\/wp-json\/wp\/v2\/product_brand?post=1443"},{"taxonomy":"product_cat","embeddable":true,"href":"https:\/\/www.rupipichastity.com\/de\/wp-json\/wp\/v2\/product_cat?post=1443"},{"taxonomy":"product_tag","embeddable":true,"href":"https:\/\/www.rupipichastity.com\/de\/wp-json\/wp\/v2\/product_tag?post=1443"}],"curies":[{"name":"wp","href":"https:\/\/api.w.org\/{rel}","templated":true}]}}