{"id":1461,"date":"2025-11-12T09:50:33","date_gmt":"2025-11-12T09:50:33","guid":{"rendered":"https:\/\/demo3.361sale.com\/?post_type=product&#038;p=1461"},"modified":"2026-03-23T09:21:34","modified_gmt":"2026-03-23T09:21:34","slug":"3d-printed-resin-male-chastity-cage-4-sizing-rings-adjustable-strap-adult-toy%ef%bc%8ccomfortable-breathable%ef%bc%88transparent%ef%bc%89","status":"publish","type":"product","link":"https:\/\/www.rupipichastity.com\/de\/produkt\/3d-printed-resin-male-chastity-cage-4-sizing-rings-adjustable-strap-adult-toy%ef%bc%8ccomfortable-breathable%ef%bc%88transparent%ef%bc%89","title":{"rendered":"3D gedruckter m\u00e4nnlicher Keuschheitsk\u00e4fig aus Harz, 4 Gr\u00f6\u00dfenringe und verstellbarer Riemen, Erwachsenenspielzeug, bequem und atmungsaktiv\uff08Transparent\uff09"},"content":{"rendered":"<ul>\n<li><strong>\u3010Resin Male Chastity Cage\u3011\uff1a<\/strong>Dieser Keuschheitsk\u00e4fig wird mit Harz 3D-gedruckt und ist robust und langlebig. Er ist handpoliert, um eine glatte Oberfl\u00e4che zu gew\u00e4hrleisten, und die 3D-Drucktechnologie sorgt f\u00fcr eine perfekte Passform. Wenn Sie den K\u00e4fig tragen, werden Sie eine deutliche Fesselung sp\u00fcren, die Ihnen psychologische Befriedigung verschafft.<\/li>\n<li><strong>\u30104 Gr\u00f6\u00dfenringe &amp; verstellbarer Riemen\u3011\uff1a<\/strong>Dieser Keuschheitsk\u00e4fig wird mit 4 unterschiedlich gro\u00dfen Ringen und einem verstellbaren Riemen geliefert, so dass er f\u00fcr alle K\u00f6rpertypen geeignet ist.<\/li>\n<li><strong>\u3010Komfortabel &amp; Atmungsaktiv\u3011\uff1a<\/strong>Dieser Keuschheitsk\u00e4fig verf\u00fcgt \u00fcber ein spezielles Urinierloch, das ein nat\u00fcrliches Urinieren w\u00e4hrend des Tragens erm\u00f6glicht und ein h\u00e4ufiges Ausziehen \u00fcberfl\u00fcssig macht; sein hohles Design verbessert die Luftzirkulation, um die Trockenheit zu erhalten und das Bakterienwachstum zu hemmen, besonders bei hei\u00dfem Wetter.<\/li>\n<li><strong>\u3010Patentiertes Kunststoffschloss\u3011\uff1a<\/strong>Ausgestattet mit dem einzigen Kunststoffschloss auf dem Markt, das eine voll funktionsf\u00e4hige Verriegelung bietet, kann es die Sicherheitskontrollen passieren und unter der Dusche oder beim Schwimmen getragen werden.<\/li>\n<li><strong>\u3010Vielf\u00e4ltiges Zubeh\u00f6r\u3011\uff1a<\/strong>Im Lieferumfang enthalten sind ein Messingschloss, ein Kunststoffschloss, ein G\u00fcrtel, drei Einwegschl\u00f6sser und ein Katheter, die alle gew\u00fcnschten Spielarten befriedigen.<\/li>\n<li><strong>\u3010Wichtiger Hinweis\u3011\uff1a<\/strong>Lesen Sie die Gr\u00f6\u00dfentabelle sorgf\u00e4ltig durch, bevor Sie Ihre Bestellung aufgeben.<\/li>\n<li><strong>FAQ:<\/strong><\/li>\n<li data-start=\"282\" data-end=\"563\"><strong>Wie man einen Keuschheitsk\u00e4fig benutzt:<\/strong>Vor dem Tragen reinigen und desinfizieren. W\u00e4hlen Sie das Zubeh\u00f6r in der richtigen Gr\u00f6\u00dfe. Kontrollieren Sie die Tragedauer. Ziehen Sie es sofort aus, wenn Sie sich unwohl f\u00fchlen. Verwenden Sie es nicht, wenn Sie Entz\u00fcndungen oder Wunden im Intimbereich haben.<\/li>\n<li><strong>Wie man den Keuschheitsk\u00e4fig reinigt:<\/strong>Reinigen Sie das Zubeh\u00f6r mit warmem Wasser und einem neutralen Reinigungsmittel. Sp\u00fclen Sie es ab und trocknen Sie es gr\u00fcndlich. Verwenden Sie keine hohen Temperaturen oder scharfe Reinigungsmittel, um Produktsch\u00e4den zu vermeiden.<\/li>\n<\/ul>\n<ul class=\"a-unordered-list a-vertical a-spacing-mini\" style=\"box-sizing: border-box; margin: 0px 0px 0px 18px; color: #0f1111; padding: 0px; font-family: 'Amazon Ember', Arial, sans-serif; font-size: 14px; background-color: #ffffff;\">\n<li class=\"a-spacing-mini\" style=\"box-sizing: border-box; list-style: disc; overflow-wrap: break-word; margin: 0px;\"><img fetchpriority=\"high\" decoding=\"async\" class=\"alignnone size-medium wp-image-1465\" src=\"https:\/\/demo3.361sale.com\/wp-content\/uploads\/2025\/11\/3-17-300x186.jpg\" alt=\"\" width=\"300\" height=\"186\" srcset=\"https:\/\/www.rupipichastity.com\/wp-content\/uploads\/2025\/11\/3-17-300x186.jpg 300w, https:\/\/www.rupipichastity.com\/wp-content\/uploads\/2025\/11\/3-17-768x475.jpg 768w, https:\/\/www.rupipichastity.com\/wp-content\/uploads\/2025\/11\/3-17-600x371.jpg 600w, https:\/\/www.rupipichastity.com\/wp-content\/uploads\/2025\/11\/3-17.jpg 970w\" sizes=\"(max-width: 300px) 100vw, 300px\" \/><img decoding=\"async\" class=\"alignnone size-medium wp-image-1464\" src=\"https:\/\/demo3.361sale.com\/wp-content\/uploads\/2025\/11\/2-18-300x186.jpg\" alt=\"\" width=\"300\" height=\"186\" srcset=\"https:\/\/www.rupipichastity.com\/wp-content\/uploads\/2025\/11\/2-18-300x186.jpg 300w, https:\/\/www.rupipichastity.com\/wp-content\/uploads\/2025\/11\/2-18-768x475.jpg 768w, https:\/\/www.rupipichastity.com\/wp-content\/uploads\/2025\/11\/2-18-600x371.jpg 600w, https:\/\/www.rupipichastity.com\/wp-content\/uploads\/2025\/11\/2-18.jpg 970w\" sizes=\"(max-width: 300px) 100vw, 300px\" \/><img decoding=\"async\" class=\"alignnone size-medium wp-image-1463\" src=\"https:\/\/demo3.361sale.com\/wp-content\/uploads\/2025\/11\/1-17-300x186.jpg\" alt=\"\" width=\"300\" height=\"186\" srcset=\"https:\/\/www.rupipichastity.com\/wp-content\/uploads\/2025\/11\/1-17-300x186.jpg 300w, https:\/\/www.rupipichastity.com\/wp-content\/uploads\/2025\/11\/1-17-768x475.jpg 768w, https:\/\/www.rupipichastity.com\/wp-content\/uploads\/2025\/11\/1-17-600x371.jpg 600w, https:\/\/www.rupipichastity.com\/wp-content\/uploads\/2025\/11\/1-17.jpg 970w\" sizes=\"(max-width: 300px) 100vw, 300px\" \/><img loading=\"lazy\" decoding=\"async\" class=\"alignnone size-medium wp-image-1462\" src=\"https:\/\/demo3.361sale.com\/wp-content\/uploads\/2025\/11\/4-17-300x186.jpg\" alt=\"\" width=\"300\" height=\"186\" srcset=\"https:\/\/www.rupipichastity.com\/wp-content\/uploads\/2025\/11\/4-17-300x186.jpg 300w, https:\/\/www.rupipichastity.com\/wp-content\/uploads\/2025\/11\/4-17-768x475.jpg 768w, https:\/\/www.rupipichastity.com\/wp-content\/uploads\/2025\/11\/4-17-600x371.jpg 600w, https:\/\/www.rupipichastity.com\/wp-content\/uploads\/2025\/11\/4-17.jpg 970w\" sizes=\"(max-width: 300px) 100vw, 300px\" \/><\/li>\n<\/ul>","protected":false},"excerpt":{"rendered":"<p>Kaufen Sie den 3D gedruckten transparenten Keuschheitsk\u00e4fig f\u00fcr M\u00e4nner. Kommt mit 4 verstellbaren Ringen und Tailleng\u00fcrtel f\u00fcr Komfort. Bestellen Sie jetzt bei Rupipichastity!<\/p>","protected":false},"featured_media":3116,"comment_status":"open","ping_status":"closed","template":"","meta":{"_joinchat":[]},"product_brand":[],"product_cat":[34],"product_tag":[],"class_list":{"0":"post-1461","1":"product","2":"type-product","3":"status-publish","4":"has-post-thumbnail","6":"product_cat-mini-cage","7":"product_shipping_class-exemption-from-postage","9":"first","10":"instock","11":"sale","12":"shipping-taxable","13":"purchasable","14":"product-type-variable"},"_links":{"self":[{"href":"https:\/\/www.rupipichastity.com\/de\/wp-json\/wp\/v2\/product\/1461","targetHints":{"allow":["GET"]}}],"collection":[{"href":"https:\/\/www.rupipichastity.com\/de\/wp-json\/wp\/v2\/product"}],"about":[{"href":"https:\/\/www.rupipichastity.com\/de\/wp-json\/wp\/v2\/types\/product"}],"replies":[{"embeddable":true,"href":"https:\/\/www.rupipichastity.com\/de\/wp-json\/wp\/v2\/comments?post=1461"}],"wp:featuredmedia":[{"embeddable":true,"href":"https:\/\/www.rupipichastity.com\/de\/wp-json\/wp\/v2\/media\/3116"}],"wp:attachment":[{"href":"https:\/\/www.rupipichastity.com\/de\/wp-json\/wp\/v2\/media?parent=1461"}],"wp:term":[{"taxonomy":"product_brand","embeddable":true,"href":"https:\/\/www.rupipichastity.com\/de\/wp-json\/wp\/v2\/product_brand?post=1461"},{"taxonomy":"product_cat","embeddable":true,"href":"https:\/\/www.rupipichastity.com\/de\/wp-json\/wp\/v2\/product_cat?post=1461"},{"taxonomy":"product_tag","embeddable":true,"href":"https:\/\/www.rupipichastity.com\/de\/wp-json\/wp\/v2\/product_tag?post=1461"}],"curies":[{"name":"wp","href":"https:\/\/api.w.org\/{rel}","templated":true}]}}