{"id":1536,"date":"2025-11-13T03:15:48","date_gmt":"2025-11-13T03:15:48","guid":{"rendered":"https:\/\/demo3.361sale.com\/?post_type=product&#038;p=1536"},"modified":"2026-03-23T07:13:23","modified_gmt":"2026-03-23T07:13:23","slug":"3d-printed-male-penis-cage%ef%bc%8cresin-5-rings-accessories-adult-toy-pink","status":"publish","type":"product","link":"https:\/\/www.rupipichastity.com\/de\/produkt\/3d-printed-male-penis-cage%ef%bc%8cresin-5-rings-accessories-adult-toy-pink","title":{"rendered":"3D gedruckter m\u00e4nnlicher Penisk\u00e4fig, Harz, 5 Ringe &amp; Zubeh\u00f6r, Spielzeug f\u00fcr Erwachsene (Rosa)"},"content":{"rendered":"<ul class=\"a-unordered-list a-vertical a-spacing-mini\" style=\"box-sizing: border-box; margin: 0px 0px 0px 18px; color: #0f1111; padding: 0px; font-family: 'Amazon Ember', Arial, sans-serif; font-size: 14px; background-color: #ffffff;\">\n<li><strong>\u30103D Gedruckter M\u00e4nnlicher Schwanz K\u00e4fig\u3011\uff1a<\/strong>Dieser Keuschheitsk\u00e4fig wird im 3D-Druckverfahren hergestellt und von Hand poliert, um eine glatte Oberfl\u00e4che zu gew\u00e4hrleisten, die eine perfekte Passform und Komfort bietet und Ihren Partner sicher fesselt. wenn Sie ihn tragen, wird er zu einem Geheimnis, das nur Sie beide kennen.<\/li>\n<li><strong>\u30105 Gr\u00f6\u00dfe Ringe\u3011\uff1a<\/strong>Dieser Keuschheitsk\u00e4fig wird mit f\u00fcnf verschieden gro\u00dfen Ringen geliefert und eignet sich f\u00fcr Menschen aller K\u00f6rpertypen.<\/li>\n<li><strong>\u3010drei Arten von Schlosssystemen\u3011\uff1a<\/strong>Enth\u00e4lt ein Messingschloss, ein Kunststoffschloss, drei Einwegschl\u00f6sser und einen G\u00fcrtel f\u00fcr verschiedene Bed\u00fcrfnisse. Das Messingschloss ist ideal f\u00fcr den t\u00e4glichen Gebrauch, w\u00e4hrend die Plastik- und Einwegschl\u00f6sser die Sicherheitskontrollen am Flughafen erleichtern.der Flug f\u00fcr unterw\u00fcrfiges und keusches Vergn\u00fcgen geht jetzt los, kommst du mit?<\/li>\n<li><strong>\u3010Patentiertes Kunststoffschloss\u3011:<\/strong>Ausgestattet mit dem einzigen Kunststoffschloss auf dem Markt, das eine voll funktionsf\u00e4hige Verriegelung bietet, kann es die Sicherheitskontrollen passieren und unter der Dusche oder beim Schwimmen getragen werden.<\/li>\n<li><strong>\u3010Wabenf\u00f6rmiges Design\u3011\uff1a<\/strong>Dieser Keuschheitsk\u00e4fig verf\u00fcgt \u00fcber ein wabenf\u00f6rmiges Design, das eine hervorragende Atmungsaktivit\u00e4t bietet, und ein ergonomisches Design f\u00fcr eine bessere Anpassung an Ihren Penis.<\/li>\n<li><strong>FAQ:<\/strong><\/li>\n<li><strong>Wie man diesen K\u00e4fig reinigt\uff1a<\/strong>Aufgrund seines Wabendesigns muss dieser K\u00e4fig sorgf\u00e4ltig gereinigt werden. Verwenden Sie ein mildes Reinigungsmittel und lassen Sie ihn nach dem Waschen einfach an der Luft trocknen.<\/li>\n<\/ul>","protected":false},"excerpt":{"rendered":"<p>Bequemer, sicherer Sitz mit verstellbaren Ringen - perfekt f\u00fcr BDSM-Spiele, Jungfr\u00e4ulichkeitskontrolle und langfristiges Tragen.<\/p>","protected":false},"featured_media":4011,"comment_status":"open","ping_status":"closed","template":"","meta":{"_joinchat":[]},"product_brand":[],"product_cat":[37],"product_tag":[],"class_list":{"0":"post-1536","1":"product","2":"type-product","3":"status-publish","4":"has-post-thumbnail","6":"product_cat-s4-chastity-cage","7":"product_shipping_class-exemption-from-postage","9":"first","10":"instock","11":"sale","12":"shipping-taxable","13":"purchasable","14":"product-type-variable"},"_links":{"self":[{"href":"https:\/\/www.rupipichastity.com\/de\/wp-json\/wp\/v2\/product\/1536","targetHints":{"allow":["GET"]}}],"collection":[{"href":"https:\/\/www.rupipichastity.com\/de\/wp-json\/wp\/v2\/product"}],"about":[{"href":"https:\/\/www.rupipichastity.com\/de\/wp-json\/wp\/v2\/types\/product"}],"replies":[{"embeddable":true,"href":"https:\/\/www.rupipichastity.com\/de\/wp-json\/wp\/v2\/comments?post=1536"}],"wp:featuredmedia":[{"embeddable":true,"href":"https:\/\/www.rupipichastity.com\/de\/wp-json\/wp\/v2\/media\/4011"}],"wp:attachment":[{"href":"https:\/\/www.rupipichastity.com\/de\/wp-json\/wp\/v2\/media?parent=1536"}],"wp:term":[{"taxonomy":"product_brand","embeddable":true,"href":"https:\/\/www.rupipichastity.com\/de\/wp-json\/wp\/v2\/product_brand?post=1536"},{"taxonomy":"product_cat","embeddable":true,"href":"https:\/\/www.rupipichastity.com\/de\/wp-json\/wp\/v2\/product_cat?post=1536"},{"taxonomy":"product_tag","embeddable":true,"href":"https:\/\/www.rupipichastity.com\/de\/wp-json\/wp\/v2\/product_tag?post=1536"}],"curies":[{"name":"wp","href":"https:\/\/api.w.org\/{rel}","templated":true}]}}