{"id":1556,"date":"2025-11-13T03:25:36","date_gmt":"2025-11-13T03:25:36","guid":{"rendered":"https:\/\/demo3.361sale.com\/?post_type=product&#038;p=1556"},"modified":"2026-03-23T07:02:57","modified_gmt":"2026-03-23T07:02:57","slug":"3d-printed-male-cock-cage-5-rings-resin-material-bdsm-slave-tool-sturdy-comfortable-black","status":"publish","type":"product","link":"https:\/\/www.rupipichastity.com\/de\/produkt\/3d-printed-male-cock-cage-5-rings-resin-material-bdsm-slave-tool-sturdy-comfortable-black","title":{"rendered":"3D gedruckter m\u00e4nnlicher Schwanzk\u00e4fig, 5 Ringe, Harzmaterial, BDSM Sklavenwerkzeug, robust und bequem (Schwarz))"},"content":{"rendered":"<ul class=\"a-unordered-list a-vertical a-spacing-mini\" style=\"box-sizing: border-box; margin: 0px 0px 0px 18px; color: #0f1111; padding: 0px; font-family: 'Amazon Ember', Arial, sans-serif; font-size: 14px; background-color: #ffffff;\">\n<li class=\"a-spacing-mini\" style=\"box-sizing: border-box; list-style: disc; overflow-wrap: break-word; margin: 0px;\"><strong>\u30103D Gedruckter M\u00e4nnlicher Schwanz K\u00e4fig\u3011\uff1a<\/strong>Dieser Keuschheitsk\u00e4fig wird im 3D-Druckverfahren hergestellt und von Hand poliert, um eine glatte Oberfl\u00e4che zu gew\u00e4hrleisten, die eine perfekte Passform und Komfort bietet und Ihren Partner sicher fesselt. wenn Sie ihn tragen, wird er zu einem Geheimnis, das nur Sie beide kennen.<\/li>\n<li class=\"a-spacing-mini\" style=\"box-sizing: border-box; list-style: disc; overflow-wrap: break-word; margin: 0px;\"><span class=\"a-list-item\" style=\"box-sizing: border-box; color: var(--__n4qdchev6mgo,#0f1111);\"><strong>\u30105 Gr\u00f6\u00dfe Ringe\u3011\uff1a<\/strong>Dieser Keuschheitsk\u00e4fig wird mit f\u00fcnf verschieden gro\u00dfen Ringen geliefert und eignet sich f\u00fcr Menschen aller K\u00f6rpertypen.<\/span><\/li>\n<li class=\"a-spacing-mini\" style=\"box-sizing: border-box; list-style: disc; overflow-wrap: break-word; margin: 0px;\"><strong><span class=\"a-list-item\" style=\"box-sizing: border-box; color: var(--__n4qdchev6mgo,#0f1111);\">\u3010Drei Arten von Schlosssystemen\u3011:<\/span><\/strong>Das Messingschloss ist f\u00fcr den t\u00e4glichen Gebrauch gedacht, w\u00e4hrend das Kunststoffschloss und die Einwegschl\u00f6sser das Passieren von Sicherheitskontrollen, Reisen, Schwimmen und vieles mehr erleichtern.<\/li>\n<li class=\"a-spacing-mini\" style=\"box-sizing: border-box; list-style: disc; overflow-wrap: break-word; margin: 0px;\"><strong>\u3010Patentiertes Kunststoffschloss\u3011:<\/strong>Ausgestattet mit dem einzigen Kunststoffschloss auf dem Markt, das eine voll funktionsf\u00e4hige Verriegelung bietet, kann es die Sicherheitskontrollen passieren und unter der Dusche oder beim Schwimmen getragen werden.<\/li>\n<li><strong>\u3010Perforiertes hohles Design\u3011\uff1a<\/strong>Dieser Cock Cage verf\u00fcgt \u00fcber ein Perforated Hollow Design, das die Luftzirkulation f\u00f6rdert und das Schwitzen reduziert, was ihn ideal f\u00fcr l\u00e4ngeres Tragen macht. So kannst du deinen Partner so lange darin gefangen halten, wie du willst.<\/li>\n<li><strong>\u3010Wichtiger Hinweis\u3011\uff1a<\/strong>Lesen Sie die Gr\u00f6\u00dfentabelle sorgf\u00e4ltig durch, bevor Sie Ihre Bestellung aufgeben.<\/li>\n<li><strong>FAQ:<\/strong><\/li>\n<li><strong>Wie kann ich feststellen, ob dieser K\u00e4fig f\u00fcr mich geeignet ist?<\/strong>Um festzustellen, ob dieser K\u00e4fig zu Ihnen passt, sollten Sie seine Gr\u00f6\u00dfe, sein Material und seinen Tragekomfort \u00fcberpr\u00fcfen. Vergewissern Sie sich, dass er zu Ihrer K\u00f6rperform passt, keine Beschwerden verursacht und Ihren pers\u00f6nlichen Bed\u00fcrfnissen und Vorlieben voll und ganz entspricht.<\/li>\n<\/ul>","protected":false},"excerpt":{"rendered":"<p>Bequemer, sicherer Sitz mit verstellbaren Ringen - perfekt f\u00fcr BDSM-Spiele, Jungfr\u00e4ulichkeitskontrolle und langfristiges Tragen<\/p>","protected":false},"featured_media":3988,"comment_status":"open","ping_status":"closed","template":"","meta":{"_joinchat":[]},"product_brand":[],"product_cat":[38],"product_tag":[],"class_list":{"0":"post-1556","1":"product","2":"type-product","3":"status-publish","4":"has-post-thumbnail","6":"product_cat-s3-chastity-cage","7":"product_shipping_class-exemption-from-postage","9":"first","10":"instock","11":"sale","12":"shipping-taxable","13":"purchasable","14":"product-type-variable"},"_links":{"self":[{"href":"https:\/\/www.rupipichastity.com\/de\/wp-json\/wp\/v2\/product\/1556","targetHints":{"allow":["GET"]}}],"collection":[{"href":"https:\/\/www.rupipichastity.com\/de\/wp-json\/wp\/v2\/product"}],"about":[{"href":"https:\/\/www.rupipichastity.com\/de\/wp-json\/wp\/v2\/types\/product"}],"replies":[{"embeddable":true,"href":"https:\/\/www.rupipichastity.com\/de\/wp-json\/wp\/v2\/comments?post=1556"}],"wp:featuredmedia":[{"embeddable":true,"href":"https:\/\/www.rupipichastity.com\/de\/wp-json\/wp\/v2\/media\/3988"}],"wp:attachment":[{"href":"https:\/\/www.rupipichastity.com\/de\/wp-json\/wp\/v2\/media?parent=1556"}],"wp:term":[{"taxonomy":"product_brand","embeddable":true,"href":"https:\/\/www.rupipichastity.com\/de\/wp-json\/wp\/v2\/product_brand?post=1556"},{"taxonomy":"product_cat","embeddable":true,"href":"https:\/\/www.rupipichastity.com\/de\/wp-json\/wp\/v2\/product_cat?post=1556"},{"taxonomy":"product_tag","embeddable":true,"href":"https:\/\/www.rupipichastity.com\/de\/wp-json\/wp\/v2\/product_tag?post=1556"}],"curies":[{"name":"wp","href":"https:\/\/api.w.org\/{rel}","templated":true}]}}