{"id":1592,"date":"2025-11-13T03:47:47","date_gmt":"2025-11-13T03:47:47","guid":{"rendered":"https:\/\/demo3.361sale.com\/?post_type=product&#038;p=1592"},"modified":"2026-03-23T06:14:40","modified_gmt":"2026-03-23T06:14:40","slug":"cobra-cage-3d-printed-male-chastity-device5-ring-accessoriesrestraint-device-black","status":"publish","type":"product","link":"https:\/\/www.rupipichastity.com\/de\/produkt\/cobra-cage-3d-printed-male-chastity-device5-ring-accessoriesrestraint-device-black","title":{"rendered":"Cobra Cage, 3D gedruckte m\u00e4nnliche Keuschheitsvorrichtung, 5-Ring &amp; Zubeh\u00f6r, Fesselungsvorrichtung (Schwarz)"},"content":{"rendered":"<ul class=\"a-unordered-list a-vertical a-spacing-mini\" style=\"box-sizing: border-box; margin: 0px 0px 0px 18px; color: #0f1111; padding: 0px; font-family: 'Amazon Ember', Arial, sans-serif; font-size: 14px; background-color: #ffffff;\">\n<li class=\"a-spacing-mini\" style=\"box-sizing: border-box; list-style: disc; overflow-wrap: break-word; margin: 0px;\"><strong>\u3010Cobra Cage\u3011\uff1a<\/strong>Das klassische Cobra Cage-Design verbindet 3D-Drucktechnologie mit BDSM-Kultur. Hergestellt aus leichtem und atmungsaktivem Harz. Seine Multi-Ring-Konstruktion gew\u00e4hrleistet sowohl Komfort als auch sichere Fesselung.<\/li>\n<li class=\"a-spacing-mini\" style=\"box-sizing: border-box; list-style: disc; overflow-wrap: break-word; margin: 0px;\"><strong>\u30105 Gr\u00f6\u00dfe Ringe\u3011\uff1a<\/strong>Dieser Keuschheitsk\u00e4fig wird mit 5 verschieden gro\u00dfen Ringen und einem G\u00fcrtel geliefert. So kann jeder seine perfekte Passform finden, vom zierlichen Sklaven bis zum robusten Hengst.<\/li>\n<li class=\"a-spacing-mini\" style=\"box-sizing: border-box; list-style: disc; overflow-wrap: break-word; margin: 0px;\"><strong>\u3010drei Arten von Schlosssystemen\u3011\uff1a<\/strong>Das Messingschloss ist f\u00fcr den t\u00e4glichen Gebrauch gedacht, w\u00e4hrend das Kunststoffschloss und die Einwegschl\u00f6sser das Passieren von Sicherheitskontrollen, Reisen, Schwimmen und vieles mehr erleichtern.<\/li>\n<li><strong>\u30103D gedrucktes m\u00e4nnliches Keuschheitsger\u00e4t\u3011\uff1a<\/strong>Dieser Keuschheitsk\u00e4fig wird im 3D-Druckverfahren hergestellt und von Hand poliert, um eine glatte Oberfl\u00e4che zu gew\u00e4hrleisten. Der K\u00e4fig ist extrem leicht und f\u00fchlt sich beim Tragen wie ein nat\u00fcrlicher Teil des K\u00f6rpers an, wodurch er sich hervorragend f\u00fcr das langfristige Tragen eignet.<\/li>\n<li class=\"a-spacing-mini\" style=\"box-sizing: border-box; list-style: disc; overflow-wrap: break-word; margin: 0px;\"><strong>\u3010Patentiertes Kunststoffschloss\u3011\uff1a<\/strong>Ausgestattet mit dem einzigen Kunststoffschloss auf dem Markt, das eine voll funktionsf\u00e4hige Verriegelung bietet, kann es die Sicherheitskontrollen passieren und unter der Dusche oder beim Schwimmen getragen werden.<\/li>\n<li class=\"a-spacing-mini\" style=\"box-sizing: border-box; list-style: disc; overflow-wrap: break-word; margin: 0px;\"><strong>\u3010Wichtiger Hinweis\u3011\uff1a<\/strong>Lesen Sie die Gr\u00f6\u00dfentabelle sorgf\u00e4ltig durch, bevor Sie Ihre Bestellung aufgeben.<\/li>\n<li><strong>\u00a0 \u00a0\u3010FAQ\u3011<\/strong><\/li>\n<li><strong>Wie hoch ist der Tragekomfort bei l\u00e4ngerem Tragen\uff1a<\/strong>Sie ist ultrabequem und kann den ganzen Tag getragen werden. Das Nylonmaterial ist hautfreundlich und leicht, das hohle Design erh\u00f6ht die Atmungsaktivit\u00e4t. Ringe in 5 Gr\u00f6\u00dfen sorgen f\u00fcr einen passgenauen Sitz, ohne zu dr\u00fccken, und sie kann sogar mit Windeln getragen werden.<\/li>\n<li><strong>Wie man die K\u00e4figgr\u00f6\u00dfe ausw\u00e4hlt\uff1a<\/strong>Messen Sie zun\u00e4chst den Umfang Ihres Penis genau aus. W\u00e4hlen Sie einen Ring, der gut sitzt, ohne zu dr\u00fccken. Testen Sie die L\u00e4nge des K\u00e4figs, um sicherzustellen, dass er nicht zu eng ist, damit Sie ihn auch langfristig bequem tragen k\u00f6nnen.<\/li>\n<\/ul>","protected":false},"excerpt":{"rendered":"<p>Ein sicherer und komfortabler Keuschheitsk\u00e4fig f\u00fcr M\u00e4nner - Sie haben es verdient!<\/p>","protected":false},"featured_media":3869,"comment_status":"open","ping_status":"closed","template":"","meta":{"_joinchat":[]},"product_brand":[],"product_cat":[36],"product_tag":[],"class_list":{"0":"post-1592","1":"product","2":"type-product","3":"status-publish","4":"has-post-thumbnail","6":"product_cat-s1-cobra-cage","7":"product_shipping_class-exemption-from-postage","9":"first","10":"instock","11":"sale","12":"shipping-taxable","13":"purchasable","14":"product-type-variable"},"_links":{"self":[{"href":"https:\/\/www.rupipichastity.com\/de\/wp-json\/wp\/v2\/product\/1592","targetHints":{"allow":["GET"]}}],"collection":[{"href":"https:\/\/www.rupipichastity.com\/de\/wp-json\/wp\/v2\/product"}],"about":[{"href":"https:\/\/www.rupipichastity.com\/de\/wp-json\/wp\/v2\/types\/product"}],"replies":[{"embeddable":true,"href":"https:\/\/www.rupipichastity.com\/de\/wp-json\/wp\/v2\/comments?post=1592"}],"wp:featuredmedia":[{"embeddable":true,"href":"https:\/\/www.rupipichastity.com\/de\/wp-json\/wp\/v2\/media\/3869"}],"wp:attachment":[{"href":"https:\/\/www.rupipichastity.com\/de\/wp-json\/wp\/v2\/media?parent=1592"}],"wp:term":[{"taxonomy":"product_brand","embeddable":true,"href":"https:\/\/www.rupipichastity.com\/de\/wp-json\/wp\/v2\/product_brand?post=1592"},{"taxonomy":"product_cat","embeddable":true,"href":"https:\/\/www.rupipichastity.com\/de\/wp-json\/wp\/v2\/product_cat?post=1592"},{"taxonomy":"product_tag","embeddable":true,"href":"https:\/\/www.rupipichastity.com\/de\/wp-json\/wp\/v2\/product_tag?post=1592"}],"curies":[{"name":"wp","href":"https:\/\/api.w.org\/{rel}","templated":true}]}}