{"id":1656,"date":"2025-11-13T05:39:21","date_gmt":"2025-11-13T05:39:21","guid":{"rendered":"https:\/\/demo3.361sale.com\/?post_type=product&#038;p=1656"},"modified":"2026-03-23T03:36:33","modified_gmt":"2026-03-23T03:36:33","slug":"3d-printed-male-chastity-cage-soft-tpe-material6-ring-sizes-accessory-sissy-style-slave-restraint-tools%ef%bc%88blue%ef%bc%89","status":"publish","type":"product","link":"https:\/\/www.rupipichastity.com\/de\/produkt\/3d-printed-male-chastity-cage-soft-tpe-material6-ring-sizes-accessory-sissy-style-slave-restraint-tools%ef%bc%88blue%ef%bc%89","title":{"rendered":"3D gedruckter m\u00e4nnlicher Keuschheitsk\u00e4fig, weiches TPE-Material, 6 Ringgr\u00f6\u00dfen &amp; Zubeh\u00f6r, Sissy-Stil, Sklaven-Fesselungswerkzeuge\uff08Blau\uff09"},"content":{"rendered":"<ul class=\"a-unordered-list a-vertical a-spacing-mini\" style=\"box-sizing: border-box; margin: 0px 0px 0px 18px; color: #0f1111; padding: 0px; font-family: 'Amazon Ember', Arial, sans-serif; font-size: 14px; background-color: #ffffff;\">\n<li><strong>\u30103D Gedruckter m\u00e4nnlicher Keuschheitsk\u00e4fig\u3011\uff1a<\/strong>Dieser Keuschheitsk\u00e4fig wird mit 3D-Drucktechnologie hergestellt und erreicht eine perfekte Passform. Nach dem Polieren von Hand ist die Oberfl\u00e4che glatt, was den Tragekomfort verbessert.<\/li>\n<li><strong>\u30106 Ringgr\u00f6\u00dfen&amp; Zubeh\u00f6r\u3011\uff1a<\/strong>Der Rupipi Keuschheitsk\u00e4fig wird mit 6 verschieden gro\u00dfen Ringen, einem Messingschloss, einem Kunststoffschloss, einem G\u00fcrtel und drei Einwegschl\u00f6ssern geliefert, um verschiedenen Bed\u00fcrfnissen gerecht zu werden.<\/li>\n<li><strong>\u3010Weiches TPE-Material\u3011\uff1a<\/strong>Dieser Keuschheitsk\u00e4fig ist aus hochwertigem TPE-Material gefertigt, das ihn weich und leicht macht. Sie werden kein Unbehagen versp\u00fcren, auch wenn Sie ihn lange tragen. Wenn Sie ausgehen und ihn mit Frauenkleidung tragen, werden Sie das Gef\u00fchl haben, dass er mit Ihrem K\u00f6rper integriert ist, und das macht Sie aufgeregt.<\/li>\n<li class=\"a-spacing-mini\" style=\"box-sizing: border-box; list-style: disc; overflow-wrap: break-word; margin: 0px;\"><strong>\u3010Sissy Style\u3011\uff1a<\/strong>Dieser Keuschheitsk\u00e4fig hat einen eleganten Sissy-Stil und ist die ideale Wahl f\u00fcr Ihre Rollenspiele. Das ergonomische Design sorgt f\u00fcr einen guten Sitz. Er kombiniert perfekt Niedlichkeit und Komfort und steigert Ihr intimes Erlebnis.<\/li>\n<li><strong>\u3010Patentiertes Kunststoffschloss\u3011\uff1a<\/strong>Ausgestattet mit dem einzigen Kunststoffschloss auf dem Markt, das eine voll funktionsf\u00e4hige Verriegelung bietet, kann es die Sicherheitskontrollen passieren und unter der Dusche oder beim Schwimmen getragen werden.<\/li>\n<li class=\"a-spacing-mini\" style=\"box-sizing: border-box; list-style: disc; overflow-wrap: break-word; margin: 0px;\">\n<div><strong>\u3010Wichtiger Hinweis\u3011:<\/strong>\u00a0Da es sich bei diesem Produkt um einen Privatartikel handelt, ist die Wahl der richtigen Gr\u00f6\u00dfe von gr\u00f6\u00dfter Bedeutung. Wenn Sie irgendwelche Probleme haben, kontaktieren Sie uns bitte sofort!<\/div>\n<\/li>\n<li><strong>\u00a0 \u3010FAQ\u3011<\/strong><\/li>\n<li><strong>Wie man das Produkt reinigt\uff1a<\/strong>Um dieses Produkt im Sissy-Stil zu reinigen, sp\u00fclen Sie es zun\u00e4chst mit warmem Wasser ab. Tragen Sie eine milde, parf\u00fcmfreie Seife auf, schrubben Sie die Oberfl\u00e4che sanft und sp\u00fclen Sie sie dann gr\u00fcndlich ab. Lassen Sie es an einem k\u00fchlen, bel\u00fcfteten Ort an der Luft trocknen. Verwenden Sie keine scharfen Reinigungsmittel oder hei\u00dfes Wasser, um Sch\u00e4den zu vermeiden.<\/li>\n<li><strong>Woran erkennt man, ob es f\u00fcr Anf\u00e4nger geeignet ist?<\/strong>Sie k\u00f6nnen die Weichheit des Materials, die Verstellbarkeit der Gr\u00f6\u00dfe und den Tragekomfort \u00fcberpr\u00fcfen. Das einfach zu bedienende Design macht ihn anf\u00e4ngerfreundlich. Laut den meisten unserer Kundenrezensionen k\u00f6nnen auch Anf\u00e4nger sie mit einer guten Passform gut verwenden.<\/li>\n<\/ul>","protected":false},"excerpt":{"rendered":"<p>Entdecken Sie diesen TPE-Keuschheits-K\u00e4fig f\u00fcr M\u00e4nner. Bequem, langlebig. Gehen Sie zu Rupipichastity f\u00fcr den Kauf jetzt!<\/p>","protected":false},"featured_media":3778,"comment_status":"open","ping_status":"closed","template":"","meta":{"_joinchat":[]},"product_brand":[],"product_cat":[35],"product_tag":[],"class_list":{"0":"post-1656","1":"product","2":"type-product","3":"status-publish","4":"has-post-thumbnail","6":"product_cat-sissy-chastity-cage","7":"product_shipping_class-exemption-from-postage","9":"first","10":"instock","11":"sale","12":"shipping-taxable","13":"purchasable","14":"product-type-variable"},"_links":{"self":[{"href":"https:\/\/www.rupipichastity.com\/de\/wp-json\/wp\/v2\/product\/1656","targetHints":{"allow":["GET"]}}],"collection":[{"href":"https:\/\/www.rupipichastity.com\/de\/wp-json\/wp\/v2\/product"}],"about":[{"href":"https:\/\/www.rupipichastity.com\/de\/wp-json\/wp\/v2\/types\/product"}],"replies":[{"embeddable":true,"href":"https:\/\/www.rupipichastity.com\/de\/wp-json\/wp\/v2\/comments?post=1656"}],"wp:featuredmedia":[{"embeddable":true,"href":"https:\/\/www.rupipichastity.com\/de\/wp-json\/wp\/v2\/media\/3778"}],"wp:attachment":[{"href":"https:\/\/www.rupipichastity.com\/de\/wp-json\/wp\/v2\/media?parent=1656"}],"wp:term":[{"taxonomy":"product_brand","embeddable":true,"href":"https:\/\/www.rupipichastity.com\/de\/wp-json\/wp\/v2\/product_brand?post=1656"},{"taxonomy":"product_cat","embeddable":true,"href":"https:\/\/www.rupipichastity.com\/de\/wp-json\/wp\/v2\/product_cat?post=1656"},{"taxonomy":"product_tag","embeddable":true,"href":"https:\/\/www.rupipichastity.com\/de\/wp-json\/wp\/v2\/product_tag?post=1656"}],"curies":[{"name":"wp","href":"https:\/\/api.w.org\/{rel}","templated":true}]}}