{"id":2663,"date":"2026-01-12T06:05:12","date_gmt":"2026-01-12T06:05:12","guid":{"rendered":"https:\/\/www.rupipichastity.com\/?post_type=product&#038;p=2663"},"modified":"2026-03-23T08:56:57","modified_gmt":"2026-03-23T08:56:57","slug":"3d-printed-male-chastity-cage-soft-tpe-material-6-rings-accessories-secure-comfortable-adult-toy-transparency","status":"publish","type":"product","link":"https:\/\/www.rupipichastity.com\/de\/produkt\/3d-printed-male-chastity-cage-soft-tpe-material-6-rings-accessories-secure-comfortable-adult-toy-transparency","title":{"rendered":"3D gedruckter m\u00e4nnlicher Keuschheitsk\u00e4fig, weiches TPE-Material, 6 Ringe &amp; Zubeh\u00f6r, sicher &amp; bequem, Spielzeug f\u00fcr Erwachsene (Transparenz)"},"content":{"rendered":"<ul class=\"a-unordered-list a-vertical a-spacing-mini\" style=\"box-sizing: border-box; margin: 0px 0px 0px 18px; color: #0f1111; padding: 0px; font-family: 'Amazon Ember', Arial, sans-serif; font-size: 14px; background-color: #ffffff;\">\n<li><strong>\u30103D Gedruckter m\u00e4nnlicher Keuschheitsk\u00e4fig\u3011\uff1a<\/strong>Dieser Keuschheitsk\u00e4fig ist 3D-gedruckt und handpoliert, um eine glatte Oberfl\u00e4che zu gew\u00e4hrleisten. Er ist extrem leicht, und wenn du ihn tr\u00e4gst, f\u00fchlt er sich wie ein nat\u00fcrlicher Teil von dir an und macht es einfach, deinen K\u00f6rper zu kontrollieren.<\/li>\n<li><strong>\u3010Einzigartiges Design\u3011\uff1a<\/strong>Das ausgeh\u00f6hlte Design erm\u00f6glicht es, den K\u00e4fig f\u00fcr l\u00e4ngere Zeit zu tragen. Der mitgelieferte Harnr\u00f6hrenkatheter erleichtert das Urinieren und erm\u00f6glicht weitere lustvolle Erfahrungen. Hochwertiges TPE-Material ist hautvertr\u00e4glich und leicht zu reinigen und damit ideal f\u00fcr Anf\u00e4nger.<\/li>\n<li><strong>\u30106 Ringe &amp; Zubeh\u00f6r\u3011\uff1a<\/strong>Der Keuschheitsk\u00e4fig wird mit sechs verschieden gro\u00dfen Ringen und einem Riemen geliefert, die f\u00fcr alle K\u00f6rpertypen geeignet sind, und verf\u00fcgt \u00fcber ein Messingschloss, das sicher und bequem ist.<\/li>\n<li class=\"a-spacing-mini\" style=\"box-sizing: border-box; list-style: disc; overflow-wrap: break-word; margin: 0px;\"><strong>\u3010Weiches TPE-Material\u3011\uff1a<\/strong>Dieser K\u00e4fig ist aus hochwertigem TPE-Material gefertigt. Der weiche TPE-K\u00e4fig bewegt sich mit den Bewegungen des Tr\u00e4gers und erleichtert ihm so die t\u00e4glichen Aktivit\u00e4ten. Im Vergleich zu harten K\u00e4figen werden Hautbeschwerden wirksam reduziert, w\u00e4hrend die Sicherheitskontrollen sicher passieren und Peinlichkeiten vermieden werden.<\/li>\n<li><strong>\u3010Wichtiger Hinweis\u3011\uff1a<\/strong>Lesen Sie die Gr\u00f6\u00dfentabelle sorgf\u00e4ltig durch, bevor Sie Ihre Bestellung aufgeben. Suchen Sie sich noch heute Ihren Lieblingsk\u00e4fig aus!<\/li>\n<li><strong>FAQ\uff1a<\/strong><\/li>\n<li><strong>Wie funktionieren Keuschheitsk\u00e4fige?<\/strong>Keuschheitsk\u00e4fige schr\u00e4nken die Erektion physisch ein, indem sie die m\u00e4nnlichen Genitalien umschlie\u00dfen. Mit einem Schloss befestigt, verhindern sie sexuelle Aktivit\u00e4ten, w\u00e4hrend ihr ergonomisches Design Komfort f\u00fcr den t\u00e4glichen Gebrauch gew\u00e4hrleistet.<\/li>\n<li><strong>Warum die Keuschheit von RUPIPI w\u00e4hlen?<\/strong><br \/>\n\u2705 Der beste Keuschheitsg\u00fcrtel, sicher und langlebig, geeignet f\u00fcr langfristiges Tragen<br \/>\n\u2705 Sechs Einstellringe, die eine maximale Einstellung der Dichtheit erm\u00f6glichen<br \/>\n\u2705 Leicht und atmungsaktiv, einfach zu tragen<br \/>\n\u2705 Geheimer Versand, vollst\u00e4ndiger Schutz Ihrer Privatsph\u00e4re<br \/>\nErleben Sie den ultimativen Komfort und die Kontrolle, die der hochwertige Keuschheitsk\u00e4fig f\u00fcr M\u00e4nner von RUPIPI Chastity bietet. Ob f\u00fcr pers\u00f6nliche Erkundung, Beziehungsinteraktion oder BDSM-Training, dieser Penis-Keuschheits-K\u00e4fig wurde entwickelt, um eine sichere, komfortable und private Nutzungserfahrung zu bieten.<\/li>\n<\/ul>","protected":false},"excerpt":{"rendered":"<p>Entdecken Sie diesen TPE-Keuschheits-K\u00e4fig f\u00fcr M\u00e4nner. Bequem, langlebig und jetzt bei Rupipichastity zu kaufen!<\/p>","protected":false},"featured_media":4148,"comment_status":"open","ping_status":"closed","template":"","meta":{"_joinchat":[]},"product_brand":[],"product_cat":[39],"product_tag":[],"class_list":{"0":"post-2663","1":"product","2":"type-product","3":"status-publish","4":"has-post-thumbnail","6":"product_cat-s13-soft-chastity-cage","7":"product_shipping_class-exemption-from-postage","9":"first","10":"instock","11":"sale","12":"shipping-taxable","13":"purchasable","14":"product-type-variable"},"_links":{"self":[{"href":"https:\/\/www.rupipichastity.com\/de\/wp-json\/wp\/v2\/product\/2663","targetHints":{"allow":["GET"]}}],"collection":[{"href":"https:\/\/www.rupipichastity.com\/de\/wp-json\/wp\/v2\/product"}],"about":[{"href":"https:\/\/www.rupipichastity.com\/de\/wp-json\/wp\/v2\/types\/product"}],"replies":[{"embeddable":true,"href":"https:\/\/www.rupipichastity.com\/de\/wp-json\/wp\/v2\/comments?post=2663"}],"wp:featuredmedia":[{"embeddable":true,"href":"https:\/\/www.rupipichastity.com\/de\/wp-json\/wp\/v2\/media\/4148"}],"wp:attachment":[{"href":"https:\/\/www.rupipichastity.com\/de\/wp-json\/wp\/v2\/media?parent=2663"}],"wp:term":[{"taxonomy":"product_brand","embeddable":true,"href":"https:\/\/www.rupipichastity.com\/de\/wp-json\/wp\/v2\/product_brand?post=2663"},{"taxonomy":"product_cat","embeddable":true,"href":"https:\/\/www.rupipichastity.com\/de\/wp-json\/wp\/v2\/product_cat?post=2663"},{"taxonomy":"product_tag","embeddable":true,"href":"https:\/\/www.rupipichastity.com\/de\/wp-json\/wp\/v2\/product_tag?post=2663"}],"curies":[{"name":"wp","href":"https:\/\/api.w.org\/{rel}","templated":true}]}}