{"id":2675,"date":"2026-01-12T06:38:18","date_gmt":"2026-01-12T06:38:18","guid":{"rendered":"https:\/\/www.rupipichastity.com\/?post_type=product&#038;p=2675"},"modified":"2026-04-09T05:34:30","modified_gmt":"2026-04-09T05:34:30","slug":"male-chastity-cage3d-printed-soft-tpe6-rings-accessoriesrestraint-gearblack","status":"publish","type":"product","link":"https:\/\/www.rupipichastity.com\/de\/produkt\/male-chastity-cage3d-printed-soft-tpe6-rings-accessoriesrestraint-gearblack","title":{"rendered":"M\u00e4nnlicher Keuschheitsk\u00e4fig, 3D-gedrucktes weiches TPE, 6 Ringe &amp; Zubeh\u00f6r, Fesselung (Schwarz)"},"content":{"rendered":"<ul class=\"a-unordered-list a-vertical a-spacing-mini\" style=\"box-sizing: border-box; margin: 0px 0px 0px 18px; color: #0f1111; padding: 0px; font-family: 'Amazon Ember', Arial, sans-serif; font-size: 14px; background-color: #ffffff;\">\n<li><strong>\u30103D Gedruckte Technologie\u3011\uff1a<\/strong>Dieser Keuschheitsk\u00e4fig wird im 3D-Druckverfahren hergestellt und von Hand poliert, um eine glatte Oberfl\u00e4che zu gew\u00e4hrleisten. Der K\u00e4fig ist extrem leicht und f\u00fchlt sich beim Tragen wie ein nat\u00fcrlicher Teil deines K\u00f6rpers an, wodurch er sich sehr gut f\u00fcr das langfristige Tragen eignet.<\/li>\n<li><strong>\u30106 Gr\u00f6\u00dfen Ringe\u3011\uff1a<\/strong>Jeder hat sein eigenes Verst\u00e4ndnis von Komfort. Dieser Keuschheitsk\u00e4fig wird mit sechs verschieden gro\u00dfen Ringen und einem G\u00fcrtel geliefert, so dass Sie nach Ihren eigenen Vorlieben w\u00e4hlen k\u00f6nnen.<\/li>\n<li class=\"a-spacing-mini\" style=\"box-sizing: border-box; list-style: disc; overflow-wrap: break-word; margin: 0px;\"><strong>\u3010Weiches TPE-Material\u3011\uff1a<\/strong>Dieser K\u00e4fig ist aus hochwertigem TPE-Material gefertigt. Der weiche TPE-K\u00e4fig bewegt sich mit den Bewegungen des Tr\u00e4gers und erleichtert ihm so die t\u00e4glichen Aktivit\u00e4ten. Im Vergleich zu harten K\u00e4figen werden Hautbeschwerden wirksam reduziert, w\u00e4hrend die Sicherheitskontrollen sicher passieren und Peinlichkeiten vermieden werden.<\/li>\n<li><strong>\u3010Ergonomisches Design\u3011\uff1a<\/strong>Nach Jahren der kontinuierlichen Verbesserung passt sich unser Keuschheitsk\u00e4fig perfekt Ihren Kurven an. Das weiche TPE-Material kratzt nicht auf der Haut und sorgt f\u00fcr angenehmen Tragekomfort.<\/li>\n<li><strong>\u3010Wichtiger Hinweis\u3011\uff1a<\/strong>Lesen Sie die Gr\u00f6\u00dfentabelle sorgf\u00e4ltig durch, bevor Sie Ihre Bestellung aufgeben. Suchen Sie sich noch heute Ihren Lieblingsk\u00e4fig aus!<\/li>\n<li><strong>FAQ\uff1a<\/strong><\/li>\n<li><strong>Wie funktionieren Keuschheitsk\u00e4fige?<\/strong>Keuschheitsk\u00e4fige schr\u00e4nken die Erektion physisch ein, indem sie die m\u00e4nnlichen Genitalien umschlie\u00dfen. Mit einem Schloss befestigt, verhindern sie sexuelle Aktivit\u00e4ten, w\u00e4hrend ihr ergonomisches Design Komfort f\u00fcr den t\u00e4glichen Gebrauch gew\u00e4hrleistet.<\/li>\n<\/ul>","protected":false},"excerpt":{"rendered":"<p>Entdecken Sie diesen TPE-Keuschheits-K\u00e4fig f\u00fcr M\u00e4nner. Bequem, langlebig und jetzt bei Rupipichastity zu kaufen!<\/p>","protected":false},"featured_media":4055,"comment_status":"open","ping_status":"closed","template":"","meta":{"_joinchat":[]},"product_brand":[],"product_cat":[41],"product_tag":[],"class_list":{"0":"post-2675","1":"product","2":"type-product","3":"status-publish","4":"has-post-thumbnail","6":"product_cat-s12-soft-chastity-cage","7":"product_shipping_class-exemption-from-postage","9":"first","10":"instock","11":"sale","12":"shipping-taxable","13":"purchasable","14":"product-type-variable"},"_links":{"self":[{"href":"https:\/\/www.rupipichastity.com\/de\/wp-json\/wp\/v2\/product\/2675","targetHints":{"allow":["GET"]}}],"collection":[{"href":"https:\/\/www.rupipichastity.com\/de\/wp-json\/wp\/v2\/product"}],"about":[{"href":"https:\/\/www.rupipichastity.com\/de\/wp-json\/wp\/v2\/types\/product"}],"replies":[{"embeddable":true,"href":"https:\/\/www.rupipichastity.com\/de\/wp-json\/wp\/v2\/comments?post=2675"}],"wp:featuredmedia":[{"embeddable":true,"href":"https:\/\/www.rupipichastity.com\/de\/wp-json\/wp\/v2\/media\/4055"}],"wp:attachment":[{"href":"https:\/\/www.rupipichastity.com\/de\/wp-json\/wp\/v2\/media?parent=2675"}],"wp:term":[{"taxonomy":"product_brand","embeddable":true,"href":"https:\/\/www.rupipichastity.com\/de\/wp-json\/wp\/v2\/product_brand?post=2675"},{"taxonomy":"product_cat","embeddable":true,"href":"https:\/\/www.rupipichastity.com\/de\/wp-json\/wp\/v2\/product_cat?post=2675"},{"taxonomy":"product_tag","embeddable":true,"href":"https:\/\/www.rupipichastity.com\/de\/wp-json\/wp\/v2\/product_tag?post=2675"}],"curies":[{"name":"wp","href":"https:\/\/api.w.org\/{rel}","templated":true}]}}