{"id":2704,"date":"2026-01-12T08:15:47","date_gmt":"2026-01-12T08:15:47","guid":{"rendered":"https:\/\/www.rupipichastity.com\/?post_type=product&#038;p=2704"},"modified":"2026-03-23T03:23:57","modified_gmt":"2026-03-23T03:23:57","slug":"soft-tpe-male-chastity-cage-3d-printed-technology-cock-cage-6-sizing-rings-accessories-%ef%bc%88transparency","status":"publish","type":"product","link":"https:\/\/www.rupipichastity.com\/de\/produkt\/soft-tpe-male-chastity-cage-3d-printed-technology-cock-cage-6-sizing-rings-accessories-%ef%bc%88transparency","title":{"rendered":"Weiches TPE m\u00e4nnliche Keuschheit K\u00e4fig, 3D-Druck-Technologie, Cock Cage, 6 Sizing Ringe &amp; Zubeh\u00f6r, \uff08Transparenz)"},"content":{"rendered":"<ul class=\"a-unordered-list a-vertical a-spacing-mini\" style=\"box-sizing: border-box; margin: 0px 0px 0px 18px; color: #0f1111; padding: 0px; font-family: 'Amazon Ember', Arial, sans-serif; font-size: 14px; background-color: #ffffff;\">\n<li class=\"a-spacing-mini\" style=\"box-sizing: border-box; list-style: disc; overflow-wrap: break-word; margin: 0px;\"><strong>\u3010Soft TPE M\u00e4nnliche Keuschheit K\u00e4fig\u3011\uff1a<\/strong>Dieser Keuschheitsk\u00e4fig ist aus hochwertigem TPE-Material gefertigt, das ihn weich und leicht macht. Sie werden kein Unbehagen versp\u00fcren, auch wenn Sie ihn lange Zeit tragen. Wenn Sie ihn mit Frauenkleidern tragen, werden Sie das Gef\u00fchl haben, dass er mit Ihrem K\u00f6rper verbunden ist, was Sie sehr erregen wird.<\/li>\n<li><strong>\u30106 Gr\u00f6\u00dfenmessringe &amp; Zubeh\u00f6r\u3011\uff1a<\/strong>Unser Keuschheitsk\u00e4fig wird mit sechs verschiedenen Ringgr\u00f6\u00dfen geliefert, so dass Sie ihn tragen k\u00f6nnen, wie Sie m\u00f6chten.<\/li>\n<li><strong>\u3010Hohles Design\u3011\uff1a<\/strong>Dieser K\u00e4fig verf\u00fcgt \u00fcber ein ausgeh\u00f6hltes Design, das eine hervorragende Luftzirkulation f\u00f6rdert und somit einen hohen Tragekomfort \u00fcber einen langen Zeitraum gew\u00e4hrleistet. Dar\u00fcber hinaus erm\u00f6glicht ein Urinierloch an der Spitze ein normales Urinieren, auch wenn er gesperrt ist.<\/li>\n<li class=\"a-spacing-mini\" style=\"box-sizing: border-box; list-style: disc; overflow-wrap: break-word; margin: 0px;\"><strong>\u30103D Gedruckte Technologie\u3011\uff1a<\/strong>Dieser Keuschheitsk\u00e4fig wird mit 3D-Drucktechnologie hergestellt und erreicht eine perfekte Passform. Nach dem Polieren von Hand ist die Oberfl\u00e4che glatt, was den Tragekomfort verbessert.<\/li>\n<li class=\"a-spacing-mini\" style=\"box-sizing: border-box; list-style: disc; overflow-wrap: break-word; margin: 0px;\"><strong>\u3010Sissy Style Cock Cage\u3011\uff1a<\/strong>Dieser Keuschheitsk\u00e4fig hat das Aussehen von weiblichen Genitalien. Ob f\u00fcr Rollenspiele oder Selbstbefriedigung, es liefert intensive Befriedigung.<\/li>\n<li><strong>\u00a0 \u00a0\u3010FAQ\u3011<\/strong><\/li>\n<li><strong>Wie man das Produkt reinigt\uff1a<\/strong>Um diese Keuschheitsvorrichtung im Sissy-Stil zu reinigen, sp\u00fclen Sie sie zun\u00e4chst unter warmem Wasser ab. Sch\u00e4umen Sie es mit einer sanften, unparf\u00fcmierten Seife ein, schrubben Sie die Oberfl\u00e4che leicht und sp\u00fclen Sie es dann vollst\u00e4ndig ab. Lassen Sie es an einem k\u00fchlen, gut bel\u00fcfteten Ort an der Luft trocknen. Vermeiden Sie scheuernde Reinigungsmittel und hei\u00dfes Wasser, um das Material nicht zu besch\u00e4digen.<\/li>\n<\/ul>","protected":false},"excerpt":{"rendered":"<p>Entdecken Sie diesen TPE-Keuschheits-K\u00e4fig f\u00fcr M\u00e4nner. Bequem, langlebig, Jetzt bei Rupipichastity kaufen!<\/p>","protected":false},"featured_media":3834,"comment_status":"open","ping_status":"closed","template":"","meta":{"_joinchat":[]},"product_brand":[],"product_cat":[35],"product_tag":[],"class_list":{"0":"post-2704","1":"product","2":"type-product","3":"status-publish","4":"has-post-thumbnail","6":"product_cat-sissy-chastity-cage","7":"product_shipping_class-exemption-from-postage","9":"first","10":"instock","11":"sale","12":"shipping-taxable","13":"purchasable","14":"product-type-variable"},"_links":{"self":[{"href":"https:\/\/www.rupipichastity.com\/de\/wp-json\/wp\/v2\/product\/2704","targetHints":{"allow":["GET"]}}],"collection":[{"href":"https:\/\/www.rupipichastity.com\/de\/wp-json\/wp\/v2\/product"}],"about":[{"href":"https:\/\/www.rupipichastity.com\/de\/wp-json\/wp\/v2\/types\/product"}],"replies":[{"embeddable":true,"href":"https:\/\/www.rupipichastity.com\/de\/wp-json\/wp\/v2\/comments?post=2704"}],"wp:featuredmedia":[{"embeddable":true,"href":"https:\/\/www.rupipichastity.com\/de\/wp-json\/wp\/v2\/media\/3834"}],"wp:attachment":[{"href":"https:\/\/www.rupipichastity.com\/de\/wp-json\/wp\/v2\/media?parent=2704"}],"wp:term":[{"taxonomy":"product_brand","embeddable":true,"href":"https:\/\/www.rupipichastity.com\/de\/wp-json\/wp\/v2\/product_brand?post=2704"},{"taxonomy":"product_cat","embeddable":true,"href":"https:\/\/www.rupipichastity.com\/de\/wp-json\/wp\/v2\/product_cat?post=2704"},{"taxonomy":"product_tag","embeddable":true,"href":"https:\/\/www.rupipichastity.com\/de\/wp-json\/wp\/v2\/product_tag?post=2704"}],"curies":[{"name":"wp","href":"https:\/\/api.w.org\/{rel}","templated":true}]}}