{"id":2913,"date":"2026-01-16T08:49:00","date_gmt":"2026-01-16T08:49:00","guid":{"rendered":"https:\/\/www.rupipichastity.com\/?post_type=product&#038;p=2913"},"modified":"2026-03-23T08:04:00","modified_gmt":"2026-03-23T08:04:00","slug":"rupipi-3d-printed-man-chastity-cage-resin-material-5-rings-accessories-sturdy-comfortablepink","status":"publish","type":"product","link":"https:\/\/www.rupipichastity.com\/de\/produkt\/rupipi-3d-printed-man-chastity-cage-resin-material-5-rings-accessories-sturdy-comfortablepink","title":{"rendered":"Rupipi 3D gedruckter Keuschheitsk\u00e4fig f\u00fcr M\u00e4nner, Harzmaterial, 5 Ringe und Zubeh\u00f6r, stabil und bequem (Rosa)"},"content":{"rendered":"<ul class=\"a-unordered-list a-vertical a-spacing-mini\">\n<li class=\"a-spacing-mini\"><strong>\u30105 Gr\u00f6\u00dfe Ringe\u3011\uff1a<\/strong>Dieser Keuschheitsk\u00e4fig wird mit f\u00fcnf Ringen in verschiedenen Gr\u00f6\u00dfen geliefert, so dass Sie leicht die perfekte Passform f\u00fcr sich selbst finden k\u00f6nnen. Wenn er verschlossen ist, wird er noch sicherer, sodass dein Partner nicht mehr entkommen kann.<\/li>\n<li class=\"a-spacing-mini\"><strong>\u30103D Gedruckter m\u00e4nnlicher Keuschheitsk\u00e4fig\u3011\uff1a<\/strong>Dieser Keuschheitsk\u00e4fig wird im 3D-Druckverfahren hergestellt und von Hand poliert, um eine glatte Oberfl\u00e4che zu gew\u00e4hrleisten. Der K\u00e4fig ist extrem leicht und f\u00fchlt sich beim Tragen wie ein nat\u00fcrlicher Teil des K\u00f6rpers an, wodurch er sich hervorragend f\u00fcr das langfristige Tragen eignet.<\/li>\n<li><strong>\u3010drei Arten von Schlosssystemen\u3011\uff1a<\/strong>Das Messingschloss ist f\u00fcr den t\u00e4glichen Gebrauch gedacht, w\u00e4hrend das Kunststoffschloss und die Einwegschl\u00f6sser das Passieren von Sicherheitskontrollen, Reisen, Schwimmen und vieles mehr erleichtern.<\/li>\n<li><strong>\u3010einzigartiges Design\u3011\uff1a<\/strong>Dieses einzigartige Design macht den K\u00e4fig sicher und gleichzeitig leicht flexibel, was ihn ideal f\u00fcr Anf\u00e4nger macht. Und das spiralf\u00f6rmige Design f\u00e4ngt das Auge deines Meisters w\u00e4hrend des Rollenspiels leichter ein, was dir ein Gef\u00fchl der Erf\u00fcllung gibt.<\/li>\n<li><strong>\u3010Patentiertes Kunststoffschloss\u3011\uff1a<\/strong>Ausgestattet mit dem einzigen Kunststoffschloss auf dem Markt, das eine voll funktionsf\u00e4hige Verriegelung bietet, kann es die Sicherheitskontrollen passieren und unter der Dusche oder beim Schwimmen getragen werden.<\/li>\n<li><strong>\u3010Wichtiger Hinweis\u3011\uff1a<\/strong>Lesen Sie die Gr\u00f6\u00dfentabelle sorgf\u00e4ltig durch, bevor Sie Ihre Bestellung aufgeben.<\/li>\n<li><strong>FAQ:<\/strong><\/li>\n<li><strong>wo man Keuschheitsk\u00e4fige kaufen kann\uff1a<\/strong>W\u00e4hlen Sie einfach die gew\u00fcnschte Gr\u00f6\u00dfe und Menge aus, und schon k\u00f6nnen Sie Ihre Bestellung aufgeben!<\/li>\n<\/ul>","protected":false},"excerpt":{"rendered":"<p>Entdecken Sie diesen Keuschheitsk\u00e4fig f\u00fcr M\u00e4nner. Bequem, langlebig und jetzt bei Rupipichastity zu kaufen!<\/p>","protected":false},"featured_media":3058,"comment_status":"open","ping_status":"closed","template":"","meta":{"_joinchat":[]},"product_brand":[],"product_cat":[250],"product_tag":[],"class_list":{"0":"post-2913","1":"product","2":"type-product","3":"status-publish","4":"has-post-thumbnail","6":"product_cat-s6-spiral-chastity-cage","7":"product_shipping_class-exemption-from-postage","9":"first","10":"instock","11":"sale","12":"shipping-taxable","13":"purchasable","14":"product-type-variable"},"_links":{"self":[{"href":"https:\/\/www.rupipichastity.com\/de\/wp-json\/wp\/v2\/product\/2913","targetHints":{"allow":["GET"]}}],"collection":[{"href":"https:\/\/www.rupipichastity.com\/de\/wp-json\/wp\/v2\/product"}],"about":[{"href":"https:\/\/www.rupipichastity.com\/de\/wp-json\/wp\/v2\/types\/product"}],"replies":[{"embeddable":true,"href":"https:\/\/www.rupipichastity.com\/de\/wp-json\/wp\/v2\/comments?post=2913"}],"wp:featuredmedia":[{"embeddable":true,"href":"https:\/\/www.rupipichastity.com\/de\/wp-json\/wp\/v2\/media\/3058"}],"wp:attachment":[{"href":"https:\/\/www.rupipichastity.com\/de\/wp-json\/wp\/v2\/media?parent=2913"}],"wp:term":[{"taxonomy":"product_brand","embeddable":true,"href":"https:\/\/www.rupipichastity.com\/de\/wp-json\/wp\/v2\/product_brand?post=2913"},{"taxonomy":"product_cat","embeddable":true,"href":"https:\/\/www.rupipichastity.com\/de\/wp-json\/wp\/v2\/product_cat?post=2913"},{"taxonomy":"product_tag","embeddable":true,"href":"https:\/\/www.rupipichastity.com\/de\/wp-json\/wp\/v2\/product_tag?post=2913"}],"curies":[{"name":"wp","href":"https:\/\/api.w.org\/{rel}","templated":true}]}}