{"id":3338,"date":"2026-01-30T05:25:07","date_gmt":"2026-01-30T05:25:07","guid":{"rendered":"https:\/\/www.rupipichastity.com\/?post_type=product&#038;p=3338"},"modified":"2026-03-23T09:13:39","modified_gmt":"2026-03-23T09:13:39","slug":"3d-printed-resin-male-chastity-cage-breathable-comfortable%ef%bc%8c5-sizing-rings-adult-toy%ef%bc%88pink%ef%bc%89","status":"publish","type":"product","link":"https:\/\/www.rupipichastity.com\/de\/produkt\/3d-printed-resin-male-chastity-cage-breathable-comfortable%ef%bc%8c5-sizing-rings-adult-toy%ef%bc%88pink%ef%bc%89","title":{"rendered":"3D gedruckt Harz m\u00e4nnlich Keuschheit K\u00e4fig, atmungsaktiv &amp; komfortabel, 5 Gr\u00f6\u00dfen Ringe, Erwachsene Spielzeug\uff08Pink\uff09"},"content":{"rendered":"<ul class=\"a-unordered-list a-vertical a-spacing-mini\">\n<li><strong>\u3010Resin Male Chastity Cage\u3011\uff1a<\/strong>Dieser Keuschheitsk\u00e4fig wird mit Harz 3D-gedruckt und ist robust und langlebig. Er ist handpoliert, um eine glatte Oberfl\u00e4che zu gew\u00e4hrleisten, und die 3D-Drucktechnologie sorgt f\u00fcr eine perfekte Passform. Wenn Sie den K\u00e4fig tragen, werden Sie eine deutliche Fesselung sp\u00fcren, die Ihnen psychologische Befriedigung verschafft.<\/li>\n<li><strong>\u3010Atmungsaktiv &amp; Komfortabel\u3011\uff1a<\/strong>Dieser Keuschheitsk\u00e4fig verf\u00fcgt \u00fcber ein spezielles Urinierloch, das ein nat\u00fcrliches Urinieren w\u00e4hrend des Tragens erm\u00f6glicht und ein h\u00e4ufiges Ausziehen \u00fcberfl\u00fcssig macht; sein hohles Design verbessert die Luftzirkulation, um die Trockenheit zu erhalten und das Bakterienwachstum zu hemmen, besonders bei hei\u00dfem Wetter.<\/li>\n<li><strong>\u30105 Lehren Ringe\u3011\uff1a<\/strong>Dieser Keuschheitsk\u00e4fig wird mit 5 unterschiedlich gro\u00dfen Ringen geliefert, so dass er f\u00fcr alle K\u00f6rpertypen passt.<\/li>\n<li><strong>\u3010Vielf\u00e4ltiges Zubeh\u00f6r\u3011\uff1a<\/strong>Im Lieferumfang enthalten sind ein Messingschloss, ein Kunststoffschloss, ein G\u00fcrtel, drei Einwegschl\u00f6sser und ein Katheter, die alle gew\u00fcnschten Spielarten befriedigen.<\/li>\n<li><strong>\u3010Patentiertes Kunststoffschloss\u3011:<\/strong>Ausgestattet mit dem einzigen Kunststoffschloss auf dem Markt, das eine voll funktionsf\u00e4hige Verriegelung bietet, kann es die Sicherheitskontrollen passieren und unter der Dusche oder beim Schwimmen getragen werden.<\/li>\n<li><strong>\u3010Wichtiger Hinweis\u3011\uff1a<\/strong>Lesen Sie die Gr\u00f6\u00dfentabelle sorgf\u00e4ltig durch, bevor Sie Ihre Bestellung aufgeben.<\/li>\n<li><strong>\u00a0 \u3010FAQ\u3011<\/strong><\/li>\n<li><strong><strong>Wie man den Keuschheitsg\u00fcrtel anlegt\uff1a<\/strong><\/strong>Beginnen Sie mit der Reinigung des Genitalbereichs. W\u00e4hlen Sie einen Basisring in der richtigen Gr\u00f6\u00dfe und befestigen Sie ihn um die Wurzel. Nachdem Sie Ihre Genitalien vorsichtig in den K\u00e4fig gef\u00fchrt haben, richten Sie das Verschlusssystem aus und ziehen es fest an. Stellen Sie den Verschluss so ein, dass er fest, aber bequem sitzt, damit er nicht zu fest angezogen wird.<\/li>\n<li><strong><strong>Reinigung und Pflege:<\/strong><\/strong>Reinigen und desinfizieren Sie das Produkt vor und nach dem Tragen: Sp\u00fclen Sie es mit warmem Wasser und neutralem Reinigungsmittel ab, desinfizieren Sie es mit alkoholhaltigen Wattepads und lassen Sie es gr\u00fcndlich an der Luft trocknen. Vermeiden Sie gro\u00dfe Hitze und scharfe Gegenst\u00e4nde, um Rost an den Metallschl\u00f6ssern zu vermeiden, und versiegeln Sie es f\u00fcr die Lagerung, wenn es nicht mehr gebraucht wird.<\/li>\n<\/ul>","protected":false},"excerpt":{"rendered":"<p>Entdecken Sie einen rosa Keuschheitsk\u00e4fig f\u00fcr M\u00e4nner.  Kaufen Sie jetzt bei Rupipichastity f\u00fcr Komfort und Sicherheit!<\/p>","protected":false},"featured_media":3720,"comment_status":"open","ping_status":"closed","template":"","meta":{"_joinchat":[]},"product_brand":[],"product_cat":[34],"product_tag":[],"class_list":{"0":"post-3338","1":"product","2":"type-product","3":"status-publish","4":"has-post-thumbnail","6":"product_cat-mini-cage","7":"product_shipping_class-exemption-from-postage","9":"first","10":"instock","11":"sale","12":"shipping-taxable","13":"purchasable","14":"product-type-variable"},"_links":{"self":[{"href":"https:\/\/www.rupipichastity.com\/de\/wp-json\/wp\/v2\/product\/3338","targetHints":{"allow":["GET"]}}],"collection":[{"href":"https:\/\/www.rupipichastity.com\/de\/wp-json\/wp\/v2\/product"}],"about":[{"href":"https:\/\/www.rupipichastity.com\/de\/wp-json\/wp\/v2\/types\/product"}],"replies":[{"embeddable":true,"href":"https:\/\/www.rupipichastity.com\/de\/wp-json\/wp\/v2\/comments?post=3338"}],"wp:featuredmedia":[{"embeddable":true,"href":"https:\/\/www.rupipichastity.com\/de\/wp-json\/wp\/v2\/media\/3720"}],"wp:attachment":[{"href":"https:\/\/www.rupipichastity.com\/de\/wp-json\/wp\/v2\/media?parent=3338"}],"wp:term":[{"taxonomy":"product_brand","embeddable":true,"href":"https:\/\/www.rupipichastity.com\/de\/wp-json\/wp\/v2\/product_brand?post=3338"},{"taxonomy":"product_cat","embeddable":true,"href":"https:\/\/www.rupipichastity.com\/de\/wp-json\/wp\/v2\/product_cat?post=3338"},{"taxonomy":"product_tag","embeddable":true,"href":"https:\/\/www.rupipichastity.com\/de\/wp-json\/wp\/v2\/product_tag?post=3338"}],"curies":[{"name":"wp","href":"https:\/\/api.w.org\/{rel}","templated":true}]}}