{"id":4441,"date":"2026-03-27T08:18:35","date_gmt":"2026-03-27T08:18:35","guid":{"rendered":"https:\/\/www.rupipichastity.com\/?post_type=product&#038;p=4441"},"modified":"2026-03-27T09:57:15","modified_gmt":"2026-03-27T09:57:15","slug":"male-chastity-cage-4-rings-and-accessories-massage-chastity-cage-resin-material-bdsm-accessories-pink","status":"publish","type":"product","link":"https:\/\/www.rupipichastity.com\/de\/produkt\/male-chastity-cage-4-rings-and-accessories-massage-chastity-cage-resin-material-bdsm-accessories-pink","title":{"rendered":"M\u00e4nnlicher Keuschheitsk\u00e4fig, 4 Ringe und Zubeh\u00f6r, Massage-Keuschheitsk\u00e4fig, Harzmaterial, BDSM-Zubeh\u00f6r (Pink)"},"content":{"rendered":"<ul>\n<li><strong>[3D Printed Male Chastity Cage]:<\/strong>This chastity cage is made with 3D printing and hand polishing to ensure a smooth surface.The cage is extremely lightweight, and it feels like a natural part of your body when worn, making it highly suitable for long-term wear.<\/li>\n<li><strong>[Massage Chastity Cage]:<\/strong>This product comes with rubber plugs. The blunt-ended rubber plug gives you a &#8220;comfortable&#8221; massage experience, while the spiked rubber plug brings intense stimulation to your naughty partner. Heaven or hell, it depends on which one you use.<\/li>\n<li><strong>[three kinds of lock systems]:<\/strong>Comes with a brass lock, a plastic lock, a belt and three disposable locks to adapt to various situations.The brass lock is intended for daily use, while the plastic lock and disposable locks make it easy to pass security checks, travel, go swimming and more.<\/li>\n<li><strong>[4\u00a0Size Rings]:<\/strong>This chastity cage comes with four\u00a0different sized rings.It suits people of all body types.<\/li>\n<li>[Patented Plastic Lock]:Equipped with the only plastic lock on the market that provides fully functional locking, it can pass through security checks and be worn in the shower or while swimming.<\/li>\n<li><strong>[Important Notice]:<\/strong>We default to sending black rubber plugs. If you want pink ones, please contact us. Please read the size chart carefully before placing your order.<\/li>\n<\/ul>\n","protected":false},"excerpt":{"rendered":"<p>Massage-Keuschheitsk\u00e4fig mit Gummipfropfen. Wenn Sie ein intensiveres Erlebnis w\u00fcnschen, ist dieses Produkt definitiv Ihre beste Wahl!<\/p>","protected":false},"featured_media":4519,"comment_status":"open","ping_status":"closed","template":"","meta":{"_joinchat":[]},"product_brand":[],"product_cat":[322],"product_tag":[],"class_list":{"0":"post-4441","1":"product","2":"type-product","3":"status-publish","4":"has-post-thumbnail","6":"product_cat-s5-chastity-cage","7":"product_shipping_class-exemption-from-postage","9":"first","10":"instock","11":"sale","12":"shipping-taxable","13":"purchasable","14":"product-type-variable"},"_links":{"self":[{"href":"https:\/\/www.rupipichastity.com\/de\/wp-json\/wp\/v2\/product\/4441","targetHints":{"allow":["GET"]}}],"collection":[{"href":"https:\/\/www.rupipichastity.com\/de\/wp-json\/wp\/v2\/product"}],"about":[{"href":"https:\/\/www.rupipichastity.com\/de\/wp-json\/wp\/v2\/types\/product"}],"replies":[{"embeddable":true,"href":"https:\/\/www.rupipichastity.com\/de\/wp-json\/wp\/v2\/comments?post=4441"}],"wp:featuredmedia":[{"embeddable":true,"href":"https:\/\/www.rupipichastity.com\/de\/wp-json\/wp\/v2\/media\/4519"}],"wp:attachment":[{"href":"https:\/\/www.rupipichastity.com\/de\/wp-json\/wp\/v2\/media?parent=4441"}],"wp:term":[{"taxonomy":"product_brand","embeddable":true,"href":"https:\/\/www.rupipichastity.com\/de\/wp-json\/wp\/v2\/product_brand?post=4441"},{"taxonomy":"product_cat","embeddable":true,"href":"https:\/\/www.rupipichastity.com\/de\/wp-json\/wp\/v2\/product_cat?post=4441"},{"taxonomy":"product_tag","embeddable":true,"href":"https:\/\/www.rupipichastity.com\/de\/wp-json\/wp\/v2\/product_tag?post=4441"}],"curies":[{"name":"wp","href":"https:\/\/api.w.org\/{rel}","templated":true}]}}