{"id":4600,"date":"2026-04-10T02:32:49","date_gmt":"2026-04-10T02:32:49","guid":{"rendered":"https:\/\/www.rupipichastity.com\/?post_type=product&#038;p=4600"},"modified":"2026-04-22T06:36:21","modified_gmt":"2026-04-22T06:36:21","slug":"male-chastity-cage-5-rings-accessories-resin-material-secure-comfortable-male-sex-toy-camouflage","status":"publish","type":"product","link":"https:\/\/www.rupipichastity.com\/de\/produkt\/male-chastity-cage-5-rings-accessories-resin-material-secure-comfortable-male-sex-toy-camouflage","title":{"rendered":"M\u00e4nnlicher Keuschheits-K\u00e4fig, 5-Ringe &amp; Zubeh\u00f6r, Harz-Material, sicher &amp; bequem, m\u00e4nnliches Sexspielzeug (Camouflage )"},"content":{"rendered":"<ul class=\"a-unordered-list a-vertical a-spacing-mini\">\n<li class=\"a-spacing-mini\"><strong>\u30103D Gedruckter m\u00e4nnlicher Keuschheitsk\u00e4fig\u3011\uff1a<\/strong>Dieser Keuschheitsk\u00e4fig wird im 3D-Druckverfahren hergestellt und von Hand poliert, um eine glatte Oberfl\u00e4che zu gew\u00e4hrleisten. Der K\u00e4fig ist extrem leicht und f\u00fchlt sich beim Tragen wie ein nat\u00fcrlicher Teil des K\u00f6rpers an, wodurch er sich hervorragend f\u00fcr das langfristige Tragen eignet.<\/li>\n<li><strong><span class=\"a-list-item\">\u30105 Gr\u00f6\u00dfe Ringe\u3011\uff1a<\/span><\/strong>Dieser Keuschheitsk\u00e4fig wird mit f\u00fcnf verschieden gro\u00dfen Ringen geliefert und eignet sich f\u00fcr Menschen aller K\u00f6rpertypen.<\/li>\n<li><strong><span class=\"a-list-item\">\u3010Drei Arten von Schlosssystemen\u3011\uff1a<\/span><\/strong>Das Messingschloss ist f\u00fcr den t\u00e4glichen Gebrauch gedacht, w\u00e4hrend das Kunststoffschloss und die Einwegschl\u00f6sser das Passieren von Sicherheitskontrollen, Reisen, Schwimmen und vieles mehr erleichtern.<\/li>\n<li><strong>\u3010Sicher &amp; Bequem\u3011\uff1a<\/strong>Dieser K\u00e4fig ist aus hochwertigen Materialien gefertigt, die ihn robust und bequem machen, perfekt f\u00fcr langes Tragen. Dein Schwanz will ausbrechen und spielen, kann aber nicht, bis dein Schl\u00fcsselhalter.<\/li>\n<li class=\"a-spacing-mini\"><span class=\"a-list-item\"><strong>\u3010Patentiertes Kunststoffschloss\u3011\uff1a<\/strong>Ausgestattet mit dem einzigen Kunststoffschloss auf dem Markt, das eine voll funktionsf\u00e4hige Verriegelung bietet, kann es die Sicherheitskontrollen passieren und unter der Dusche oder beim Schwimmen getragen werden.<\/span><\/li>\n<li class=\"a-spacing-mini\"><strong>FAQ:<\/strong><\/li>\n<li data-start=\"282\" data-end=\"563\"><strong>Wie man einen Keuschheitsk\u00e4fig benutzt:<\/strong>Vor dem Tragen reinigen und desinfizieren. W\u00e4hlen Sie das Zubeh\u00f6r in der richtigen Gr\u00f6\u00dfe. Kontrollieren Sie die Tragedauer. Ziehen Sie es sofort aus, wenn Sie sich unwohl f\u00fchlen. Verwenden Sie es nicht, wenn Sie Entz\u00fcndungen oder Wunden im Intimbereich haben.<\/li>\n<\/ul>","protected":false},"excerpt":{"rendered":"<p>Ein sicherer und komfortabler Keuschheitsk\u00e4fig f\u00fcr M\u00e4nner - Sie haben es verdient!<\/p>","protected":false},"featured_media":4613,"comment_status":"open","ping_status":"closed","template":"","meta":{"_joinchat":[]},"product_brand":[],"product_cat":[42],"product_tag":[],"class_list":{"0":"post-4600","1":"product","2":"type-product","3":"status-publish","4":"has-post-thumbnail","6":"product_cat-s2-chastity-cage","7":"product_shipping_class-exemption-from-postage","9":"first","10":"instock","11":"sale","12":"shipping-taxable","13":"purchasable","14":"product-type-variable"},"_links":{"self":[{"href":"https:\/\/www.rupipichastity.com\/de\/wp-json\/wp\/v2\/product\/4600","targetHints":{"allow":["GET"]}}],"collection":[{"href":"https:\/\/www.rupipichastity.com\/de\/wp-json\/wp\/v2\/product"}],"about":[{"href":"https:\/\/www.rupipichastity.com\/de\/wp-json\/wp\/v2\/types\/product"}],"replies":[{"embeddable":true,"href":"https:\/\/www.rupipichastity.com\/de\/wp-json\/wp\/v2\/comments?post=4600"}],"wp:featuredmedia":[{"embeddable":true,"href":"https:\/\/www.rupipichastity.com\/de\/wp-json\/wp\/v2\/media\/4613"}],"wp:attachment":[{"href":"https:\/\/www.rupipichastity.com\/de\/wp-json\/wp\/v2\/media?parent=4600"}],"wp:term":[{"taxonomy":"product_brand","embeddable":true,"href":"https:\/\/www.rupipichastity.com\/de\/wp-json\/wp\/v2\/product_brand?post=4600"},{"taxonomy":"product_cat","embeddable":true,"href":"https:\/\/www.rupipichastity.com\/de\/wp-json\/wp\/v2\/product_cat?post=4600"},{"taxonomy":"product_tag","embeddable":true,"href":"https:\/\/www.rupipichastity.com\/de\/wp-json\/wp\/v2\/product_tag?post=4600"}],"curies":[{"name":"wp","href":"https:\/\/api.w.org\/{rel}","templated":true}]}}