{"id":1471,"date":"2025-11-13T01:51:20","date_gmt":"2025-11-13T01:51:20","guid":{"rendered":"https:\/\/demo3.361sale.com\/?post_type=product&#038;p=1471"},"modified":"2026-03-23T09:17:39","modified_gmt":"2026-03-23T09:17:39","slug":"3d-printed-resin-male-chastity-cage-4-sizing-rings-adjustable-strap-adult-toy%ef%bc%8ccomfortable-breathable%ef%bc%88pink%ef%bc%89","status":"publish","type":"product","link":"https:\/\/www.rupipichastity.com\/es\/producto\/3d-printed-resin-male-chastity-cage-4-sizing-rings-adjustable-strap-adult-toy%ef%bc%8ccomfortable-breathable%ef%bc%88pink%ef%bc%89","title":{"rendered":"3D Printed Resin Male Chastity Cage, 4 Sizing Rings &amp; Adjustable Strap, adult toy\uff0cComfortable &amp; Breathable\uff08Pink\uff09"},"content":{"rendered":"<ul class=\"a-unordered-list a-vertical a-spacing-mini\" style=\"box-sizing: border-box; margin: 0px 0px 0px 18px; color: #0f1111; padding: 0px; font-family: 'Amazon Ember', Arial, sans-serif; font-size: 14px; background-color: #ffffff;\">\n<li><strong>\u3010Resin Male Chastity Cage\u3011\uff1a<\/strong>This chastity cage is 3D printed with resin, and it is sturdy and durable. It is hand-polished\u00a0to ensure a smooth surface, and 3D printing technology ensures a perfect fit. When you wear the cage, you will feel a distinct of restraint, which brings you psychological satisfaction.<\/li>\n<li><strong>\u30104 Sizing Rings &amp; Adjustable Strap\u3011\uff1a<\/strong>This chastity cage comes with 4 differently sized rings and an adjustable strap, ensuring a fit for all body types.<\/li>\n<li><strong>\u3010Comfortable\u00a0&amp; Breathable\u3011\uff1a<\/strong>This chastity cage features a dedicated urination hole,\u00a0allowing for natural urination while worn and avoiding the need for frequent removal.Its hollow design enhances airflow to maintain dryness and inhibit bacterial growth, especially during hot weather.<\/li>\n<li><strong>\u3010Patented Plastic Lock\u3011\uff1a<\/strong>Equipado con el \u00fanico cierre de pl\u00e1stico del mercado que proporciona un bloqueo totalmente funcional, puede pasar los controles de seguridad y llevarse en la ducha o mientras se nada.<\/li>\n<li><strong>\u3010Various Accessories\u3011\uff1a<\/strong>Comes with a brass lock, a plastic lock,a belt,\u00a0three disposable locks and a catheter, satisfying all the play styles you want.<\/li>\n<li><strong>\u3010Aviso importante\u3011\uff1a<\/strong>Lea atentamente la tabla de tallas antes de realizar el pedido.<\/li>\n<li><strong>PREGUNTAS FRECUENTES:<\/strong><\/li>\n<li data-start=\"282\" data-end=\"563\"><strong>C\u00f3mo usar una jaula de castidad:<\/strong>Limpiar y desinfectar antes de usar. Seleccionar accesorios de la talla adecuada. Controle la duraci\u00f3n del uso. Qu\u00edtatelo inmediatamente si te encuentras mal. No lo utilices si tienes inflamaci\u00f3n o heridas en la zona \u00edntima.<\/li>\n<li><strong>C\u00f3mo limpiar la jaula de castidad:<\/strong>Limpie los accesorios con agua tibia y detergente neutro. Acl\u00e1ralos y s\u00e9calos bien. No utilice productos de limpieza agresivos ni a alta temperatura para evitar da\u00f1ar el producto.<\/li>\n<li class=\"a-spacing-mini\" style=\"box-sizing: border-box; list-style: disc; overflow-wrap: break-word; margin: 0px;\"><img fetchpriority=\"high\" decoding=\"async\" class=\"alignnone size-medium wp-image-1475\" src=\"https:\/\/demo3.361sale.com\/wp-content\/uploads\/2025\/11\/3-19-300x186.jpg\" alt=\"\" width=\"300\" height=\"186\" srcset=\"https:\/\/www.rupipichastity.com\/wp-content\/uploads\/2025\/11\/3-19-300x186.jpg 300w, https:\/\/www.rupipichastity.com\/wp-content\/uploads\/2025\/11\/3-19-768x475.jpg 768w, https:\/\/www.rupipichastity.com\/wp-content\/uploads\/2025\/11\/3-19-600x371.jpg 600w, https:\/\/www.rupipichastity.com\/wp-content\/uploads\/2025\/11\/3-19.jpg 970w\" sizes=\"(max-width: 300px) 100vw, 300px\" \/><img decoding=\"async\" class=\"alignnone size-medium wp-image-1473\" src=\"https:\/\/demo3.361sale.com\/wp-content\/uploads\/2025\/11\/1-19-300x186.jpg\" alt=\"\" width=\"300\" height=\"186\" srcset=\"https:\/\/www.rupipichastity.com\/wp-content\/uploads\/2025\/11\/1-19-300x186.jpg 300w, https:\/\/www.rupipichastity.com\/wp-content\/uploads\/2025\/11\/1-19-768x475.jpg 768w, https:\/\/www.rupipichastity.com\/wp-content\/uploads\/2025\/11\/1-19-600x371.jpg 600w, https:\/\/www.rupipichastity.com\/wp-content\/uploads\/2025\/11\/1-19.jpg 970w\" sizes=\"(max-width: 300px) 100vw, 300px\" \/><img decoding=\"async\" class=\"alignnone size-medium wp-image-1472\" src=\"https:\/\/demo3.361sale.com\/wp-content\/uploads\/2025\/11\/5-14-300x186.jpg\" alt=\"\" width=\"300\" height=\"186\" srcset=\"https:\/\/www.rupipichastity.com\/wp-content\/uploads\/2025\/11\/5-14-300x186.jpg 300w, https:\/\/www.rupipichastity.com\/wp-content\/uploads\/2025\/11\/5-14-768x475.jpg 768w, https:\/\/www.rupipichastity.com\/wp-content\/uploads\/2025\/11\/5-14-600x371.jpg 600w, https:\/\/www.rupipichastity.com\/wp-content\/uploads\/2025\/11\/5-14.jpg 970w\" sizes=\"(max-width: 300px) 100vw, 300px\" \/><img loading=\"lazy\" decoding=\"async\" class=\"alignnone size-medium wp-image-1476\" src=\"https:\/\/demo3.361sale.com\/wp-content\/uploads\/2025\/11\/4-19-300x186.jpg\" alt=\"\" width=\"300\" height=\"186\" srcset=\"https:\/\/www.rupipichastity.com\/wp-content\/uploads\/2025\/11\/4-19-300x186.jpg 300w, https:\/\/www.rupipichastity.com\/wp-content\/uploads\/2025\/11\/4-19-768x475.jpg 768w, https:\/\/www.rupipichastity.com\/wp-content\/uploads\/2025\/11\/4-19-600x371.jpg 600w, https:\/\/www.rupipichastity.com\/wp-content\/uploads\/2025\/11\/4-19.jpg 970w\" sizes=\"(max-width: 300px) 100vw, 300px\" \/><img loading=\"lazy\" decoding=\"async\" class=\"alignnone size-medium wp-image-1474\" src=\"https:\/\/demo3.361sale.com\/wp-content\/uploads\/2025\/11\/2-20-300x186.jpg\" alt=\"\" width=\"300\" height=\"186\" srcset=\"https:\/\/www.rupipichastity.com\/wp-content\/uploads\/2025\/11\/2-20-300x186.jpg 300w, https:\/\/www.rupipichastity.com\/wp-content\/uploads\/2025\/11\/2-20-768x475.jpg 768w, https:\/\/www.rupipichastity.com\/wp-content\/uploads\/2025\/11\/2-20-600x371.jpg 600w, https:\/\/www.rupipichastity.com\/wp-content\/uploads\/2025\/11\/2-20.jpg 970w\" sizes=\"(max-width: 300px) 100vw, 300px\" \/><\/li>\n<\/ul>","protected":false},"excerpt":{"rendered":"<p>This 3D printed pink chastity cage for men is equipped with a plastic lock and adjustable ring, ensuring comfort and safety for long-term wear. Visit Rupipichastity to purchase now!<\/p>","protected":false},"featured_media":3114,"comment_status":"open","ping_status":"closed","template":"","meta":{"_joinchat":[]},"product_brand":[],"product_cat":[34],"product_tag":[],"class_list":{"0":"post-1471","1":"product","2":"type-product","3":"status-publish","4":"has-post-thumbnail","6":"product_cat-mini-cage","7":"product_shipping_class-exemption-from-postage","9":"first","10":"instock","11":"sale","12":"shipping-taxable","13":"purchasable","14":"product-type-variable"},"_links":{"self":[{"href":"https:\/\/www.rupipichastity.com\/es\/wp-json\/wp\/v2\/product\/1471","targetHints":{"allow":["GET"]}}],"collection":[{"href":"https:\/\/www.rupipichastity.com\/es\/wp-json\/wp\/v2\/product"}],"about":[{"href":"https:\/\/www.rupipichastity.com\/es\/wp-json\/wp\/v2\/types\/product"}],"replies":[{"embeddable":true,"href":"https:\/\/www.rupipichastity.com\/es\/wp-json\/wp\/v2\/comments?post=1471"}],"wp:featuredmedia":[{"embeddable":true,"href":"https:\/\/www.rupipichastity.com\/es\/wp-json\/wp\/v2\/media\/3114"}],"wp:attachment":[{"href":"https:\/\/www.rupipichastity.com\/es\/wp-json\/wp\/v2\/media?parent=1471"}],"wp:term":[{"taxonomy":"product_brand","embeddable":true,"href":"https:\/\/www.rupipichastity.com\/es\/wp-json\/wp\/v2\/product_brand?post=1471"},{"taxonomy":"product_cat","embeddable":true,"href":"https:\/\/www.rupipichastity.com\/es\/wp-json\/wp\/v2\/product_cat?post=1471"},{"taxonomy":"product_tag","embeddable":true,"href":"https:\/\/www.rupipichastity.com\/es\/wp-json\/wp\/v2\/product_tag?post=1471"}],"curies":[{"name":"wp","href":"https:\/\/api.w.org\/{rel}","templated":true}]}}