{"id":1481,"date":"2025-11-13T02:13:42","date_gmt":"2025-11-13T02:13:42","guid":{"rendered":"https:\/\/demo3.361sale.com\/?post_type=product&#038;p=1481"},"modified":"2026-03-23T06:20:52","modified_gmt":"2026-03-23T06:20:52","slug":"cobra-cage-3d-printed-male-chastity-device5-ring-accessoriesrestraint-device-blue","status":"publish","type":"product","link":"https:\/\/www.rupipichastity.com\/es\/producto\/cobra-cage-3d-printed-male-chastity-device5-ring-accessoriesrestraint-device-blue","title":{"rendered":"Jaula Cobra, Dispositivo de Castidad Masculina Impreso en 3D,5 Anillos y Accesorios,Dispositivo de Restricci\u00f3n (Azul)"},"content":{"rendered":"<ul class=\"a-unordered-list a-vertical a-spacing-mini\" style=\"box-sizing: border-box; margin: 0px 0px 0px 18px; color: #0f1111; padding: 0px; font-family: 'Amazon Ember', Arial, sans-serif; font-size: 14px; background-color: #ffffff;\">\n<li class=\"a-spacing-mini\" style=\"box-sizing: border-box; list-style: disc; overflow-wrap: break-word; margin: 0px;\"><strong>\u3010Cobra Cage\u3011\uff1a<\/strong>El dise\u00f1o cl\u00e1sico de la jaula Cobra fusiona la tecnolog\u00eda de impresi\u00f3n 3D con la cultura BDSM. Fabricada en resina ligera y transpirable, su construcci\u00f3n multianillo garantiza comodidad y sujeci\u00f3n segura.<\/li>\n<li class=\"a-spacing-mini\" style=\"box-sizing: border-box; list-style: disc; overflow-wrap: break-word; margin: 0px;\"><strong>\u30105 Tama\u00f1o Anillos\u3011\uff1a<\/strong>Esta jaula de castidad viene con 5 anillos de diferentes tama\u00f1os y un cintur\u00f3n. Garantiza que todo el mundo pueda encontrar su ajuste perfecto, desde esclavos menudos a robustos sementales.<\/li>\n<li><strong>\u30103D Dispositivo de Castidad Masculino Impreso\u3011\uff1a<\/strong>Esta jaula de castidad est\u00e1 hecha con impresi\u00f3n 3D y pulido a mano para garantizar una superficie lisa. La jaula es extremadamente ligera, y se siente como una parte natural de su cuerpo cuando se usa, por lo que es muy adecuado para el uso a largo plazo.<\/li>\n<li><strong>\u3010tres tipos de sistemas de cierre\u3011\uff1a<\/strong>Viene con un candado de lat\u00f3n, un candado de pl\u00e1stico y tres candados desechables para adaptarse a diversas situaciones. El candado de lat\u00f3n est\u00e1 pensado para el uso diario, mientras que el candado de pl\u00e1stico y los candados desechables facilitan pasar los controles de seguridad, viajar, ir a nadar y mucho m\u00e1s.<\/li>\n<li class=\"a-spacing-mini\" style=\"box-sizing: border-box; list-style: disc; overflow-wrap: break-word; margin: 0px;\"><strong>\u3010Patented Plastic Lock\u3011\uff1a<\/strong>Equipado con el \u00fanico cierre de pl\u00e1stico del mercado que proporciona un bloqueo totalmente funcional, puede pasar los controles de seguridad y llevarse en la ducha o mientras se nada.<\/li>\n<li class=\"a-spacing-mini\" style=\"box-sizing: border-box; list-style: disc; overflow-wrap: break-word; margin: 0px;\"><strong>\u3010Aviso importante\u3011\uff1a<\/strong>Lea atentamente la tabla de tallas antes de realizar el pedido.<\/li>\n<li><strong>\u00a0 \u00a0\u3010FAQ\u3011<\/strong><\/li>\n<li><strong>C\u00f3mo es la comodidad para el desgaste a largo plazo\uff1a<\/strong>Es ultrac\u00f3modo para llevarlo todo el d\u00eda. El material de nailon es agradable a la piel y ligero, y su dise\u00f1o hueco favorece la transpirabilidad. Los anillos de 5 tama\u00f1os garantizan un ajuste ce\u00f1ido, sin pellizcos, e incluso se puede llevar con pa\u00f1ales para mayor comodidad.<\/li>\n<li><strong>C\u00f3mo elegir el tama\u00f1o de la jaula\uff1a<\/strong>Mide primero con precisi\u00f3n la circunferencia de la base de tu pene. Elige un anillo que se ajuste bien sin pellizcar. Prueba la longitud de la jaula para asegurarte de que no aprieta demasiado para llevarla c\u00f3modamente a largo plazo.<\/li>\n<\/ul>","protected":false},"excerpt":{"rendered":"<p>Una jaula de castidad masculina segura y c\u00f3moda: \u00a1te lo mereces!<\/p>","protected":false},"featured_media":3882,"comment_status":"open","ping_status":"closed","template":"","meta":{"_joinchat":[]},"product_brand":[],"product_cat":[36],"product_tag":[],"class_list":{"0":"post-1481","1":"product","2":"type-product","3":"status-publish","4":"has-post-thumbnail","6":"product_cat-s1-cobra-cage","7":"product_shipping_class-exemption-from-postage","9":"first","10":"instock","11":"sale","12":"shipping-taxable","13":"purchasable","14":"product-type-variable"},"_links":{"self":[{"href":"https:\/\/www.rupipichastity.com\/es\/wp-json\/wp\/v2\/product\/1481","targetHints":{"allow":["GET"]}}],"collection":[{"href":"https:\/\/www.rupipichastity.com\/es\/wp-json\/wp\/v2\/product"}],"about":[{"href":"https:\/\/www.rupipichastity.com\/es\/wp-json\/wp\/v2\/types\/product"}],"replies":[{"embeddable":true,"href":"https:\/\/www.rupipichastity.com\/es\/wp-json\/wp\/v2\/comments?post=1481"}],"wp:featuredmedia":[{"embeddable":true,"href":"https:\/\/www.rupipichastity.com\/es\/wp-json\/wp\/v2\/media\/3882"}],"wp:attachment":[{"href":"https:\/\/www.rupipichastity.com\/es\/wp-json\/wp\/v2\/media?parent=1481"}],"wp:term":[{"taxonomy":"product_brand","embeddable":true,"href":"https:\/\/www.rupipichastity.com\/es\/wp-json\/wp\/v2\/product_brand?post=1481"},{"taxonomy":"product_cat","embeddable":true,"href":"https:\/\/www.rupipichastity.com\/es\/wp-json\/wp\/v2\/product_cat?post=1481"},{"taxonomy":"product_tag","embeddable":true,"href":"https:\/\/www.rupipichastity.com\/es\/wp-json\/wp\/v2\/product_tag?post=1481"}],"curies":[{"name":"wp","href":"https:\/\/api.w.org\/{rel}","templated":true}]}}