{"id":1656,"date":"2025-11-13T05:39:21","date_gmt":"2025-11-13T05:39:21","guid":{"rendered":"https:\/\/demo3.361sale.com\/?post_type=product&#038;p=1656"},"modified":"2026-03-23T03:36:33","modified_gmt":"2026-03-23T03:36:33","slug":"3d-printed-male-chastity-cage-soft-tpe-material6-ring-sizes-accessory-sissy-style-slave-restraint-tools%ef%bc%88blue%ef%bc%89","status":"publish","type":"product","link":"https:\/\/www.rupipichastity.com\/es\/producto\/3d-printed-male-chastity-cage-soft-tpe-material6-ring-sizes-accessory-sissy-style-slave-restraint-tools%ef%bc%88blue%ef%bc%89","title":{"rendered":"3D impreso jaula de castidad masculina, material TPE suave, 6 tama\u00f1os de anillo y accesorios, estilo mariquita, esclavo herramientas de restricci\u00f3n\uff08Azul\uff09"},"content":{"rendered":"<ul class=\"a-unordered-list a-vertical a-spacing-mini\" style=\"box-sizing: border-box; margin: 0px 0px 0px 18px; color: #0f1111; padding: 0px; font-family: 'Amazon Ember', Arial, sans-serif; font-size: 14px; background-color: #ffffff;\">\n<li><strong>\u30103D Jaula de Castidad Masculina Impresa\u3011\uff1a<\/strong>Esta jaula de castidad est\u00e1 fabricada con tecnolog\u00eda de impresi\u00f3n 3D y consigue un ajuste perfecto. Despu\u00e9s de pulirla a mano, su superficie es lisa, lo que mejora la comodidad de uso.<\/li>\n<li><strong>\u30106 Tama\u00f1os de Anillo&amp; Accesorio\u3011\uff1a<\/strong>La jaula de castidad Rupipi viene con 6 anillos de diferentes tama\u00f1os, un candado de lat\u00f3n, un candado de pl\u00e1stico, un cintur\u00f3n y tres candados desechables para satisfacer diferentes necesidades.<\/li>\n<li><strong>\u3010Soft TPE Material\u3011\uff1a<\/strong>Esta jaula de castidad est\u00e1 hecha de material TPE de alta calidad, lo que la hace suave y ligera. No sentir\u00e1 ninguna molestia aunque la lleve puesta durante mucho tiempo. Cuando salgas us\u00e1ndola con ropa de mujer, sentir\u00e1s que est\u00e1 integrada con tu cuerpo, y esto te hace sentir excitada.<\/li>\n<li class=\"a-spacing-mini\" style=\"box-sizing: border-box; list-style: disc; overflow-wrap: break-word; margin: 0px;\"><strong>\u3010Sissy Style\u3011\uff1a<\/strong>Esta jaula de castidad presenta un elegante estilo mariquita y es una opci\u00f3n ideal para tus escenas de juegos de rol. Su dise\u00f1o ergon\u00f3mico garantiza un ajuste perfecto. Combina a la perfecci\u00f3n belleza y comodidad, elevando tu experiencia \u00edntima.<\/li>\n<li><strong>\u3010Patented Plastic Lock\u3011\uff1a<\/strong>Equipado con el \u00fanico cierre de pl\u00e1stico del mercado que proporciona un bloqueo totalmente funcional, puede pasar los controles de seguridad y llevarse en la ducha o mientras se nada.<\/li>\n<li class=\"a-spacing-mini\" style=\"box-sizing: border-box; list-style: disc; overflow-wrap: break-word; margin: 0px;\">\n<div><strong>\u3010Important Notice\u3011:<\/strong>\u00a0Como este producto es un art\u00edculo privado, elegir la talla correcta es de suma importancia. Si tiene alg\u00fan problema, p\u00f3ngase en contacto con nosotros inmediatamente.<\/div>\n<\/li>\n<li><strong>\u00a0 \u3010FAQ\u3011<\/strong><\/li>\n<li><strong>C\u00f3mo limpiar el producto\uff1a<\/strong>Para limpiar este producto de estilo mariquita, enju\u00e1galo primero con agua tibia. Aplica un jab\u00f3n suave y sin perfume, frota suavemente la superficie y aclara bien. D\u00e9jelo secar al aire en un lugar fresco y ventilado. No utilice productos de limpieza agresivos ni agua caliente para evitar da\u00f1os.<\/li>\n<li><strong>C\u00f3mo saber si es apto para principiantes\uff1a.<\/strong>Puede comprobar la suavidad del material, la posibilidad de ajustar el tama\u00f1o y la comodidad de uso. Su dise\u00f1o f\u00e1cil de manejar lo hace m\u00e1s adecuado para principiantes. Seg\u00fan la mayor\u00eda de los comentarios de nuestros clientes, los principiantes pueden usarla bien con un ajuste adecuado.<\/li>\n<\/ul>","protected":false},"excerpt":{"rendered":"<p>Explora esta jaula de castidad de TPE para hombre. C\u00f3moda y duradera. \u00a1Dir\u00edgete a Rupipichastity para comprar ahora!<\/p>","protected":false},"featured_media":3778,"comment_status":"open","ping_status":"closed","template":"","meta":{"_joinchat":[]},"product_brand":[],"product_cat":[35],"product_tag":[],"class_list":{"0":"post-1656","1":"product","2":"type-product","3":"status-publish","4":"has-post-thumbnail","6":"product_cat-sissy-chastity-cage","7":"product_shipping_class-exemption-from-postage","9":"first","10":"instock","11":"sale","12":"shipping-taxable","13":"purchasable","14":"product-type-variable"},"_links":{"self":[{"href":"https:\/\/www.rupipichastity.com\/es\/wp-json\/wp\/v2\/product\/1656","targetHints":{"allow":["GET"]}}],"collection":[{"href":"https:\/\/www.rupipichastity.com\/es\/wp-json\/wp\/v2\/product"}],"about":[{"href":"https:\/\/www.rupipichastity.com\/es\/wp-json\/wp\/v2\/types\/product"}],"replies":[{"embeddable":true,"href":"https:\/\/www.rupipichastity.com\/es\/wp-json\/wp\/v2\/comments?post=1656"}],"wp:featuredmedia":[{"embeddable":true,"href":"https:\/\/www.rupipichastity.com\/es\/wp-json\/wp\/v2\/media\/3778"}],"wp:attachment":[{"href":"https:\/\/www.rupipichastity.com\/es\/wp-json\/wp\/v2\/media?parent=1656"}],"wp:term":[{"taxonomy":"product_brand","embeddable":true,"href":"https:\/\/www.rupipichastity.com\/es\/wp-json\/wp\/v2\/product_brand?post=1656"},{"taxonomy":"product_cat","embeddable":true,"href":"https:\/\/www.rupipichastity.com\/es\/wp-json\/wp\/v2\/product_cat?post=1656"},{"taxonomy":"product_tag","embeddable":true,"href":"https:\/\/www.rupipichastity.com\/es\/wp-json\/wp\/v2\/product_tag?post=1656"}],"curies":[{"name":"wp","href":"https:\/\/api.w.org\/{rel}","templated":true}]}}