{"id":2668,"date":"2026-01-12T06:18:10","date_gmt":"2026-01-12T06:18:10","guid":{"rendered":"https:\/\/www.rupipichastity.com\/?post_type=product&#038;p=2668"},"modified":"2026-03-23T08:42:01","modified_gmt":"2026-03-23T08:42:01","slug":"3d-printed-male-chastity-cage-soft-tpe-material-6-rings-accessories-secure-comfortable-adult-toy-black","status":"publish","type":"product","link":"https:\/\/www.rupipichastity.com\/es\/producto\/3d-printed-male-chastity-cage-soft-tpe-material-6-rings-accessories-secure-comfortable-adult-toy-black","title":{"rendered":"Jaula de Castidad Masculina Impresa en 3D, Material TPE Suave, 6 Anillos y Accesorios, Seguro y C\u00f3modo, Juguete para Adultos (Negro)"},"content":{"rendered":"<ul>\n<li><strong>\u30106 Anillos y Accesorios\u3011\uff1a<\/strong>La jaula de castidad viene con seis anillos de diferentes tama\u00f1os y una correa, adapt\u00e1ndose a personas de todo tipo de cuerpo.Tambi\u00e9n tiene un cierre de lat\u00f3n que es seguro y c\u00f3modo.<\/li>\n<li><strong>\u30103D Jaula de Castidad Masculina Impresa\u3011\uff1a<\/strong>Esta jaula de castidad est\u00e1 impresa en 3D y pulida a mano para garantizar una superficie lisa. Es extremadamente ligera y, cuando la llevas puesta, se siente como una parte natural de ti, lo que facilita el control de tu cuerpo.<\/li>\n<li><strong>\u3010Dise\u00f1o \u00fanico\u3011\uff1a<\/strong>El dise\u00f1o ahuecado permite llevar la jaula durante m\u00e1s tiempo. Tambi\u00e9n viene con una sonda uretral para facilitar la micci\u00f3n y desbloquear m\u00e1s experiencias divertidas. El material TPE de alta calidad es seguro para la piel y f\u00e1cil de limpiar, por lo que es ideal para principiantes.<\/li>\n<li><strong>\u3010Soft TPE Material\u3011\uff1a<\/strong>Esta jaula est\u00e1 fabricada con material TPE de alta calidad. La suave jaula de TPE se mueve con los movimientos del usuario, lo que facilita sus actividades diarias. Reduce eficazmente las molestias en la piel en comparaci\u00f3n con las jaulas duras, al tiempo que permite pasar con seguridad los controles de seguridad y evita situaciones embarazosas.<\/li>\n<li><strong>\u3010Aviso importante\u3011\uff1a<\/strong>Read the size chart carefully before placing your order. Come pick your favorite cage today!<\/li>\n<li><strong>PREGUNTAS FRECUENTES\uff1a<\/strong><\/li>\n<li><strong>C\u00f3mo funcionan las jaulas de castidad:<\/strong>Las jaulas de castidad restringen f\u00edsicamente las erecciones al encerrar los genitales masculinos. Fijadas con un candado, impiden la actividad sexual, mientras que su dise\u00f1o ergon\u00f3mico garantiza la comodidad para el uso diario.<\/li>\n<li><strong>\u00bfPor qu\u00e9 elegir la castidad de RUPIPI?<\/strong><br \/>\n\u2705 El mejor cintur\u00f3n de castidad, seguro y duradero, adecuado para el uso a largo plazo.<br \/>\n\u2705 Seis anillos de ajuste, que permiten ajustar al m\u00e1ximo el apriete.<br \/>\n\u2705 Ligero y transpirable, f\u00e1cil de llevar.<br \/>\n\u2705 Env\u00edo secreto, protegiendo totalmente su privacidad.<br \/>\nExperimente la m\u00e1xima comodidad y control proporcionados por la jaula de castidad para hombres de alta gama de RUPIPI Chastity. Ya sea para la exploraci\u00f3n personal, la interacci\u00f3n en la relaci\u00f3n o el entrenamiento BDSM, esta jaula de castidad para el pene est\u00e1 dise\u00f1ada para ofrecer una experiencia de uso segura, c\u00f3moda y privada.<\/li>\n<\/ul>\n<p><strong data-start=\"2101\" data-end=\"2172\"><img fetchpriority=\"high\" decoding=\"async\" class=\"aligncenter\" src=\"https:\/\/cdn.staticsee.com\/uploads\/113863\/cart\/resources\/20250313\/da95a1a51ba4775334188ad9e30cdbba.png\" width=\"673\" height=\"673\" alt=\"\"><br \/>\n<\/strong><\/p>\n<p data-start=\"3377\" data-end=\"3415\">","protected":false},"excerpt":{"rendered":"<p>Explora esta jaula de castidad de TPE para hombre. C\u00f3moda y duradera, \u00a1dir\u00edgete a Rupipichastity para comprarla ahora!<\/p>","protected":false},"featured_media":4131,"comment_status":"open","ping_status":"closed","template":"","meta":{"_joinchat":[]},"product_brand":[],"product_cat":[39],"product_tag":[],"class_list":{"0":"post-2668","1":"product","2":"type-product","3":"status-publish","4":"has-post-thumbnail","6":"product_cat-s13-soft-chastity-cage","7":"product_shipping_class-exemption-from-postage","9":"first","10":"instock","11":"sale","12":"shipping-taxable","13":"purchasable","14":"product-type-variable"},"_links":{"self":[{"href":"https:\/\/www.rupipichastity.com\/es\/wp-json\/wp\/v2\/product\/2668","targetHints":{"allow":["GET"]}}],"collection":[{"href":"https:\/\/www.rupipichastity.com\/es\/wp-json\/wp\/v2\/product"}],"about":[{"href":"https:\/\/www.rupipichastity.com\/es\/wp-json\/wp\/v2\/types\/product"}],"replies":[{"embeddable":true,"href":"https:\/\/www.rupipichastity.com\/es\/wp-json\/wp\/v2\/comments?post=2668"}],"wp:featuredmedia":[{"embeddable":true,"href":"https:\/\/www.rupipichastity.com\/es\/wp-json\/wp\/v2\/media\/4131"}],"wp:attachment":[{"href":"https:\/\/www.rupipichastity.com\/es\/wp-json\/wp\/v2\/media?parent=2668"}],"wp:term":[{"taxonomy":"product_brand","embeddable":true,"href":"https:\/\/www.rupipichastity.com\/es\/wp-json\/wp\/v2\/product_brand?post=2668"},{"taxonomy":"product_cat","embeddable":true,"href":"https:\/\/www.rupipichastity.com\/es\/wp-json\/wp\/v2\/product_cat?post=2668"},{"taxonomy":"product_tag","embeddable":true,"href":"https:\/\/www.rupipichastity.com\/es\/wp-json\/wp\/v2\/product_tag?post=2668"}],"curies":[{"name":"wp","href":"https:\/\/api.w.org\/{rel}","templated":true}]}}