{"id":2963,"date":"2026-01-19T01:52:34","date_gmt":"2026-01-19T01:52:34","guid":{"rendered":"https:\/\/www.rupipichastity.com\/?post_type=product&#038;p=2963"},"modified":"2026-03-23T07:54:37","modified_gmt":"2026-03-23T07:54:37","slug":"rupipi-3d-printed-man-chastity-cage-resin-material-5-rings-accessories-sturdy-comfortableblue","status":"publish","type":"product","link":"https:\/\/www.rupipichastity.com\/es\/producto\/rupipi-3d-printed-man-chastity-cage-resin-material-5-rings-accessories-sturdy-comfortableblue","title":{"rendered":"Rupipi 3D Impreso Hombre Jaula de Castidad, Material de Resina, 5 Anillos y Accesorios, Resistente y C\u00f3modo (Azul)"},"content":{"rendered":"<ul class=\"a-unordered-list a-vertical a-spacing-mini\">\n<li><strong>\u3010dise\u00f1o \u00fanico\u3011\uff1a<\/strong>Este dise\u00f1o \u00fanico hace que la jaula sea segura al tiempo que mantiene una ligera flexibilidad, lo que la hace ideal para que la lleven los principiantes. Y el dise\u00f1o en espiral atrae m\u00e1s f\u00e1cilmente la mirada de tu amo durante el juego de rol, aport\u00e1ndote una sensaci\u00f3n de plenitud.<\/li>\n<li><strong>\u3010tres tipos de sistemas de cierre\u3011\uff1a<\/strong>Viene con un candado de lat\u00f3n, un candado de pl\u00e1stico, un cintur\u00f3n y tres candados desechables para adaptarse a diversas situaciones.El candado de lat\u00f3n est\u00e1 pensado para el uso diario, mientras que el candado de pl\u00e1stico y los candados desechables facilitan pasar los controles de seguridad, viajar, ir a nadar y mucho m\u00e1s.<\/li>\n<li class=\"a-spacing-mini\"><strong>\u30105 Tama\u00f1o Anillos\u3011\uff1a<\/strong>Esta jaula de castidad viene con cinco anillos de diferentes tama\u00f1os, para que le resulte m\u00e1s f\u00e1cil encontrar el ajuste perfecto para usted. Cuando est\u00e1 cerrada, se vuelve a\u00fan m\u00e1s segura, dejando a tu pareja impotente para escapar.<\/li>\n<li class=\"a-spacing-mini\"><strong>\u30103D Jaula de Castidad Masculina Impresa\u3011\uff1a<\/strong>Esta jaula de castidad est\u00e1 hecha con impresi\u00f3n 3D y pulido a mano para garantizar una superficie lisa. La jaula es extremadamente ligera, y se siente como una parte natural de su cuerpo cuando se usa, por lo que es muy adecuado para el uso a largo plazo.<\/li>\n<li><strong>\u3010Patented Plastic Lock\u3011\uff1a<\/strong>Equipado con el \u00fanico cierre de pl\u00e1stico del mercado que proporciona un bloqueo totalmente funcional, puede pasar los controles de seguridad y llevarse en la ducha o mientras se nada.<\/li>\n<li><strong>\u3010Aviso importante\u3011\uff1a<\/strong>Lea atentamente la tabla de tallas antes de realizar el pedido.<\/li>\n<li><strong>PREGUNTAS FRECUENTES:<\/strong><\/li>\n<li><strong>donde comprar jaula de castidad\uff1a<\/strong>S\u00f3lo tiene que elegir la talla y la cantidad, \u00a1y podr\u00e1 hacer su pedido directamente!<\/li>\n<\/ul>","protected":false},"excerpt":{"rendered":"<p>Explora esta jaula de castidad para hombre. C\u00f3moda y duradera. \u00a1Ve a Rupipichastity y c\u00f3mprala ya!<\/p>","protected":false},"featured_media":3077,"comment_status":"open","ping_status":"closed","template":"","meta":{"_joinchat":[]},"product_brand":[],"product_cat":[250],"product_tag":[],"class_list":{"0":"post-2963","1":"product","2":"type-product","3":"status-publish","4":"has-post-thumbnail","6":"product_cat-s6-spiral-chastity-cage","7":"product_shipping_class-exemption-from-postage","9":"first","10":"instock","11":"sale","12":"shipping-taxable","13":"purchasable","14":"product-type-variable"},"_links":{"self":[{"href":"https:\/\/www.rupipichastity.com\/es\/wp-json\/wp\/v2\/product\/2963","targetHints":{"allow":["GET"]}}],"collection":[{"href":"https:\/\/www.rupipichastity.com\/es\/wp-json\/wp\/v2\/product"}],"about":[{"href":"https:\/\/www.rupipichastity.com\/es\/wp-json\/wp\/v2\/types\/product"}],"replies":[{"embeddable":true,"href":"https:\/\/www.rupipichastity.com\/es\/wp-json\/wp\/v2\/comments?post=2963"}],"wp:featuredmedia":[{"embeddable":true,"href":"https:\/\/www.rupipichastity.com\/es\/wp-json\/wp\/v2\/media\/3077"}],"wp:attachment":[{"href":"https:\/\/www.rupipichastity.com\/es\/wp-json\/wp\/v2\/media?parent=2963"}],"wp:term":[{"taxonomy":"product_brand","embeddable":true,"href":"https:\/\/www.rupipichastity.com\/es\/wp-json\/wp\/v2\/product_brand?post=2963"},{"taxonomy":"product_cat","embeddable":true,"href":"https:\/\/www.rupipichastity.com\/es\/wp-json\/wp\/v2\/product_cat?post=2963"},{"taxonomy":"product_tag","embeddable":true,"href":"https:\/\/www.rupipichastity.com\/es\/wp-json\/wp\/v2\/product_tag?post=2963"}],"curies":[{"name":"wp","href":"https:\/\/api.w.org\/{rel}","templated":true}]}}