{"id":4600,"date":"2026-04-10T02:32:49","date_gmt":"2026-04-10T02:32:49","guid":{"rendered":"https:\/\/www.rupipichastity.com\/?post_type=product&#038;p=4600"},"modified":"2026-04-22T06:36:21","modified_gmt":"2026-04-22T06:36:21","slug":"male-chastity-cage-5-rings-accessories-resin-material-secure-comfortable-male-sex-toy-camouflage","status":"publish","type":"product","link":"https:\/\/www.rupipichastity.com\/es\/producto\/male-chastity-cage-5-rings-accessories-resin-material-secure-comfortable-male-sex-toy-camouflage","title":{"rendered":"Jaula de Castidad Masculina, 5 Anillos y Accesorios, Material de Resina, Seguro y C\u00f3modo, Juguete Sexual Masculino (Camuflaje )"},"content":{"rendered":"<ul class=\"a-unordered-list a-vertical a-spacing-mini\">\n<li class=\"a-spacing-mini\"><strong>\u30103D Jaula de Castidad Masculina Impresa\u3011\uff1a<\/strong>Esta jaula de castidad est\u00e1 hecha con impresi\u00f3n 3D y pulido a mano para garantizar una superficie lisa. La jaula es extremadamente ligera, y se siente como una parte natural de su cuerpo cuando se usa, por lo que es muy adecuado para el uso a largo plazo.<\/li>\n<li><strong><span class=\"a-list-item\">\u30105 Tama\u00f1o Anillos\u3011\uff1a<\/span><\/strong>Esta jaula de castidad viene con cinco anillos de diferentes tama\u00f1os y se adapta a todo tipo de cuerpos.<\/li>\n<li><strong><span class=\"a-list-item\">\u3010Three kinds of lock systems\u3011\uff1a<\/span><\/strong>Viene con un candado de lat\u00f3n, un candado de pl\u00e1stico, un cintur\u00f3n y tres candados desechables para adaptarse a diversas situaciones.El candado de lat\u00f3n est\u00e1 pensado para el uso diario, mientras que el candado de pl\u00e1stico y los candados desechables facilitan pasar los controles de seguridad, viajar, ir a nadar y mucho m\u00e1s.<\/li>\n<li><strong>\u3010Seguro y c\u00f3modo\u3011\uff1a<\/strong>This cage is crafted from high-quality materials, making it sturdy and comfortable, perfect for long-term wear. Your cock wants to bust out and play but can\u2019t until your keyholder.<\/li>\n<li class=\"a-spacing-mini\"><span class=\"a-list-item\"><strong>\u3010Patented Plastic Lock\u3011\uff1a<\/strong>Equipado con el \u00fanico cierre de pl\u00e1stico del mercado que proporciona un bloqueo totalmente funcional, puede pasar los controles de seguridad y llevarse en la ducha o mientras se nada.<\/span><\/li>\n<li class=\"a-spacing-mini\"><strong>PREGUNTAS FRECUENTES:<\/strong><\/li>\n<li data-start=\"282\" data-end=\"563\"><strong>C\u00f3mo usar una jaula de castidad:<\/strong>Limpiar y desinfectar antes de usar. Seleccionar accesorios de la talla adecuada. Controle la duraci\u00f3n del uso. Qu\u00edtatelo inmediatamente si te encuentras mal. No lo utilices si tienes inflamaci\u00f3n o heridas en la zona \u00edntima.<\/li>\n<\/ul>","protected":false},"excerpt":{"rendered":"<p>Una jaula de castidad masculina segura y c\u00f3moda: \u00a1te lo mereces!<\/p>","protected":false},"featured_media":4613,"comment_status":"open","ping_status":"closed","template":"","meta":{"_joinchat":[]},"product_brand":[],"product_cat":[42],"product_tag":[],"class_list":{"0":"post-4600","1":"product","2":"type-product","3":"status-publish","4":"has-post-thumbnail","6":"product_cat-s2-chastity-cage","7":"product_shipping_class-exemption-from-postage","9":"first","10":"instock","11":"sale","12":"shipping-taxable","13":"purchasable","14":"product-type-variable"},"_links":{"self":[{"href":"https:\/\/www.rupipichastity.com\/es\/wp-json\/wp\/v2\/product\/4600","targetHints":{"allow":["GET"]}}],"collection":[{"href":"https:\/\/www.rupipichastity.com\/es\/wp-json\/wp\/v2\/product"}],"about":[{"href":"https:\/\/www.rupipichastity.com\/es\/wp-json\/wp\/v2\/types\/product"}],"replies":[{"embeddable":true,"href":"https:\/\/www.rupipichastity.com\/es\/wp-json\/wp\/v2\/comments?post=4600"}],"wp:featuredmedia":[{"embeddable":true,"href":"https:\/\/www.rupipichastity.com\/es\/wp-json\/wp\/v2\/media\/4613"}],"wp:attachment":[{"href":"https:\/\/www.rupipichastity.com\/es\/wp-json\/wp\/v2\/media?parent=4600"}],"wp:term":[{"taxonomy":"product_brand","embeddable":true,"href":"https:\/\/www.rupipichastity.com\/es\/wp-json\/wp\/v2\/product_brand?post=4600"},{"taxonomy":"product_cat","embeddable":true,"href":"https:\/\/www.rupipichastity.com\/es\/wp-json\/wp\/v2\/product_cat?post=4600"},{"taxonomy":"product_tag","embeddable":true,"href":"https:\/\/www.rupipichastity.com\/es\/wp-json\/wp\/v2\/product_tag?post=4600"}],"curies":[{"name":"wp","href":"https:\/\/api.w.org\/{rel}","templated":true}]}}