{"id":1226,"date":"2025-11-12T02:42:03","date_gmt":"2025-11-12T02:42:03","guid":{"rendered":"https:\/\/demo3.361sale.com\/?post_type=product&#038;p=1226"},"modified":"2026-03-24T02:50:27","modified_gmt":"2026-03-24T02:50:27","slug":"3d-printed-resin-male-chastity-cage-6-sizing-rings-adult-toycomfortable-breathable%ef%bc%88transparent%ef%bc%89-2","status":"publish","type":"product","link":"https:\/\/www.rupipichastity.com\/fr\/produit\/3d-printed-resin-male-chastity-cage-6-sizing-rings-adult-toycomfortable-breathable%ef%bc%88transparent%ef%bc%89-2","title":{"rendered":"Cage de chastet\u00e9 masculine en r\u00e9sine imprim\u00e9e en 3D, 6 anneaux de taille, jouet pour adulte, confortable et respirant\uff08transparent\uff09"},"content":{"rendered":"<ul class=\"a-unordered-list a-vertical a-spacing-mini\" style=\"box-sizing: border-box; margin: 0px 0px 0px 18px; color: #0f1111; padding: 0px; font-family: 'Amazon Ember', Arial, sans-serif; font-size: 14px; background-color: #ffffff;\">\n<li><strong>\u3010R\u00e9sine Cage de Chastet\u00e9 Masculine\u3011\uff1a<\/strong>Cette cage de chastet\u00e9 est imprim\u00e9e en 3D avec de la r\u00e9sine, et elle est robuste et durable. Elle est polie \u00e0 la main pour garantir une surface lisse, et la technologie d'impression 3D assure un ajustement parfait. Lorsque vous portez la cage, vous ressentez une certaine contrainte, ce qui vous apporte une satisfaction psychologique.<\/li>\n<li><strong>\u3010Comfortable et respirant\u3011\uff1a<\/strong>Cette cage de chastet\u00e9 est dot\u00e9e d'un trou d\u00e9di\u00e9 \u00e0 l'urination, ce qui permet d'uriner naturellement tout en la portant et d'\u00e9viter d'avoir \u00e0 la retirer fr\u00e9quemment.<\/li>\n<li><strong>\u3010Vari\u00e9t\u00e9 des accessoires\u3011\uff1a<\/strong>Livr\u00e9 avec une serrure en laiton, trois serrures jetables et un cath\u00e9ter, il permet de satisfaire tous les styles de jeu que vous souhaitez.<\/li>\n<li><strong>\u30106 Anneaux de calibrage\u3011\uff1a<\/strong>Cette cage de chastet\u00e9 est livr\u00e9e avec 6 anneaux de tailles diff\u00e9rentes et une ceinture, garantissant un ajustement \u00e0 tous les types de corps.<\/li>\n<li><strong>\u3010Important Notice\u3011\uff1a<\/strong>Lisez attentivement le tableau des tailles avant de passer votre commande.<\/li>\n<li><strong>\u00a0 \u00a0 \u3010FAQ\u3011<\/strong><\/li>\n<li><strong><strong>Comment mettre la ceinture de chastet\u00e9\uff1a<\/strong><\/strong>Apr\u00e8s avoir nettoy\u00e9 la zone priv\u00e9e, choisissez un anneau appropri\u00e9 pour fixer la racine, placez les organes g\u00e9nitaux dans la cage, alignez les boucles pour les verrouiller, et ajustez jusqu'\u00e0 ce que vous soyez \u00e0 l'aise, en \u00e9vitant d'\u00eatre trop serr\u00e9.<\/li>\n<li><strong><strong>Comment nettoyer et entretenir :<\/strong><\/strong>Nettoyer et d\u00e9sinfecter avant et apr\u00e8s le port : laver avec de l'eau chaude et un d\u00e9tergent neutre, d\u00e9sinfecter avec des tampons de coton imbib\u00e9s d'alcool et s\u00e9cher \u00e0 l'air ; \u00e9viter les temp\u00e9ratures \u00e9lev\u00e9es et les objets tranchants, emp\u00eacher les serrures m\u00e9talliques de rouiller, et ranger le tout sous scell\u00e9 lorsqu'il est inutilis\u00e9.<\/li>\n<\/ul>","protected":false},"excerpt":{"rendered":"<p>Obtenez la cage de chastet\u00e9 transparente pour hommes. Comprend 6 anneaux de p\u00e9nis et une serrure s\u00e9curis\u00e9e. Parfaite pour le BDSM et pour une utilisation de longue dur\u00e9e.<\/p>","protected":false},"featured_media":3121,"comment_status":"open","ping_status":"closed","template":"","meta":{"_joinchat":[]},"product_brand":[],"product_cat":[34],"product_tag":[],"class_list":{"0":"post-1226","1":"product","2":"type-product","3":"status-publish","4":"has-post-thumbnail","6":"product_cat-mini-cage","7":"product_shipping_class-exemption-from-postage","9":"first","10":"instock","11":"sale","12":"shipping-taxable","13":"purchasable","14":"product-type-variable"},"_links":{"self":[{"href":"https:\/\/www.rupipichastity.com\/fr\/wp-json\/wp\/v2\/product\/1226","targetHints":{"allow":["GET"]}}],"collection":[{"href":"https:\/\/www.rupipichastity.com\/fr\/wp-json\/wp\/v2\/product"}],"about":[{"href":"https:\/\/www.rupipichastity.com\/fr\/wp-json\/wp\/v2\/types\/product"}],"replies":[{"embeddable":true,"href":"https:\/\/www.rupipichastity.com\/fr\/wp-json\/wp\/v2\/comments?post=1226"}],"wp:featuredmedia":[{"embeddable":true,"href":"https:\/\/www.rupipichastity.com\/fr\/wp-json\/wp\/v2\/media\/3121"}],"wp:attachment":[{"href":"https:\/\/www.rupipichastity.com\/fr\/wp-json\/wp\/v2\/media?parent=1226"}],"wp:term":[{"taxonomy":"product_brand","embeddable":true,"href":"https:\/\/www.rupipichastity.com\/fr\/wp-json\/wp\/v2\/product_brand?post=1226"},{"taxonomy":"product_cat","embeddable":true,"href":"https:\/\/www.rupipichastity.com\/fr\/wp-json\/wp\/v2\/product_cat?post=1226"},{"taxonomy":"product_tag","embeddable":true,"href":"https:\/\/www.rupipichastity.com\/fr\/wp-json\/wp\/v2\/product_tag?post=1226"}],"curies":[{"name":"wp","href":"https:\/\/api.w.org\/{rel}","templated":true}]}}