{"id":1268,"date":"2025-11-12T05:55:13","date_gmt":"2025-11-12T05:55:13","guid":{"rendered":"https:\/\/demo3.361sale.com\/?post_type=product&#038;p=1268"},"modified":"2026-03-23T09:55:09","modified_gmt":"2026-03-23T09:55:09","slug":"3d-printed-resin-male-chastity-cagebreathable-comfortable-6-sizing-rings-adult-toy%ef%bc%88pink-transparent%ef%bc%89","status":"publish","type":"product","link":"https:\/\/www.rupipichastity.com\/fr\/produit\/3d-printed-resin-male-chastity-cagebreathable-comfortable-6-sizing-rings-adult-toy%ef%bc%88pink-transparent%ef%bc%89","title":{"rendered":"Cage de chastet\u00e9 masculine en r\u00e9sine imprim\u00e9e en 3D, respirante et confortable, 6 anneaux de taille, jouet pour adulte\uff08Pink &amp; Transparent\uff09"},"content":{"rendered":"<ul class=\"a-unordered-list a-vertical a-spacing-mini\" style=\"box-sizing: border-box; margin: 0px 0px 0px 18px; color: #0f1111; padding: 0px; font-family: 'Amazon Ember', Arial, sans-serif; font-size: 14px; background-color: #ffffff;\">\n<li><strong>\u3010R\u00e9sine Cage de Chastet\u00e9 Masculine\u3011\uff1a<\/strong>Cette cage de chastet\u00e9 est imprim\u00e9e en 3D avec de la r\u00e9sine, et elle est robuste et durable. Elle est polie \u00e0 la main pour garantir une surface lisse, et la technologie d'impression 3D assure un ajustement parfait. Lorsque vous portez la cage, vous ressentez une certaine contrainte, ce qui vous apporte une satisfaction psychologique.<\/li>\n<li><strong>\u3010Breathable &amp; Comfortable\u3011\uff1a<\/strong>Cette cage de chastet\u00e9 est dot\u00e9e d'un trou d\u00e9di\u00e9 \u00e0 l'urination, ce qui permet d'uriner naturellement tout en la portant et d'\u00e9viter d'avoir \u00e0 la retirer fr\u00e9quemment.<\/li>\n<li><strong>\u3010Vari\u00e9t\u00e9 des accessoires\u3011\uff1a<\/strong>Livr\u00e9 avec une serrure en laiton, trois serrures jetables et un cath\u00e9ter, il permet de satisfaire tous les styles de jeu que vous souhaitez.<\/li>\n<li><strong>\u30106 Anneaux de calibrage\u3011\uff1a<\/strong>La cage de chastet\u00e9 est livr\u00e9e avec six tailles d'anneaux diff\u00e9rentes et une ceinture pour s'adapter \u00e0 un large \u00e9ventail de types de corps.<\/li>\n<li><strong>\u3010Important Notice\u3011\uff1a<\/strong>Lisez attentivement le tableau des tailles avant de passer votre commande.<\/li>\n<li><strong>\u00a0 \u3010FAQ\u3011<\/strong><\/li>\n<li><strong><strong>Une cage de chastet\u00e9 a-t-elle un impact sur la relation avec un partenaire\uff1a ?<\/strong><\/strong>Une cage de chastet\u00e9 peut avoir un impact profond sur une relation. Avec le consentement et la confiance mutuels, elle peut renforcer l'intimit\u00e9, susciter l'anticipation et approfondir la dynamique de l'\u00e9change de pouvoir.<\/li>\n<li><strong><strong>Comment nettoyer et entretenir :<\/strong><\/strong>Avant et apr\u00e8s le port, nettoyez et d\u00e9sinfectez le produit : rincez-le \u00e0 l'eau chaude additionn\u00e9e d'un d\u00e9tergent neutre, d\u00e9sinfectez-le \u00e0 l'aide de tampons d'alcool en coton et s\u00e9chez-le soigneusement \u00e0 l'air libre. \u00c9vitez la chaleur \u00e9lev\u00e9e et les objets tranchants pour \u00e9viter la rouille sur les fermetures m\u00e9talliques, et scellez le produit pour le ranger lorsqu'il n'est pas utilis\u00e9.<\/li>\n<li><strong><strong>Comment mettre la ceinture de chastet\u00e9\uff1a<\/strong><\/strong>Commencez par nettoyer la zone g\u00e9nitale. Choisissez un anneau de base de la bonne taille, puis fixez-le autour de la racine. Apr\u00e8s avoir soigneusement guid\u00e9 vos organes g\u00e9nitaux dans la cage, alignez et fixez fermement le syst\u00e8me de verrouillage. Ajustez l'appareillage pour qu'il soit serr\u00e9 mais confortable, afin d'\u00e9viter tout serrage excessif.<\/li>\n<\/ul>","protected":false},"excerpt":{"rendered":"<p>D\u00e9couvrez une cage de chastet\u00e9 rose et transparente pour hommes. Avec 6 anneaux de p\u00e9nis r\u00e9glables pour un contr\u00f4le s\u00fbr. Achetez maintenant chez Rupipichastity pour le confort et la s\u00e9curit\u00e9 !<\/p>","protected":false},"featured_media":3126,"comment_status":"open","ping_status":"closed","template":"","meta":{"_joinchat":[]},"product_brand":[],"product_cat":[34],"product_tag":[],"class_list":{"0":"post-1268","1":"product","2":"type-product","3":"status-publish","4":"has-post-thumbnail","6":"product_cat-mini-cage","7":"product_shipping_class-exemption-from-postage","9":"first","10":"instock","11":"sale","12":"shipping-taxable","13":"purchasable","14":"product-type-variable"},"_links":{"self":[{"href":"https:\/\/www.rupipichastity.com\/fr\/wp-json\/wp\/v2\/product\/1268","targetHints":{"allow":["GET"]}}],"collection":[{"href":"https:\/\/www.rupipichastity.com\/fr\/wp-json\/wp\/v2\/product"}],"about":[{"href":"https:\/\/www.rupipichastity.com\/fr\/wp-json\/wp\/v2\/types\/product"}],"replies":[{"embeddable":true,"href":"https:\/\/www.rupipichastity.com\/fr\/wp-json\/wp\/v2\/comments?post=1268"}],"wp:featuredmedia":[{"embeddable":true,"href":"https:\/\/www.rupipichastity.com\/fr\/wp-json\/wp\/v2\/media\/3126"}],"wp:attachment":[{"href":"https:\/\/www.rupipichastity.com\/fr\/wp-json\/wp\/v2\/media?parent=1268"}],"wp:term":[{"taxonomy":"product_brand","embeddable":true,"href":"https:\/\/www.rupipichastity.com\/fr\/wp-json\/wp\/v2\/product_brand?post=1268"},{"taxonomy":"product_cat","embeddable":true,"href":"https:\/\/www.rupipichastity.com\/fr\/wp-json\/wp\/v2\/product_cat?post=1268"},{"taxonomy":"product_tag","embeddable":true,"href":"https:\/\/www.rupipichastity.com\/fr\/wp-json\/wp\/v2\/product_tag?post=1268"}],"curies":[{"name":"wp","href":"https:\/\/api.w.org\/{rel}","templated":true}]}}