{"id":1443,"date":"2025-11-12T09:00:23","date_gmt":"2025-11-12T09:00:23","guid":{"rendered":"https:\/\/demo3.361sale.com\/?post_type=product&#038;p=1443"},"modified":"2026-03-23T09:27:37","modified_gmt":"2026-03-23T09:27:37","slug":"adult-toy%ef%bc%8c3d-printed-resin-male-chastity-cage-4-sizing-rings-adjustable-strap-comfortable-breathable%ef%bc%88pink%ef%bc%89","status":"publish","type":"product","link":"https:\/\/www.rupipichastity.com\/fr\/produit\/adult-toy%ef%bc%8c3d-printed-resin-male-chastity-cage-4-sizing-rings-adjustable-strap-comfortable-breathable%ef%bc%88pink%ef%bc%89","title":{"rendered":"Jouet adulte\uff0cCage de chastet\u00e9 masculine en r\u00e9sine imprim\u00e9e en 3D, 4 anneaux de taille et sangle ajustable, confortable et respirante\uff08Pink\uff09"},"content":{"rendered":"<ul>\n<li><strong>\u3010R\u00e9sine Cage de Chastet\u00e9 Masculine\u3011\uff1a<\/strong>Cette cage de chastet\u00e9 est imprim\u00e9e en 3D avec de la r\u00e9sine, et elle est robuste et durable. Elle est polie \u00e0 la main pour garantir une surface lisse, et la technologie d'impression 3D assure un ajustement parfait. Lorsque vous portez la cage, vous ressentez une certaine contrainte, ce qui vous apporte une satisfaction psychologique.<\/li>\n<li><strong>\u3010Patented Plastic Lock\u3011\uff1a<\/strong>\u00c9quip\u00e9 de la seule serrure en plastique du march\u00e9 qui offre un verrouillage enti\u00e8rement fonctionnel, il peut passer les contr\u00f4les de s\u00e9curit\u00e9 et \u00eatre port\u00e9 sous la douche ou pendant la baignade.<\/li>\n<li><strong>\u30104 anneaux de calibrage et sangle r\u00e9glable\u3011\uff1a<\/strong>Cette cage de chastet\u00e9 est livr\u00e9e avec 4 anneaux de tailles diff\u00e9rentes et une sangle ajustable, garantissant un ajustement \u00e0 tous les types de corps.<\/li>\n<li><strong>\u3010Comfortable et respirant\u3011\uff1a<\/strong>Cette cage de chastet\u00e9 est dot\u00e9e d'un trou d\u00e9di\u00e9 \u00e0 l'urination, ce qui permet d'uriner naturellement tout en la portant et d'\u00e9viter d'avoir \u00e0 la retirer fr\u00e9quemment.<\/li>\n<li><strong>\u3010Vari\u00e9t\u00e9 des accessoires\u3011\uff1a<\/strong>Livr\u00e9 avec une serrure en laiton, une serrure en plastique, une ceinture, trois serrures jetables et un cath\u00e9ter, pour satisfaire tous les styles de jeu que vous souhaitez.<\/li>\n<li><strong>\u3010Important Notice\u3011\uff1a<\/strong>Lisez attentivement le tableau des tailles avant de passer votre commande.<\/li>\n<li>\u00a0 \u00a0 \u00a0<strong>\u3010FAQ\u3011<\/strong><\/li>\n<li><strong>Quelles sont les diff\u00e9rences dans l'exp\u00e9rience de port des diff\u00e9rents mat\u00e9riaux de cage de chastet\u00e9 :<\/strong>Les mat\u00e9riaux les plus courants sont le TPE, la r\u00e9sine et l'acier inoxydable. Le mat\u00e9riau TPE est doux au toucher, s'adapte parfaitement aux courbes du corps, offre une faible pression et convient \u00e0 la plupart des personnes.<\/li>\n<li><strong>Le fait de le porter la nuit provoque-t-il des \u00e9rections douloureuses ou des probl\u00e8mes de sant\u00e9 ?<\/strong>Les \u00e9rections nocturnes seront limit\u00e9es et comprim\u00e9es par la cage de chastet\u00e9, ce qui provoquera des douleurs et des troubles du sommeil. Un port prolong\u00e9 peut entra\u00eener une mauvaise circulation sanguine, des infections et des l\u00e9sions cutan\u00e9es. L'utilisation pendant la nuit n'est pas recommand\u00e9e. Choisissez un bon ajustement, gardez-le propre, arr\u00eatez de l'utiliser imm\u00e9diatement en cas d'inconfort et consultez un m\u00e9decin si n\u00e9cessaire.<\/li>\n<\/ul>\n<ul class=\"a-unordered-list a-vertical a-spacing-mini\" style=\"box-sizing: border-box; margin: 0px 0px 0px 18px; color: #0f1111; padding: 0px; font-family: 'Amazon Ember', Arial, sans-serif; font-size: 14px; background-color: #ffffff;\">\n<li class=\"a-spacing-mini\" style=\"box-sizing: border-box; list-style: disc; overflow-wrap: break-word; margin: 0px;\"><span class=\"a-list-item\" style=\"box-sizing: border-box;\"><img fetchpriority=\"high\" decoding=\"async\" class=\"alignnone size-medium wp-image-1444\" src=\"https:\/\/demo3.361sale.com\/wp-content\/uploads\/2025\/11\/1-13-300x186.jpg\" alt=\"\" width=\"300\" height=\"186\" srcset=\"https:\/\/www.rupipichastity.com\/wp-content\/uploads\/2025\/11\/1-13-300x186.jpg 300w, https:\/\/www.rupipichastity.com\/wp-content\/uploads\/2025\/11\/1-13-768x475.jpg 768w, https:\/\/www.rupipichastity.com\/wp-content\/uploads\/2025\/11\/1-13-600x371.jpg 600w, https:\/\/www.rupipichastity.com\/wp-content\/uploads\/2025\/11\/1-13.jpg 970w\" sizes=\"(max-width: 300px) 100vw, 300px\" \/><img decoding=\"async\" class=\"alignnone size-medium wp-image-1447\" src=\"https:\/\/demo3.361sale.com\/wp-content\/uploads\/2025\/11\/3-13-300x186.jpg\" alt=\"\" width=\"300\" height=\"186\" srcset=\"https:\/\/www.rupipichastity.com\/wp-content\/uploads\/2025\/11\/3-13-300x186.jpg 300w, https:\/\/www.rupipichastity.com\/wp-content\/uploads\/2025\/11\/3-13-768x475.jpg 768w, https:\/\/www.rupipichastity.com\/wp-content\/uploads\/2025\/11\/3-13-600x371.jpg 600w, https:\/\/www.rupipichastity.com\/wp-content\/uploads\/2025\/11\/3-13.jpg 970w\" sizes=\"(max-width: 300px) 100vw, 300px\" \/><img decoding=\"async\" class=\"alignnone size-medium wp-image-1446\" src=\"https:\/\/demo3.361sale.com\/wp-content\/uploads\/2025\/11\/2-14-300x186.jpg\" alt=\"\" width=\"300\" height=\"186\" srcset=\"https:\/\/www.rupipichastity.com\/wp-content\/uploads\/2025\/11\/2-14-300x186.jpg 300w, https:\/\/www.rupipichastity.com\/wp-content\/uploads\/2025\/11\/2-14-768x475.jpg 768w, https:\/\/www.rupipichastity.com\/wp-content\/uploads\/2025\/11\/2-14-600x371.jpg 600w, https:\/\/www.rupipichastity.com\/wp-content\/uploads\/2025\/11\/2-14.jpg 970w\" sizes=\"(max-width: 300px) 100vw, 300px\" \/><img loading=\"lazy\" decoding=\"async\" class=\"alignnone size-medium wp-image-1445\" src=\"https:\/\/demo3.361sale.com\/wp-content\/uploads\/2025\/11\/4-13-300x186.jpg\" alt=\"\" width=\"300\" height=\"186\" srcset=\"https:\/\/www.rupipichastity.com\/wp-content\/uploads\/2025\/11\/4-13-300x186.jpg 300w, https:\/\/www.rupipichastity.com\/wp-content\/uploads\/2025\/11\/4-13-768x475.jpg 768w, https:\/\/www.rupipichastity.com\/wp-content\/uploads\/2025\/11\/4-13-600x371.jpg 600w, https:\/\/www.rupipichastity.com\/wp-content\/uploads\/2025\/11\/4-13.jpg 970w\" sizes=\"(max-width: 300px) 100vw, 300px\" \/><\/span><\/li>\n<\/ul>","protected":false},"excerpt":{"rendered":"<p>D\u00e9couvrez cette cage de chastet\u00e9 rose pour homme imprim\u00e9e en 3D. Elle est confortable et l\u00e9g\u00e8re, \u00e9quip\u00e9e de boucles r\u00e9glables, et est s\u00fbre et fiable. Rendez-vous sur Rupipichastity pour l'acheter d\u00e8s maintenant !<\/p>","protected":false},"featured_media":3118,"comment_status":"open","ping_status":"closed","template":"","meta":{"_joinchat":[]},"product_brand":[],"product_cat":[34],"product_tag":[],"class_list":{"0":"post-1443","1":"product","2":"type-product","3":"status-publish","4":"has-post-thumbnail","6":"product_cat-mini-cage","7":"product_shipping_class-exemption-from-postage","9":"first","10":"instock","11":"sale","12":"shipping-taxable","13":"purchasable","14":"product-type-variable"},"_links":{"self":[{"href":"https:\/\/www.rupipichastity.com\/fr\/wp-json\/wp\/v2\/product\/1443","targetHints":{"allow":["GET"]}}],"collection":[{"href":"https:\/\/www.rupipichastity.com\/fr\/wp-json\/wp\/v2\/product"}],"about":[{"href":"https:\/\/www.rupipichastity.com\/fr\/wp-json\/wp\/v2\/types\/product"}],"replies":[{"embeddable":true,"href":"https:\/\/www.rupipichastity.com\/fr\/wp-json\/wp\/v2\/comments?post=1443"}],"wp:featuredmedia":[{"embeddable":true,"href":"https:\/\/www.rupipichastity.com\/fr\/wp-json\/wp\/v2\/media\/3118"}],"wp:attachment":[{"href":"https:\/\/www.rupipichastity.com\/fr\/wp-json\/wp\/v2\/media?parent=1443"}],"wp:term":[{"taxonomy":"product_brand","embeddable":true,"href":"https:\/\/www.rupipichastity.com\/fr\/wp-json\/wp\/v2\/product_brand?post=1443"},{"taxonomy":"product_cat","embeddable":true,"href":"https:\/\/www.rupipichastity.com\/fr\/wp-json\/wp\/v2\/product_cat?post=1443"},{"taxonomy":"product_tag","embeddable":true,"href":"https:\/\/www.rupipichastity.com\/fr\/wp-json\/wp\/v2\/product_tag?post=1443"}],"curies":[{"name":"wp","href":"https:\/\/api.w.org\/{rel}","templated":true}]}}