{"id":1471,"date":"2025-11-13T01:51:20","date_gmt":"2025-11-13T01:51:20","guid":{"rendered":"https:\/\/demo3.361sale.com\/?post_type=product&#038;p=1471"},"modified":"2026-03-23T09:17:39","modified_gmt":"2026-03-23T09:17:39","slug":"3d-printed-resin-male-chastity-cage-4-sizing-rings-adjustable-strap-adult-toy%ef%bc%8ccomfortable-breathable%ef%bc%88pink%ef%bc%89","status":"publish","type":"product","link":"https:\/\/www.rupipichastity.com\/fr\/produit\/3d-printed-resin-male-chastity-cage-4-sizing-rings-adjustable-strap-adult-toy%ef%bc%8ccomfortable-breathable%ef%bc%88pink%ef%bc%89","title":{"rendered":"Cage de chastet\u00e9 masculine en r\u00e9sine imprim\u00e9e en 3D, 4 anneaux de taille et sangle ajustable, jouet pour adulte\uff0cComfortable et respirant\uff08Pink\uff09"},"content":{"rendered":"<ul class=\"a-unordered-list a-vertical a-spacing-mini\" style=\"box-sizing: border-box; margin: 0px 0px 0px 18px; color: #0f1111; padding: 0px; font-family: 'Amazon Ember', Arial, sans-serif; font-size: 14px; background-color: #ffffff;\">\n<li><strong>\u3010R\u00e9sine Cage de Chastet\u00e9 Masculine\u3011\uff1a<\/strong>Cette cage de chastet\u00e9 est imprim\u00e9e en 3D avec de la r\u00e9sine, et elle est robuste et durable. Elle est polie \u00e0 la main pour garantir une surface lisse, et la technologie d'impression 3D assure un ajustement parfait. Lorsque vous portez la cage, vous ressentez une certaine contrainte, ce qui vous apporte une satisfaction psychologique.<\/li>\n<li><strong>\u30104 anneaux de calibrage et sangle r\u00e9glable\u3011\uff1a<\/strong>Cette cage de chastet\u00e9 est livr\u00e9e avec 4 anneaux de tailles diff\u00e9rentes et une sangle ajustable, garantissant un ajustement \u00e0 tous les types de corps.<\/li>\n<li><strong>\u3010Comfortable et respirant\u3011\uff1a<\/strong>Cette cage de chastet\u00e9 est dot\u00e9e d'un trou d\u00e9di\u00e9 \u00e0 l'urination, ce qui permet d'uriner naturellement tout en la portant et d'\u00e9viter d'avoir \u00e0 la retirer fr\u00e9quemment.<\/li>\n<li><strong>\u3010Patented Plastic Lock\u3011\uff1a<\/strong>\u00c9quip\u00e9 de la seule serrure en plastique du march\u00e9 qui offre un verrouillage enti\u00e8rement fonctionnel, il peut passer les contr\u00f4les de s\u00e9curit\u00e9 et \u00eatre port\u00e9 sous la douche ou pendant la baignade.<\/li>\n<li><strong>\u3010Vari\u00e9t\u00e9 des accessoires\u3011\uff1a<\/strong>Livr\u00e9 avec une serrure en laiton, une serrure en plastique, une ceinture, trois serrures jetables et un cath\u00e9ter, pour satisfaire tous les styles de jeu que vous souhaitez.<\/li>\n<li><strong>\u3010Important Notice\u3011\uff1a<\/strong>Lisez attentivement le tableau des tailles avant de passer votre commande.<\/li>\n<li><strong>FAQ :<\/strong><\/li>\n<li data-start=\"282\" data-end=\"563\"><strong>Comment utiliser une cage de chastet\u00e9 :<\/strong>Nettoyez et d\u00e9sinfectez les v\u00eatements avant de les porter. Choisir des accessoires \u00e0 la bonne taille. Contr\u00f4lez la dur\u00e9e du port. Retirez-le imm\u00e9diatement si vous ne vous sentez pas bien. Ne l'utilisez pas en cas d'inflammation ou de plaies dans la zone priv\u00e9e.<\/li>\n<li><strong>Comment nettoyer la cage de chastet\u00e9 :<\/strong>Nettoyer les accessoires avec de l'eau chaude et un d\u00e9tergent neutre. Rincer et s\u00e9cher soigneusement. Ne pas utiliser de produits de nettoyage \u00e0 haute temp\u00e9rature ou agressifs pour \u00e9viter d'endommager le produit.<\/li>\n<li class=\"a-spacing-mini\" style=\"box-sizing: border-box; list-style: disc; overflow-wrap: break-word; margin: 0px;\"><img fetchpriority=\"high\" decoding=\"async\" class=\"alignnone size-medium wp-image-1475\" src=\"https:\/\/demo3.361sale.com\/wp-content\/uploads\/2025\/11\/3-19-300x186.jpg\" alt=\"\" width=\"300\" height=\"186\" srcset=\"https:\/\/www.rupipichastity.com\/wp-content\/uploads\/2025\/11\/3-19-300x186.jpg 300w, https:\/\/www.rupipichastity.com\/wp-content\/uploads\/2025\/11\/3-19-768x475.jpg 768w, https:\/\/www.rupipichastity.com\/wp-content\/uploads\/2025\/11\/3-19-600x371.jpg 600w, https:\/\/www.rupipichastity.com\/wp-content\/uploads\/2025\/11\/3-19.jpg 970w\" sizes=\"(max-width: 300px) 100vw, 300px\" \/><img decoding=\"async\" class=\"alignnone size-medium wp-image-1473\" src=\"https:\/\/demo3.361sale.com\/wp-content\/uploads\/2025\/11\/1-19-300x186.jpg\" alt=\"\" width=\"300\" height=\"186\" srcset=\"https:\/\/www.rupipichastity.com\/wp-content\/uploads\/2025\/11\/1-19-300x186.jpg 300w, https:\/\/www.rupipichastity.com\/wp-content\/uploads\/2025\/11\/1-19-768x475.jpg 768w, https:\/\/www.rupipichastity.com\/wp-content\/uploads\/2025\/11\/1-19-600x371.jpg 600w, https:\/\/www.rupipichastity.com\/wp-content\/uploads\/2025\/11\/1-19.jpg 970w\" sizes=\"(max-width: 300px) 100vw, 300px\" \/><img decoding=\"async\" class=\"alignnone size-medium wp-image-1472\" src=\"https:\/\/demo3.361sale.com\/wp-content\/uploads\/2025\/11\/5-14-300x186.jpg\" alt=\"\" width=\"300\" height=\"186\" srcset=\"https:\/\/www.rupipichastity.com\/wp-content\/uploads\/2025\/11\/5-14-300x186.jpg 300w, https:\/\/www.rupipichastity.com\/wp-content\/uploads\/2025\/11\/5-14-768x475.jpg 768w, https:\/\/www.rupipichastity.com\/wp-content\/uploads\/2025\/11\/5-14-600x371.jpg 600w, https:\/\/www.rupipichastity.com\/wp-content\/uploads\/2025\/11\/5-14.jpg 970w\" sizes=\"(max-width: 300px) 100vw, 300px\" \/><img loading=\"lazy\" decoding=\"async\" class=\"alignnone size-medium wp-image-1476\" src=\"https:\/\/demo3.361sale.com\/wp-content\/uploads\/2025\/11\/4-19-300x186.jpg\" alt=\"\" width=\"300\" height=\"186\" srcset=\"https:\/\/www.rupipichastity.com\/wp-content\/uploads\/2025\/11\/4-19-300x186.jpg 300w, https:\/\/www.rupipichastity.com\/wp-content\/uploads\/2025\/11\/4-19-768x475.jpg 768w, https:\/\/www.rupipichastity.com\/wp-content\/uploads\/2025\/11\/4-19-600x371.jpg 600w, https:\/\/www.rupipichastity.com\/wp-content\/uploads\/2025\/11\/4-19.jpg 970w\" sizes=\"(max-width: 300px) 100vw, 300px\" \/><img loading=\"lazy\" decoding=\"async\" class=\"alignnone size-medium wp-image-1474\" src=\"https:\/\/demo3.361sale.com\/wp-content\/uploads\/2025\/11\/2-20-300x186.jpg\" alt=\"\" width=\"300\" height=\"186\" srcset=\"https:\/\/www.rupipichastity.com\/wp-content\/uploads\/2025\/11\/2-20-300x186.jpg 300w, https:\/\/www.rupipichastity.com\/wp-content\/uploads\/2025\/11\/2-20-768x475.jpg 768w, https:\/\/www.rupipichastity.com\/wp-content\/uploads\/2025\/11\/2-20-600x371.jpg 600w, https:\/\/www.rupipichastity.com\/wp-content\/uploads\/2025\/11\/2-20.jpg 970w\" sizes=\"(max-width: 300px) 100vw, 300px\" \/><\/li>\n<\/ul>","protected":false},"excerpt":{"rendered":"<p>Cette cage de chastet\u00e9 rose imprim\u00e9e en 3D pour les hommes est \u00e9quip\u00e9e d'une serrure en plastique et d'un anneau r\u00e9glable, garantissant confort et s\u00e9curit\u00e9 pour un port \u00e0 long terme. Visitez Rupipichastity pour l'acheter maintenant !<\/p>","protected":false},"featured_media":3114,"comment_status":"open","ping_status":"closed","template":"","meta":{"_joinchat":[]},"product_brand":[],"product_cat":[34],"product_tag":[],"class_list":{"0":"post-1471","1":"product","2":"type-product","3":"status-publish","4":"has-post-thumbnail","6":"product_cat-mini-cage","7":"product_shipping_class-exemption-from-postage","9":"first","10":"instock","11":"sale","12":"shipping-taxable","13":"purchasable","14":"product-type-variable"},"_links":{"self":[{"href":"https:\/\/www.rupipichastity.com\/fr\/wp-json\/wp\/v2\/product\/1471","targetHints":{"allow":["GET"]}}],"collection":[{"href":"https:\/\/www.rupipichastity.com\/fr\/wp-json\/wp\/v2\/product"}],"about":[{"href":"https:\/\/www.rupipichastity.com\/fr\/wp-json\/wp\/v2\/types\/product"}],"replies":[{"embeddable":true,"href":"https:\/\/www.rupipichastity.com\/fr\/wp-json\/wp\/v2\/comments?post=1471"}],"wp:featuredmedia":[{"embeddable":true,"href":"https:\/\/www.rupipichastity.com\/fr\/wp-json\/wp\/v2\/media\/3114"}],"wp:attachment":[{"href":"https:\/\/www.rupipichastity.com\/fr\/wp-json\/wp\/v2\/media?parent=1471"}],"wp:term":[{"taxonomy":"product_brand","embeddable":true,"href":"https:\/\/www.rupipichastity.com\/fr\/wp-json\/wp\/v2\/product_brand?post=1471"},{"taxonomy":"product_cat","embeddable":true,"href":"https:\/\/www.rupipichastity.com\/fr\/wp-json\/wp\/v2\/product_cat?post=1471"},{"taxonomy":"product_tag","embeddable":true,"href":"https:\/\/www.rupipichastity.com\/fr\/wp-json\/wp\/v2\/product_tag?post=1471"}],"curies":[{"name":"wp","href":"https:\/\/api.w.org\/{rel}","templated":true}]}}