{"id":1656,"date":"2025-11-13T05:39:21","date_gmt":"2025-11-13T05:39:21","guid":{"rendered":"https:\/\/demo3.361sale.com\/?post_type=product&#038;p=1656"},"modified":"2026-03-23T03:36:33","modified_gmt":"2026-03-23T03:36:33","slug":"3d-printed-male-chastity-cage-soft-tpe-material6-ring-sizes-accessory-sissy-style-slave-restraint-tools%ef%bc%88blue%ef%bc%89","status":"publish","type":"product","link":"https:\/\/www.rupipichastity.com\/fr\/produit\/3d-printed-male-chastity-cage-soft-tpe-material6-ring-sizes-accessory-sissy-style-slave-restraint-tools%ef%bc%88blue%ef%bc%89","title":{"rendered":"Cage de chastet\u00e9 masculine imprim\u00e9e en 3D, mat\u00e9riau TPE souple, 6 tailles d'anneaux et accessoires, style Sissy, outils de contrainte pour esclaves\uff08Blue\uff09"},"content":{"rendered":"<ul class=\"a-unordered-list a-vertical a-spacing-mini\" style=\"box-sizing: border-box; margin: 0px 0px 0px 18px; color: #0f1111; padding: 0px; font-family: 'Amazon Ember', Arial, sans-serif; font-size: 14px; background-color: #ffffff;\">\n<li><strong>\u3010Cage de chastet\u00e9 masculine imprim\u00e9e en 3D\u3011\uff1a<\/strong>Cette cage de chastet\u00e9 est fabriqu\u00e9e gr\u00e2ce \u00e0 la technologie d'impression 3D et s'ajuste parfaitement. Apr\u00e8s polissage \u00e0 la main, sa surface est lisse, ce qui am\u00e9liore le confort de port.<\/li>\n<li><strong>\u30106 Tailles de bague&amp; Accessoire\u3011\uff1a<\/strong>La cage de chastet\u00e9 Rupipi est livr\u00e9e avec 6 anneaux de tailles diff\u00e9rentes, un cadenas en laiton, un cadenas en plastique, une ceinture et trois cadenas jetables pour r\u00e9pondre \u00e0 diff\u00e9rents besoins.<\/li>\n<li><strong>\u3010Soft TPE Material\u3011\uff1a<\/strong>Cette cage de chastet\u00e9 est fabriqu\u00e9e en TPE de haute qualit\u00e9, ce qui la rend douce et l\u00e9g\u00e8re. Vous ne ressentirez aucune g\u00eane, m\u00eame si vous la portez pendant une longue p\u00e9riode. Lorsque vous sortez en la portant avec des v\u00eatements f\u00e9minins, vous sentez qu'elle est int\u00e9gr\u00e9e \u00e0 votre corps, ce qui vous rend enthousiaste.<\/li>\n<li class=\"a-spacing-mini\" style=\"box-sizing: border-box; list-style: disc; overflow-wrap: break-word; margin: 0px;\"><strong>\u3010Sissy Style\u3011\uff1a<\/strong>Cette cage de chastet\u00e9 pr\u00e9sente un style sissy \u00e9l\u00e9gant et constitue un choix id\u00e9al pour vos sc\u00e8nes de jeu de r\u00f4le. Sa conception ergonomique garantit un ajustement parfait. Elle combine parfaitement l'\u00e9l\u00e9gance et le confort, \u00e9levant ainsi votre exp\u00e9rience intime.<\/li>\n<li><strong>\u3010Patented Plastic Lock\u3011\uff1a<\/strong>\u00c9quip\u00e9 de la seule serrure en plastique du march\u00e9 qui offre un verrouillage enti\u00e8rement fonctionnel, il peut passer les contr\u00f4les de s\u00e9curit\u00e9 et \u00eatre port\u00e9 sous la douche ou pendant la baignade.<\/li>\n<li class=\"a-spacing-mini\" style=\"box-sizing: border-box; list-style: disc; overflow-wrap: break-word; margin: 0px;\">\n<div><strong>\u3010Important Notice\u3011 :<\/strong>\u00a0Ce produit \u00e9tant un article priv\u00e9, le choix de la bonne taille est de la plus haute importance. En cas de probl\u00e8me, veuillez nous contacter imm\u00e9diatement !<\/div>\n<\/li>\n<li><strong>\u00a0 \u3010FAQ\u3011<\/strong><\/li>\n<li><strong>Comment nettoyer le produit\uff1a<\/strong>Pour nettoyer ce produit de style sissy, il faut d'abord le rincer \u00e0 l'eau ti\u00e8de. Appliquez un savon doux sans parfum, frottez d\u00e9licatement la surface, puis rincez abondamment. Faites-le s\u00e9cher \u00e0 l'air libre dans un endroit frais et ventil\u00e9. N'utilisez pas de nettoyants agressifs ou d'eau chaude pour \u00e9viter de l'endommager.<\/li>\n<li><strong>Comment savoir si ce produit convient aux d\u00e9butants\uff1a ?<\/strong>Vous pouvez v\u00e9rifier la souplesse du mat\u00e9riau, la possibilit\u00e9 d'ajuster la taille et le confort de port. La conception facile \u00e0 utiliser le rend plus convivial pour les d\u00e9butants. D'apr\u00e8s la plupart des commentaires de nos clients, les d\u00e9butants peuvent l'utiliser sans probl\u00e8me s'il est bien ajust\u00e9.<\/li>\n<\/ul>","protected":false},"excerpt":{"rendered":"<p>D\u00e9couvrez la cage de chastet\u00e9 TPE de cet homme. Confortable et durable. Achetez-la d\u00e8s maintenant sur Rupipichastity !<\/p>","protected":false},"featured_media":3778,"comment_status":"open","ping_status":"closed","template":"","meta":{"_joinchat":[]},"product_brand":[],"product_cat":[35],"product_tag":[],"class_list":{"0":"post-1656","1":"product","2":"type-product","3":"status-publish","4":"has-post-thumbnail","6":"product_cat-sissy-chastity-cage","7":"product_shipping_class-exemption-from-postage","9":"first","10":"instock","11":"sale","12":"shipping-taxable","13":"purchasable","14":"product-type-variable"},"_links":{"self":[{"href":"https:\/\/www.rupipichastity.com\/fr\/wp-json\/wp\/v2\/product\/1656","targetHints":{"allow":["GET"]}}],"collection":[{"href":"https:\/\/www.rupipichastity.com\/fr\/wp-json\/wp\/v2\/product"}],"about":[{"href":"https:\/\/www.rupipichastity.com\/fr\/wp-json\/wp\/v2\/types\/product"}],"replies":[{"embeddable":true,"href":"https:\/\/www.rupipichastity.com\/fr\/wp-json\/wp\/v2\/comments?post=1656"}],"wp:featuredmedia":[{"embeddable":true,"href":"https:\/\/www.rupipichastity.com\/fr\/wp-json\/wp\/v2\/media\/3778"}],"wp:attachment":[{"href":"https:\/\/www.rupipichastity.com\/fr\/wp-json\/wp\/v2\/media?parent=1656"}],"wp:term":[{"taxonomy":"product_brand","embeddable":true,"href":"https:\/\/www.rupipichastity.com\/fr\/wp-json\/wp\/v2\/product_brand?post=1656"},{"taxonomy":"product_cat","embeddable":true,"href":"https:\/\/www.rupipichastity.com\/fr\/wp-json\/wp\/v2\/product_cat?post=1656"},{"taxonomy":"product_tag","embeddable":true,"href":"https:\/\/www.rupipichastity.com\/fr\/wp-json\/wp\/v2\/product_tag?post=1656"}],"curies":[{"name":"wp","href":"https:\/\/api.w.org\/{rel}","templated":true}]}}