{"id":2675,"date":"2026-01-12T06:38:18","date_gmt":"2026-01-12T06:38:18","guid":{"rendered":"https:\/\/www.rupipichastity.com\/?post_type=product&#038;p=2675"},"modified":"2026-04-09T05:34:30","modified_gmt":"2026-04-09T05:34:30","slug":"male-chastity-cage3d-printed-soft-tpe6-rings-accessoriesrestraint-gearblack","status":"publish","type":"product","link":"https:\/\/www.rupipichastity.com\/fr\/produit\/male-chastity-cage3d-printed-soft-tpe6-rings-accessoriesrestraint-gearblack","title":{"rendered":"Cage de chastet\u00e9 masculine, TPE souple imprim\u00e9 en 3D, 6 anneaux et accessoires, \u00e9quipement de contention (noir)"},"content":{"rendered":"<ul class=\"a-unordered-list a-vertical a-spacing-mini\" style=\"box-sizing: border-box; margin: 0px 0px 0px 18px; color: #0f1111; padding: 0px; font-family: 'Amazon Ember', Arial, sans-serif; font-size: 14px; background-color: #ffffff;\">\n<li><strong>\u30103D Technologie d'impression\u3011\uff1a<\/strong>Cette cage de chastet\u00e9 est fabriqu\u00e9e par impression 3D et polie \u00e0 la main pour garantir une surface lisse. La cage est extr\u00eamement l\u00e9g\u00e8re et donne l'impression de faire naturellement partie de votre corps lorsqu'elle est port\u00e9e, ce qui la rend tout \u00e0 fait adapt\u00e9e \u00e0 un port \u00e0 long terme.<\/li>\n<li><strong>\u30106 tailles Anneaux\u3011\uff1a<\/strong>Chacun a sa propre conception du confort. Cette cage de chastet\u00e9 est livr\u00e9e avec six anneaux de tailles diff\u00e9rentes et une ceinture, afin que vous puissiez choisir en fonction de vos pr\u00e9f\u00e9rences.<\/li>\n<li class=\"a-spacing-mini\" style=\"box-sizing: border-box; list-style: disc; overflow-wrap: break-word; margin: 0px;\"><strong>\u3010Soft TPE Material\u3011\uff1a<\/strong>Cette cage est fabriqu\u00e9e en TPE de haute qualit\u00e9. La cage en TPE souple bouge avec les mouvements du porteur, ce qui facilite ses activit\u00e9s quotidiennes. Elle r\u00e9duit efficacement l'inconfort cutan\u00e9 par rapport aux cages rigides, tout en permettant de passer les contr\u00f4les de s\u00e9curit\u00e9 en toute s\u00e9curit\u00e9 et en \u00e9vitant la g\u00eane.<\/li>\n<li><strong>\u3010Ergonomique\u3011\uff1a<\/strong>Apr\u00e8s des ann\u00e9es d'am\u00e9lioration continue, notre cage de chastet\u00e9 s'adapte parfaitement \u00e0 vos courbes. Le mat\u00e9riau TPE souple n'\u00e9gratigne pas la peau et assure un port confortable.<\/li>\n<li><strong>\u3010Important Notice\u3011\uff1a<\/strong>Lisez attentivement le tableau des tailles avant de passer votre commande. Venez choisir votre cage pr\u00e9f\u00e9r\u00e9e d\u00e8s aujourd'hui !<\/li>\n<li><strong>FAQ\uff1a<\/strong><\/li>\n<li><strong>Comment fonctionnent les cages de chastet\u00e9 ?<\/strong>Les cages de chastet\u00e9 limitent physiquement les \u00e9rections en enfermant les organes g\u00e9nitaux masculins. Fix\u00e9es \u00e0 l'aide d'une serrure, elles emp\u00eachent toute activit\u00e9 sexuelle, tandis que leur conception ergonomique garantit un confort d'utilisation au quotidien.<\/li>\n<\/ul>","protected":false},"excerpt":{"rendered":"<p>D\u00e9couvrez cette cage de chastet\u00e9 TPE pour homme. Confortable, durable... Rendez-vous sur Rupipichastity pour l'acheter d\u00e8s maintenant !<\/p>","protected":false},"featured_media":4055,"comment_status":"open","ping_status":"closed","template":"","meta":{"_joinchat":[]},"product_brand":[],"product_cat":[41],"product_tag":[],"class_list":{"0":"post-2675","1":"product","2":"type-product","3":"status-publish","4":"has-post-thumbnail","6":"product_cat-s12-soft-chastity-cage","7":"product_shipping_class-exemption-from-postage","9":"first","10":"instock","11":"sale","12":"shipping-taxable","13":"purchasable","14":"product-type-variable"},"_links":{"self":[{"href":"https:\/\/www.rupipichastity.com\/fr\/wp-json\/wp\/v2\/product\/2675","targetHints":{"allow":["GET"]}}],"collection":[{"href":"https:\/\/www.rupipichastity.com\/fr\/wp-json\/wp\/v2\/product"}],"about":[{"href":"https:\/\/www.rupipichastity.com\/fr\/wp-json\/wp\/v2\/types\/product"}],"replies":[{"embeddable":true,"href":"https:\/\/www.rupipichastity.com\/fr\/wp-json\/wp\/v2\/comments?post=2675"}],"wp:featuredmedia":[{"embeddable":true,"href":"https:\/\/www.rupipichastity.com\/fr\/wp-json\/wp\/v2\/media\/4055"}],"wp:attachment":[{"href":"https:\/\/www.rupipichastity.com\/fr\/wp-json\/wp\/v2\/media?parent=2675"}],"wp:term":[{"taxonomy":"product_brand","embeddable":true,"href":"https:\/\/www.rupipichastity.com\/fr\/wp-json\/wp\/v2\/product_brand?post=2675"},{"taxonomy":"product_cat","embeddable":true,"href":"https:\/\/www.rupipichastity.com\/fr\/wp-json\/wp\/v2\/product_cat?post=2675"},{"taxonomy":"product_tag","embeddable":true,"href":"https:\/\/www.rupipichastity.com\/fr\/wp-json\/wp\/v2\/product_tag?post=2675"}],"curies":[{"name":"wp","href":"https:\/\/api.w.org\/{rel}","templated":true}]}}