{"id":2704,"date":"2026-01-12T08:15:47","date_gmt":"2026-01-12T08:15:47","guid":{"rendered":"https:\/\/www.rupipichastity.com\/?post_type=product&#038;p=2704"},"modified":"2026-03-23T03:23:57","modified_gmt":"2026-03-23T03:23:57","slug":"soft-tpe-male-chastity-cage-3d-printed-technology-cock-cage-6-sizing-rings-accessories-%ef%bc%88transparency","status":"publish","type":"product","link":"https:\/\/www.rupipichastity.com\/fr\/produit\/soft-tpe-male-chastity-cage-3d-printed-technology-cock-cage-6-sizing-rings-accessories-%ef%bc%88transparency","title":{"rendered":"Cage de chastet\u00e9 masculine en TPE souple, technologie imprim\u00e9e en 3D, cage \u00e0 bite, 6 anneaux de taille et accessoires, \uff08Transparence)"},"content":{"rendered":"<ul class=\"a-unordered-list a-vertical a-spacing-mini\" style=\"box-sizing: border-box; margin: 0px 0px 0px 18px; color: #0f1111; padding: 0px; font-family: 'Amazon Ember', Arial, sans-serif; font-size: 14px; background-color: #ffffff;\">\n<li class=\"a-spacing-mini\" style=\"box-sizing: border-box; list-style: disc; overflow-wrap: break-word; margin: 0px;\"><strong>\u3010Soft TPE Male Chastity Cage\u3011\uff1a<\/strong>Cette cage de chastet\u00e9 est fabriqu\u00e9e en TPE de haute qualit\u00e9, ce qui la rend douce et l\u00e9g\u00e8re. Vous ne ressentirez aucune g\u00eane, m\u00eame si vous la portez pendant une longue p\u00e9riode. Lorsque vous sortez en la portant avec des v\u00eatements f\u00e9minins, vous aurez l'impression qu'elle est int\u00e9gr\u00e9e \u00e0 votre corps, ce qui vous excitera intens\u00e9ment.<\/li>\n<li><strong>\u30106 Anneaux de calibrage et accessoires\u3011\uff1a<\/strong>Chacun a sa propre id\u00e9e du confort.Notre cage de chastet\u00e9 est livr\u00e9e avec six tailles d'anneaux diff\u00e9rentes, afin que vous puissiez la porter comme bon vous semble.Elle est \u00e9galement livr\u00e9e avec une ceinture et un cadenas en laiton pour garantir la loyaut\u00e9 de votre partenaire.<\/li>\n<li><strong>\u3010Hollow design\u3011\uff1a<\/strong>Cette cage pr\u00e9sente un design \u00e9vid\u00e9 qui favorise une excellente circulation de l'air, garantissant un port confortable \u00e0 long terme. En outre, un trou d'urination \u00e0 l'extr\u00e9mit\u00e9 permet d'uriner normalement, m\u00eame lorsque le chien est enferm\u00e9.<\/li>\n<li class=\"a-spacing-mini\" style=\"box-sizing: border-box; list-style: disc; overflow-wrap: break-word; margin: 0px;\"><strong>\u30103D Technologie d'impression\u3011\uff1a<\/strong>Cette cage de chastet\u00e9 est fabriqu\u00e9e gr\u00e2ce \u00e0 la technologie d'impression 3D et s'ajuste parfaitement. Apr\u00e8s polissage \u00e0 la main, sa surface est lisse, ce qui am\u00e9liore le confort de port.<\/li>\n<li class=\"a-spacing-mini\" style=\"box-sizing: border-box; list-style: disc; overflow-wrap: break-word; margin: 0px;\"><strong>\u3010Sissy Style Cock Cage\u3011\uff1a<\/strong>Cette cage de chastet\u00e9 a l'apparence des organes g\u00e9nitaux f\u00e9minins. Qu'il s'agisse d'un jeu de r\u00f4le ou d'un plaisir personnel, elle procure une satisfaction intense.<\/li>\n<li><strong>\u00a0 \u00a0\u3010FAQ\u3011<\/strong><\/li>\n<li><strong>Comment nettoyer le produit\uff1a<\/strong>Pour nettoyer ce dispositif de chastet\u00e9, commencez par le rincer \u00e0 l'eau ti\u00e8de. Faites mousser avec un savon doux et non parfum\u00e9, frottez l\u00e9g\u00e8rement la surface, puis rincez-la compl\u00e8tement. Laissez-le s\u00e9cher \u00e0 l'air libre dans un endroit frais et bien ventil\u00e9. \u00c9vitez les nettoyants abrasifs et l'eau chaude pour ne pas endommager le mat\u00e9riau.<\/li>\n<\/ul>","protected":false},"excerpt":{"rendered":"<p>D\u00e9couvrez la cage de chastet\u00e9 TPE de cet homme. Confortable et durable, elle peut \u00eatre achet\u00e9e d\u00e8s maintenant sur Rupipichastity !<\/p>","protected":false},"featured_media":3834,"comment_status":"open","ping_status":"closed","template":"","meta":{"_joinchat":[]},"product_brand":[],"product_cat":[35],"product_tag":[],"class_list":{"0":"post-2704","1":"product","2":"type-product","3":"status-publish","4":"has-post-thumbnail","6":"product_cat-sissy-chastity-cage","7":"product_shipping_class-exemption-from-postage","9":"first","10":"instock","11":"sale","12":"shipping-taxable","13":"purchasable","14":"product-type-variable"},"_links":{"self":[{"href":"https:\/\/www.rupipichastity.com\/fr\/wp-json\/wp\/v2\/product\/2704","targetHints":{"allow":["GET"]}}],"collection":[{"href":"https:\/\/www.rupipichastity.com\/fr\/wp-json\/wp\/v2\/product"}],"about":[{"href":"https:\/\/www.rupipichastity.com\/fr\/wp-json\/wp\/v2\/types\/product"}],"replies":[{"embeddable":true,"href":"https:\/\/www.rupipichastity.com\/fr\/wp-json\/wp\/v2\/comments?post=2704"}],"wp:featuredmedia":[{"embeddable":true,"href":"https:\/\/www.rupipichastity.com\/fr\/wp-json\/wp\/v2\/media\/3834"}],"wp:attachment":[{"href":"https:\/\/www.rupipichastity.com\/fr\/wp-json\/wp\/v2\/media?parent=2704"}],"wp:term":[{"taxonomy":"product_brand","embeddable":true,"href":"https:\/\/www.rupipichastity.com\/fr\/wp-json\/wp\/v2\/product_brand?post=2704"},{"taxonomy":"product_cat","embeddable":true,"href":"https:\/\/www.rupipichastity.com\/fr\/wp-json\/wp\/v2\/product_cat?post=2704"},{"taxonomy":"product_tag","embeddable":true,"href":"https:\/\/www.rupipichastity.com\/fr\/wp-json\/wp\/v2\/product_tag?post=2704"}],"curies":[{"name":"wp","href":"https:\/\/api.w.org\/{rel}","templated":true}]}}