{"id":4479,"date":"2026-03-27T08:44:18","date_gmt":"2026-03-27T08:44:18","guid":{"rendered":"https:\/\/www.rupipichastity.com\/?post_type=product&#038;p=4479"},"modified":"2026-03-27T10:09:01","modified_gmt":"2026-03-27T10:09:01","slug":"male-chastity-cage-4-rings-and-accessories-massage-chastity-cage-resin-material-bdsm-accessories-blue","status":"publish","type":"product","link":"https:\/\/www.rupipichastity.com\/fr\/produit\/male-chastity-cage-4-rings-and-accessories-massage-chastity-cage-resin-material-bdsm-accessories-blue","title":{"rendered":"Cage de chastet\u00e9 masculine, 4 anneaux et accessoires, cage de chastet\u00e9 pour massage, r\u00e9sine, accessoires BDSM (bleu)"},"content":{"rendered":"<ul>\n<li><strong>[Massage Chastity Cage]:<\/strong>This product comes with rubber plugs. The blunt-ended rubber plug gives you a &#8220;comfortable&#8221; massage experience, while the spiked rubber plug brings intense stimulation to your naughty partner. Heaven or hell, it depends on which one you use.<\/li>\n<li><strong>[3D Printed Male Chastity Cage]:<\/strong>This chastity cage is made with 3D printing and hand polishing to ensure a smooth surface.The cage is extremely lightweight, and it feels like a natural part of your body when worn, making it highly suitable for long-term wear.<\/li>\n<li><strong>[4\u00a0Size Rings]:<\/strong>This chastity cage comes with four\u00a0different sized rings.It suits people of all body types.<\/li>\n<li><strong>[Three Kinds of Lock Systems]:<\/strong>Comes with a brass lock, a plastic lock, a belt\u00a0and three disposable locks to adapt to various situations.The brass lock is intended for daily use, while the plastic lock and disposable locks make it easy to pass security checks, travel, go swimming and more.<\/li>\n<li><strong>[Patented Plastic Lock]:<\/strong>Equipped with the only plastic lock on the market that provides fully functional locking, it can pass through security checks and be worn in the shower or while swimming.<\/li>\n<li><strong>[Important Notice]:<\/strong>We default to sending black rubber plugs. If you want pink ones, please contact us. Please read the size chart carefully before placing your order.<\/li>\n<\/ul>\n","protected":false},"excerpt":{"rendered":"<p>Cage de chastet\u00e9 de massage avec bouchons en caoutchouc. Si vous souhaitez une exp\u00e9rience plus intense, ce produit est sans aucun doute votre meilleur choix !<\/p>","protected":false},"featured_media":4539,"comment_status":"open","ping_status":"closed","template":"","meta":{"_joinchat":[]},"product_brand":[],"product_cat":[322],"product_tag":[],"class_list":{"0":"post-4479","1":"product","2":"type-product","3":"status-publish","4":"has-post-thumbnail","6":"product_cat-s5-chastity-cage","7":"product_shipping_class-exemption-from-postage","9":"first","10":"instock","11":"sale","12":"shipping-taxable","13":"purchasable","14":"product-type-variable"},"_links":{"self":[{"href":"https:\/\/www.rupipichastity.com\/fr\/wp-json\/wp\/v2\/product\/4479","targetHints":{"allow":["GET"]}}],"collection":[{"href":"https:\/\/www.rupipichastity.com\/fr\/wp-json\/wp\/v2\/product"}],"about":[{"href":"https:\/\/www.rupipichastity.com\/fr\/wp-json\/wp\/v2\/types\/product"}],"replies":[{"embeddable":true,"href":"https:\/\/www.rupipichastity.com\/fr\/wp-json\/wp\/v2\/comments?post=4479"}],"wp:featuredmedia":[{"embeddable":true,"href":"https:\/\/www.rupipichastity.com\/fr\/wp-json\/wp\/v2\/media\/4539"}],"wp:attachment":[{"href":"https:\/\/www.rupipichastity.com\/fr\/wp-json\/wp\/v2\/media?parent=4479"}],"wp:term":[{"taxonomy":"product_brand","embeddable":true,"href":"https:\/\/www.rupipichastity.com\/fr\/wp-json\/wp\/v2\/product_brand?post=4479"},{"taxonomy":"product_cat","embeddable":true,"href":"https:\/\/www.rupipichastity.com\/fr\/wp-json\/wp\/v2\/product_cat?post=4479"},{"taxonomy":"product_tag","embeddable":true,"href":"https:\/\/www.rupipichastity.com\/fr\/wp-json\/wp\/v2\/product_tag?post=4479"}],"curies":[{"name":"wp","href":"https:\/\/api.w.org\/{rel}","templated":true}]}}