{"id":4567,"date":"2026-04-01T03:36:18","date_gmt":"2026-04-01T03:36:18","guid":{"rendered":"https:\/\/www.rupipichastity.com\/?post_type=product&#038;p=4567"},"modified":"2026-04-01T05:05:09","modified_gmt":"2026-04-01T05:05:09","slug":"3d-printed-male-penis-cageresin-5-rings-accessories-adult-toy-golden","status":"publish","type":"product","link":"https:\/\/www.rupipichastity.com\/fr\/produit\/3d-printed-male-penis-cageresin-5-rings-accessories-adult-toy-golden","title":{"rendered":"Cage \u00e0 p\u00e9nis masculine imprim\u00e9e en 3D, r\u00e9sine, 5 anneaux et accessoires, jouet pour adulte (dor\u00e9)"},"content":{"rendered":"<ul class=\"a-unordered-list a-vertical a-spacing-mini\">\n<li><strong>\u30103D Cage \u00e0 bite masculine imprim\u00e9e\u3011\uff1a<\/strong>Cette cage de chastet\u00e9 est fabriqu\u00e9e par impression 3D et polissage \u00e0 la main pour garantir une surface lisse, offrant un ajustement et un confort parfaits, immobilisant votre partenaire en toute s\u00e9curit\u00e9.<\/li>\n<li><strong>\u3010trois types de syst\u00e8mes de fermeture\u3011\uff1a<\/strong>Comprend un cadenas en laiton, un cadenas en plastique, trois cadenas jetables et une ceinture pour r\u00e9pondre \u00e0 diff\u00e9rents besoins. L'antivol en laiton est id\u00e9al pour une utilisation quotidienne, tandis que les antivols en plastique et jetables sont pratiques pour passer la s\u00e9curit\u00e9 dans les a\u00e9roports.Le vol pour le plaisir de la soumission et de la chastet\u00e9 est en train de partir, est-ce que vous venez\uff1f ?<\/li>\n<li><strong>\u30105 Bagues de taille\u3011\uff1a<\/strong>Cette cage de chastet\u00e9 est livr\u00e9e avec cinq anneaux de tailles diff\u00e9rentes et convient \u00e0 toutes les morphologies.<\/li>\n<li><strong>\u3010Patented Plastic Lock\u3011 :<\/strong>\u00c9quip\u00e9 de la seule serrure en plastique du march\u00e9 qui offre un verrouillage enti\u00e8rement fonctionnel, il peut passer les contr\u00f4les de s\u00e9curit\u00e9 et \u00eatre port\u00e9 sous la douche ou pendant la baignade.<\/li>\n<li><strong>\u3010Honeycomb Design\u3011\uff1a<\/strong>Cette cage de chastet\u00e9 pr\u00e9sente un design en nid d'abeille qui offre une excellente respirabilit\u00e9 et int\u00e8gre un design ergonomique pour une meilleure adaptation \u00e0 votre p\u00e9nis.<\/li>\n<li><strong>FAQ :<\/strong><\/li>\n<li><strong>Comment nettoyer cette cage\uff1a<\/strong>En raison de sa conception en nid d'abeille, cette cage doit \u00eatre nettoy\u00e9e avec pr\u00e9caution. Utilisez un produit de nettoyage doux et laissez-la s\u00e9cher \u00e0 l'air libre apr\u00e8s l'avoir lav\u00e9e.<\/li>\n<\/ul>","protected":false},"excerpt":{"rendered":"<p>Confortable et s\u00fbr gr\u00e2ce aux anneaux r\u00e9glables - Parfait pour les jeux BDSM, le contr\u00f4le de la virginit\u00e9 et le port \u00e0 long terme.<\/p>","protected":false},"featured_media":4570,"comment_status":"open","ping_status":"closed","template":"","meta":{"_joinchat":[]},"product_brand":[],"product_cat":[37],"product_tag":[],"class_list":{"0":"post-4567","1":"product","2":"type-product","3":"status-publish","4":"has-post-thumbnail","6":"product_cat-s4-chastity-cage","7":"product_shipping_class-exemption-from-postage","9":"first","10":"instock","11":"sale","12":"shipping-taxable","13":"purchasable","14":"product-type-variable"},"_links":{"self":[{"href":"https:\/\/www.rupipichastity.com\/fr\/wp-json\/wp\/v2\/product\/4567","targetHints":{"allow":["GET"]}}],"collection":[{"href":"https:\/\/www.rupipichastity.com\/fr\/wp-json\/wp\/v2\/product"}],"about":[{"href":"https:\/\/www.rupipichastity.com\/fr\/wp-json\/wp\/v2\/types\/product"}],"replies":[{"embeddable":true,"href":"https:\/\/www.rupipichastity.com\/fr\/wp-json\/wp\/v2\/comments?post=4567"}],"wp:featuredmedia":[{"embeddable":true,"href":"https:\/\/www.rupipichastity.com\/fr\/wp-json\/wp\/v2\/media\/4570"}],"wp:attachment":[{"href":"https:\/\/www.rupipichastity.com\/fr\/wp-json\/wp\/v2\/media?parent=4567"}],"wp:term":[{"taxonomy":"product_brand","embeddable":true,"href":"https:\/\/www.rupipichastity.com\/fr\/wp-json\/wp\/v2\/product_brand?post=4567"},{"taxonomy":"product_cat","embeddable":true,"href":"https:\/\/www.rupipichastity.com\/fr\/wp-json\/wp\/v2\/product_cat?post=4567"},{"taxonomy":"product_tag","embeddable":true,"href":"https:\/\/www.rupipichastity.com\/fr\/wp-json\/wp\/v2\/product_tag?post=4567"}],"curies":[{"name":"wp","href":"https:\/\/api.w.org\/{rel}","templated":true}]}}